{"id":4185,"date":"2025-12-29T09:35:19","date_gmt":"2025-12-29T08:35:19","guid":{"rendered":"https:\/\/www.la-campiere.com\/activites-a-faire-saint-georges-d-oleron\/"},"modified":"2026-02-13T17:09:05","modified_gmt":"2026-02-13T16:09:05","slug":"aktivitaeten-saint-georges-d-oleron","status":"publish","type":"page","link":"https:\/\/www.la-campiere.com\/de\/aktivitaeten-saint-georges-d-oleron\/","title":{"rendered":"Zu tun"},"content":{"rendered":"\n<section class=\"wp-block-group home-seventh-bis is-layout-flow wp-block-group-is-layout-flow\" style=\"padding-right:var(--wp--preset--spacing--50);padding-left:var(--wp--preset--spacing--50)\">\n<div class=\"wp-block-columns are-vertically-aligned-center is-layout-flex wp-container-core-columns-is-layout-050be28c wp-block-columns-is-layout-flex\" style=\"padding-top:var(--wp--preset--spacing--40);padding-bottom:7rem\">\n<div class=\"wp-block-column is-vertically-aligned-center is-layout-flow wp-block-column-is-layout-flow\">\n<div class=\"wp-block-group titre-decoratif has-custom-orange-color has-text-color has-link-color wp-elements-6474ff2eb833125b7872f6f79364f211 is-vertical is-content-justification-left is-nowrap is-layout-flex wp-container-core-group-is-layout-332c27bf wp-block-group-is-layout-flex\" style=\"border-left-color:var(--wp--preset--color--custom-four);border-left-width:1px;padding-right:0;padding-left:var(--wp--preset--spacing--10)\">\n<h1 class=\"wp-block-heading has-text-align-left\"><strong>Top-Aktivit\u00e4ten<\/strong> in Saint-Georges-d&#8217;Ol\u00e9ron<\/h1>\n<\/div>\n\n\n\n<div class=\"wp-block-group texte is-layout-flow wp-block-group-is-layout-flow\" style=\"padding-left:var(--wp--preset--spacing--20)\">\n<p>Ihr <a href=\"https:\/\/www.la-campiere.com\/de\/\" data-type=\"page\" data-id=\"33\">Campingplatz La Campi\u00e8re in Saint-Georges-d&#8217;Ol\u00e9ron<\/a> liegt ideal am Anfang der <strong>Radwege<\/strong> und <strong>Sommer-Shuttlebusse<\/strong> und macht es Ihnen leicht, zu Ihren Lieblingsaktivit\u00e4ten auf der \u00cele d&#8217;Ol\u00e9ron zu gelangen. Die gro\u00dfen Naturgebiete in der Umgebung bieten einen idealen Rahmen f\u00fcr <strong>Outdoor-Aktivit\u00e4ten <\/strong>mit der Familie, aber auch auf unserer Insel gibt es viele Aktivit\u00e4ten und Orte, die Gro\u00df und Klein begeistern werden. <\/p>\n<\/div>\n<\/div>\n\n\n\n<div class=\"wp-block-column is-vertically-aligned-center is-layout-flow wp-block-column-is-layout-flow\">\n<figure class=\"wp-block-image size-large has-custom-border\"><img decoding=\"async\" width=\"721\" height=\"1024\" src=\"https:\/\/www.la-campiere.com\/wp-content\/uploads\/2026\/01\/camping-la-campiere-proche-des-pistes-cyclables-721x1024.jpg\" alt=\"camping-la-campiere-nahe an den Radwegen\" class=\"wp-image-3228\" style=\"border-top-left-radius:45px;border-top-right-radius:45px;border-bottom-left-radius:45px;border-bottom-right-radius:45px;aspect-ratio:1;object-fit:cover\" srcset=\"https:\/\/www.la-campiere.com\/wp-content\/uploads\/2026\/01\/camping-la-campiere-proche-des-pistes-cyclables-721x1024.jpg 721w, https:\/\/www.la-campiere.com\/wp-content\/uploads\/2026\/01\/camping-la-campiere-proche-des-pistes-cyclables-211x300.jpg 211w, https:\/\/www.la-campiere.com\/wp-content\/uploads\/2026\/01\/camping-la-campiere-proche-des-pistes-cyclables-768x1090.jpg 768w, https:\/\/www.la-campiere.com\/wp-content\/uploads\/2026\/01\/camping-la-campiere-proche-des-pistes-cyclables-1082x1536.jpg 1082w, https:\/\/www.la-campiere.com\/wp-content\/uploads\/2026\/01\/camping-la-campiere-proche-des-pistes-cyclables.jpg 1409w\" sizes=\"(max-width: 721px) 100vw, 721px\" \/><\/figure>\n<\/div>\n<\/div>\n<\/section>\n\n<section class=\"wp-block-group alignfull home-third page-two is-layout-flow wp-block-group-is-layout-flow\" style=\"padding-bottom:7rem\">\n<div class=\"wp-block-group is-layout-flow wp-block-group-is-layout-flow\">\n<div class=\"wp-block-cover is-light has-custom-content-position is-position-bottom-left\" style=\"border-bottom-left-radius:45px;border-bottom-right-radius:45px;min-height:90vh;aspect-ratio:unset;\"><img decoding=\"async\" width=\"2000\" height=\"1333\" class=\"wp-block-cover__image-background wp-image-3225 size-large\" alt=\"camping-la-campiere-proche-du-moulin-de-la-bree\" srcset=\"https:\/\/www.la-campiere.com\/wp-content\/uploads\/2026\/01\/camping-la-campiere-proche-du-moulin-de-la-bree.jpg 2000w\" sizes=\"100vw\" src=\"https:\/\/www.la-campiere.com\/wp-content\/uploads\/2026\/01\/camping-la-campiere-proche-du-moulin-de-la-bree.jpg\" data-object-fit=\"cover\"\/><span aria-hidden=\"true\" class=\"wp-block-cover__background has-contrast-background-color has-background-dim-20 has-background-dim\"><\/span><div class=\"wp-block-cover__inner-container is-layout-flow wp-block-cover-is-layout-flow\">\n<p class=\"has-text-align-center has-large-font-size\"><\/p>\n<\/div><\/div>\n<\/div>\n\n\n\n<div class=\"wp-block-group is-layout-flow wp-block-group-is-layout-flow\" style=\"padding-top:3rem\">\n<h2 class=\"wp-block-heading has-text-align-center\">Aktivit\u00e4ten <strong>f\u00fcr Ihre Kinder<\/strong><\/h2>\n\n\n\n<div class=\"wp-block-columns are-vertically-aligned-top content is-layout-flex wp-container-core-columns-is-layout-6a5a5078 wp-block-columns-is-layout-flex\" style=\"padding-right:15rem;padding-left:15rem\">\n<div class=\"wp-block-column is-vertically-aligned-top first is-layout-flow wp-block-column-is-layout-flow\">\n<p class=\"has-text-align-center\">Die \u00cele d&#8217;Ol\u00e9ron ist sicherlich eines der Familienurlaubsziele, das die meisten Aktivit\u00e4ten f\u00fcr kleine Kinder anbietet. Zwischen <strong>Land<\/strong> und <strong>Meer<\/strong> bietet unser Gebiet zahlreiche <strong>p\u00e4dagogische Workshops<\/strong> an, die die <strong>Kreativit\u00e4t<\/strong> <a href=\"https:\/\/www.la-campiere.com\/de\/tourismus-saint-georges-d-oleron-oleron-insel\/\" data-type=\"page\" data-id=\"2311\">der Kleinen f\u00f6rdern und gleichzeitig das kulturelle Erbe der \u00cele d&#8217;Ol\u00e9ron<\/a> entdecken lassen. Die Themen sind vielf\u00e4ltig und reichen von der <strong>Moulin de la Br\u00e9e<\/strong> \u00fcber das <strong>Bauernhaus<\/strong> bis hin zum <strong>Vogelsumpf<\/strong> und vielen anderen. Viele andere Familienaktivit\u00e4ten werden auf der \u00cele d&#8217;Ol\u00e9ron in der Saison angeboten. Die <strong>Fremdenverkehrsb\u00fcros <\/strong>in der N\u00e4he des Campingplatzes La Campi\u00e8re helfen Ihnen gerne bei der Suche nach Ihren Vorlieben und Interessen.      <\/p>\n\n\n\n<p>Eine Fahrradtour mit den Kindern vom Campingplatz aus f\u00fchrt Sie zum <strong>Freizeitpark Pr\u00e9s Valet<\/strong>. Dies ist der ideale Ort f\u00fcr j\u00fcngere Kinder, die gerne im Freien aktiv sind. Eine <strong>Skatebahn<\/strong>, ein <strong>City<\/strong> <strong>Park<\/strong>, <strong>aufblasbare<\/strong> <strong>Spiele<\/strong> und sogar ein <strong>Mini-Hafen<\/strong> mit Elektrobooten sind ein Freizeitangebot, das alle Kinder begeistern wird.    <\/p>\n\n\n\n<p class=\"has-text-align-center\">Dieses <strong>14 Hektar gro\u00dfe Naturgebiet<\/strong> ist ein idealer Ort f\u00fcr Familien und l\u00e4dt mit seinem Wasser und dem Picknickplatz zum Entspannen ein.  <\/p>\n<\/div>\n<\/div>\n<\/div>\n<\/section>\n\n<section class=\"wp-block-group home-seventh is-layout-flow wp-block-group-is-layout-flow\" style=\"padding-right:var(--wp--preset--spacing--50);padding-left:var(--wp--preset--spacing--50)\">\n<div class=\"wp-block-columns is-layout-flex wp-container-core-columns-is-layout-649c0f26 wp-block-columns-is-layout-flex\" style=\"padding-top:var(--wp--preset--spacing--40);padding-bottom:var(--wp--preset--spacing--40)\">\n<div class=\"wp-block-column is-layout-flow wp-block-column-is-layout-flow\">\n<figure class=\"wp-block-image size-large has-custom-border\"><img decoding=\"async\" width=\"1024\" height=\"682\" src=\"https:\/\/www.la-campiere.com\/wp-content\/uploads\/2026\/01\/camping-la-campiere-proche-du-petit-train-de-saint-trojan-1024x682.jpg\" alt=\"camping-la-campiere-nahe am kleinen Zug von Saint Trojan\" class=\"wp-image-3215\" style=\"border-top-left-radius:45px;border-top-right-radius:45px;border-bottom-left-radius:45px;border-bottom-right-radius:45px\" srcset=\"https:\/\/www.la-campiere.com\/wp-content\/uploads\/2026\/01\/camping-la-campiere-proche-du-petit-train-de-saint-trojan-1024x682.jpg 1024w, https:\/\/www.la-campiere.com\/wp-content\/uploads\/2026\/01\/camping-la-campiere-proche-du-petit-train-de-saint-trojan-300x200.jpg 300w, https:\/\/www.la-campiere.com\/wp-content\/uploads\/2026\/01\/camping-la-campiere-proche-du-petit-train-de-saint-trojan-768x512.jpg 768w, https:\/\/www.la-campiere.com\/wp-content\/uploads\/2026\/01\/camping-la-campiere-proche-du-petit-train-de-saint-trojan-1536x1024.jpg 1536w, https:\/\/www.la-campiere.com\/wp-content\/uploads\/2026\/01\/camping-la-campiere-proche-du-petit-train-de-saint-trojan.jpg 2000w\" sizes=\"(max-width: 1024px) 100vw, 1024px\" \/><\/figure>\n<\/div>\n\n\n\n<div class=\"wp-block-column is-layout-flow wp-block-column-is-layout-flow\">\n<div class=\"wp-block-group titre-decoratif has-custom-orange-color has-text-color has-link-color wp-elements-39e6eee7f48e6c7f2602435f00cbc8e5 is-vertical is-content-justification-left is-nowrap is-layout-flex wp-container-core-group-is-layout-332c27bf wp-block-group-is-layout-flex\" style=\"border-left-color:var(--wp--preset--color--custom-four);border-left-width:1px;padding-right:0;padding-left:var(--wp--preset--spacing--10)\">\n<h2 class=\"wp-block-heading has-text-align-left\"><strong>Familienfreundliche Aktivit\u00e4ten<\/strong> auf der \u00cele d&#8217;Ol\u00e9ron<\/h2>\n<\/div>\n\n\n\n<div class=\"wp-block-group texte is-layout-flow wp-block-group-is-layout-flow\" style=\"padding-left:var(--wp--preset--spacing--20)\">    <div id=\"gt-fse-lire-plus-6a03227c482b1\" class=\"gt-fse-lire-plus\" data-min-height=\"130\" style=\"background-color: #fff;\">\n        <input id=\"gt-fse-lire-plus-6a03227c482b1-toggle\" type=\"checkbox\" class=\"gt-fse-lire-plus__toggle\" \/>\n        <label for=\"gt-fse-lire-plus-6a03227c482b1-toggle\" class=\"gt-fse-lire-plus__toggle-label\">\n            <span>Lesen Sie mehr<\/span>\n            <span>Lire moins<\/span>\n        <\/label>\n        <div class=\"gt-fse-lire-plus__content\" style=\"height: 130px;\">\n            \n\n<p>Ein Familienurlaub am Meer ist eine Gelegenheit, <strong>einzigartige<\/strong> <strong>Momente<\/strong> mit den Kindern zu teilen und <strong>unvergessliche<\/strong> <strong>Erinnerungen<\/strong> zu schaffen.<\/p>\n\n\n\n<p>Neben den vielen Aktivit\u00e4ten, die die K\u00fcste f\u00fcr die ganze Familie bereith\u00e4lt, ist die Fahrt mit dem <strong>kleinen Zug von Saint-Trojan<\/strong> sicherlich eine der Aktivit\u00e4ten, die am l\u00e4ngsten in Erinnerung bleibt. Dieser <strong>symboltr\u00e4chtige Zug<\/strong> f\u00e4hrt vom Bahnhof Saint-Trojan zu den Str\u00e4nden von Gatseau und Maumusson an der <strong>wilden K\u00fcste <\/strong>und durchquert dabei <strong>sechs Kilometer Pinienw\u00e4lder<\/strong>.   <\/p>\n\n\n\n<p>Ebenfalls im S\u00fcden der Insel k\u00f6nnen die Spieler unter Ihnen auf dem <strong>Hochseilgarten<\/strong> <strong>Ti&#8217;parc <\/strong>in der Gemeinde Ch\u00e2teau d&#8217;Ol\u00e9ron wetteifern.  <\/p>\n\n\n\n<p>In unmittelbarer N\u00e4he des Campingplatzes La Campi\u00e8re, in der Gemeinde Saint-Georges-d&#8217;Ol\u00e9ron, k\u00f6nnen die Kleinen <strong>die Esel von Ol\u00e9ron<\/strong> kennen lernen. Dieser <strong>p\u00e4dagogische Bauernhof <\/strong>ist der ideale Ort, um einen einzigartigen Moment mit der Familie bei gemeinsamen Aktivit\u00e4ten zu verbringen.   <\/p>\n\n\n\n<p>Am Abend werden in den verschiedenen D\u00f6rfern der \u00cele d&#8217;Ol\u00e9ron <strong>zahlreiche Nachtm\u00e4rkte<\/strong> organisiert, die ein breites Publikum ansprechen. Der Jahrmarkt <strong>in Saint-Pierre-d&#8217;Ol\u00e9ron <\/strong>ist ein Muss, um den ganzen Sommer \u00fcber mit der Familie Spa\u00df zu haben. Der <strong>Wasserpark Il\u00e9o<\/strong> empf\u00e4ngt Sie in seinen familienfreundlichen Bereichen mit <strong>Rutschen<\/strong>, Bojenfluss, Splashpad und anderen Becken. Die Gr\u00f6\u00dferen genie\u00dfen das Solarium und den Entspannungsbereich (Hammam, Sauna, Spa&#8230;).   <\/p>\n\n            <div class=\"gt-fse-lire-plus__gradient\" style=\"background: linear-gradient(to bottom,rgba(255,255,255,0) 0%,rgba(255,255,255,1) 100%);\"><\/div>\n        <\/div>\n    <\/div>\n    <\/div>\n<\/div>\n<\/div>\n<\/section>\n\n<section class=\"wp-block-group home-fourth page-three has-custom-two-background-color has-background is-layout-flow wp-block-group-is-layout-flow\" style=\"border-bottom-left-radius:45px;border-bottom-right-radius:45px;padding-right:4.69rem;padding-left:4.69rem\">\n<div class=\"wp-block-group fond has-custom-vert-background-color has-background is-layout-flow wp-block-group-is-layout-flow\" style=\"border-radius:15px;padding-top:7rem;padding-right:4.69rem;padding-bottom:7rem;padding-left:4.69rem\">\n<div class=\"wp-block-group has-base-2-color has-text-color has-link-color wp-elements-1a5a1aac84b90e9c37d0180d70e8bbfa is-layout-flow wp-block-group-is-layout-flow\" style=\"padding-right:7rem;padding-left:7rem\">\n<h2 class=\"wp-block-heading has-text-align-center has-base-2-color has-text-color has-link-color wp-elements-46788a506607c20868e080b046ee3b2b\"><strong>Sportliche<\/strong> Aktivit\u00e4ten<\/h2>\n\n\n\n<p class=\"has-text-align-center has-base-2-color has-text-color has-link-color wp-elements-690c1aa38c24301a6ad9e2fa81cd91ad\">Wenn Sie auf dem Campingplatz La Campi\u00e8re wohnen, sind Sie ideal gelegen, um den <strong>wildesten<\/strong> Teil der Insel zu erkunden, wo Sie leicht Zugang zu einer Vielzahl von <strong>Sportaktivit\u00e4ten<\/strong> haben, sei es zu <strong>Land<\/strong> oder zu <strong>Wasser<\/strong>. <\/p>\n\n\n\n<p class=\"has-text-align-center\">Vom Campingplatz aus k\u00f6nnen Sie die vielen <strong>Wanderwege<\/strong> und <strong>Mountainbike-Strecken<\/strong> nutzen, insbesondere die neue 105 km lange Strecke des <strong>Chemin d&#8217;Ol\u00e9ron<\/strong> rund um die Ile d&#8217;Ol\u00e9ron. Sie k\u00f6nnen auch einen Ausritt <strong>durch die S\u00fcmpfe <\/strong>oder zu den <strong>Str\u00e4nden<\/strong> von Saint-Georges-d&#8217;Ol\u00e9ron unternehmen.   <\/p>\n\n\n\n<p class=\"has-text-align-center\">Radfahrer k\u00f6nnen die sch\u00f6ne Gemeinde Saint-Georges-d&#8217;Ol\u00e9ron auf den <strong>160 km langen Radwegen ab dem Campingplatz erkunden<\/strong>.<\/p>\n\n\n\n<p class=\"has-text-align-center has-base-2-color has-text-color has-link-color wp-elements-7c9324dd7b7d147033801f227d43afa8\"><strong>Wassersportler<\/strong> entscheiden sich f\u00fcr einen Aufenthalt auf dem Campingplatz La Campi\u00e8re, da er <strong>direkten Zugang zu den sch\u00f6nsten Surf- <\/strong>und <strong>Foilspots <\/strong>der Insel Ol\u00e9ron mit ihren drei Surfschulen bietet. Um das <strong>Segeln<\/strong> zu entdecken oder zu perfektionieren, besuchen Sie den Hafen von Saint-Denis-d&#8217;Ol\u00e9ron, 6 km vom Campingplatz entfernt, der mit dem Fahrrad \u00fcber die Radwege erreichbar ist. <strong>Paddeln<\/strong> oder <strong>Kanu<\/strong> fahren auf den <strong>Kan\u00e4len<\/strong> von Saint-Georges-d&#8217;Ol\u00e9ron garantiert Ihnen eine totale <strong>Flucht aus<\/strong> dem Alltag, w\u00e4hrend Sie die <strong>wilde<\/strong> <strong>Flora<\/strong> und <strong>Fauna<\/strong> der \u00cele d&#8217;Ol\u00e9ron <strong>beobachten<\/strong> k\u00f6nnen. Abenteurer und Liebhaber des Meeresbodens k\u00f6nnen sich dem Schnorcheln widmen oder die Begleitung der <strong>Tauchschule von Chaucre &#8222;Les joyeux corsaires&#8220; in <\/strong>Anspruch nehmen, um den Unterwasserreichtum unserer K\u00fcste zu bewundern.   <\/p>\n\n\n\n<div style=\"height:2rem\" aria-hidden=\"true\" class=\"wp-block-spacer gt-hide-mobile\"><\/div>\n<\/div>\n\n\n\n<div class=\"wp-block-cover is-light has-custom-content-position is-position-bottom-left\" style=\"border-top-left-radius:45px;border-top-right-radius:45px;border-bottom-left-radius:45px;border-bottom-right-radius:45px;padding-right:0px;padding-left:0px;min-height:75vh;aspect-ratio:unset;\"><img decoding=\"async\" width=\"2000\" height=\"1333\" class=\"wp-block-cover__image-background wp-image-3232 size-full\" alt=\"camping-la-campiere-proche-des-balades-de-randonnees\" srcset=\"https:\/\/www.la-campiere.com\/wp-content\/uploads\/2026\/01\/camping-la-campiere-proche-des-balades-de-randonnees.jpg 2000w\" sizes=\"100vw\" src=\"https:\/\/www.la-campiere.com\/wp-content\/uploads\/2026\/01\/camping-la-campiere-proche-des-balades-de-randonnees.jpg\" data-object-fit=\"cover\"\/><span aria-hidden=\"true\" class=\"wp-block-cover__background has-background-dim-0 has-background-dim\" style=\"background-color:#a99789\"><\/span><div class=\"wp-block-cover__inner-container is-layout-flow wp-block-cover-is-layout-flow\">\n<p class=\"has-text-align-center has-large-font-size\"><\/p>\n<\/div><\/div>\n<\/div>\n<\/section>\n\n<div class=\"wp-block-group page-seven is-layout-flow wp-block-group-is-layout-flow\" style=\"padding-top:4rem;padding-bottom:10rem\">\n<div class=\"wp-block-columns are-vertically-aligned-center is-layout-flex wp-container-core-columns-is-layout-28f84493 wp-block-columns-is-layout-flex\">\n<div class=\"wp-block-column is-vertically-aligned-center is-layout-flow wp-block-column-is-layout-flow\" style=\"flex-basis:40%\"><\/div>\n\n\n\n<div class=\"wp-block-column is-vertically-aligned-center is-layout-flow wp-block-column-is-layout-flow\" style=\"flex-basis:60%\">\n<div class=\"wp-block-group titre-decoratif has-custom-orange-color has-text-color has-link-color has-league-spartan-font-family wp-elements-89b29a1590030a1e4dd5737f7e0d3751 is-vertical is-content-justification-left is-nowrap is-layout-flex wp-container-core-group-is-layout-332c27bf wp-block-group-is-layout-flex\" style=\"border-left-color:var(--wp--preset--color--custom-four);border-left-width:1px;padding-right:0;padding-left:var(--wp--preset--spacing--10);font-size:clamp(24.034px, 1.502rem + ((1vw - 3.2px) * 1.663), 40px);line-height:1\">\n<p class=\"has-text-align-left\" style=\"text-transform:uppercase\">Entdecken Sie<em>auch<\/em><br\/><em><\/em><\/p>\n<\/div>\n<\/div>\n<\/div>\n\n\n\n<div data-wp-context=\"{}\" data-wp-interactive=\"core\/query\" data-wp-key=\"0\" data-wp-router-region=\"query-0\" class=\"wp-block-query alignwide gt-fse-maillage-query has-global-padding is-layout-constrained wp-container-core-query-is-layout-1e86373d wp-block-query-is-layout-constrained\"><ul style=\"border-top-left-radius:45px;border-top-right-radius:45px;border-bottom-left-radius:45px;border-bottom-right-radius:45px;\" class=\"columns-3 wp-block-post-template is-layout-grid wp-container-core-post-template-is-layout-6d3fbd8f wp-block-post-template-is-layout-grid\"><li data-wp-key=\"post-template-item-4258\" class=\"wp-block-post post-4258 page type-page status-publish has-post-thumbnail hentry\">\n\n<figure class=\"wp-block-image size-full has-custom-border\"><img decoding=\"async\" src=\"https:\/\/www.la-campiere.com\/wp-content\/uploads\/2026\/01\/camping-la-campiere-emplacements-arbores.jpg\" alt=\"camping-la-campiere-spielfelder-arbores\" class=\"wp-image-1030\" style=\"border-top-left-radius:45px;border-top-right-radius:45px;border-bottom-left-radius:45px;border-bottom-right-radius:45px;aspect-ratio:1;object-fit:cover\"\/><\/figure>\n\n\n\n<div class=\"wp-block-group maillage__title has-base-2-color has-text-color has-link-color has-montserrat-font-family wp-elements-2fb333a41145f9664e40150f58ac8e69 is-content-justification-space-between is-nowrap is-layout-flex wp-container-core-group-is-layout-c52eadd5 wp-block-group-is-layout-flex\" style=\"margin-top:-8rem;padding-right:2rem;padding-bottom:2rem;padding-left:2rem;font-size:clamp(0.912rem, 0.912rem + ((1vw - 0.2rem) * 0.763), 1.37rem);font-style:normal;font-weight:700;line-height:1;text-transform:uppercase\">\n<p class=\"has-base-color has-text-color has-link-color wp-elements-540a599245d35c3ea90b390e74367648\">Unsere Standorte<\/p>\n<\/div>\n\n\n<a style=\"border-radius:10px;\" class=\"is-style-lien-cover wp-block-read-more\" href=\"https:\/\/www.la-campiere.com\/de\/stellplatz-vermietung-saint-georges-d-oleron\/\" target=\"_self\">Weiterlesen<span class=\"screen-reader-text\">: Unsere Standorte<\/span><\/a>\n<\/li><li data-wp-key=\"post-template-item-4291\" class=\"wp-block-post post-4291 page type-page status-publish has-post-thumbnail hentry\">\n\n<figure class=\"wp-block-image size-full has-custom-border\"><img decoding=\"async\" src=\"https:\/\/www.la-campiere.com\/wp-content\/uploads\/2025\/12\/camping-la-campiere-location-velos.jpg\" alt=\"camping-la-campiere-vermietung-velos\" class=\"wp-image-1030\" style=\"border-top-left-radius:45px;border-top-right-radius:45px;border-bottom-left-radius:45px;border-bottom-right-radius:45px;aspect-ratio:1;object-fit:cover\"\/><\/figure>\n\n\n\n<div class=\"wp-block-group maillage__title has-base-2-color has-text-color has-link-color has-montserrat-font-family wp-elements-2fb333a41145f9664e40150f58ac8e69 is-content-justification-space-between is-nowrap is-layout-flex wp-container-core-group-is-layout-c52eadd5 wp-block-group-is-layout-flex\" style=\"margin-top:-8rem;padding-right:2rem;padding-bottom:2rem;padding-left:2rem;font-size:clamp(0.912rem, 0.912rem + ((1vw - 0.2rem) * 0.763), 1.37rem);font-style:normal;font-weight:700;line-height:1;text-transform:uppercase\">\n<p class=\"has-base-color has-text-color has-link-color wp-elements-540a599245d35c3ea90b390e74367648\">Unsere Dienstleistungen<\/p>\n<\/div>\n\n\n<a style=\"border-radius:10px;\" class=\"is-style-lien-cover wp-block-read-more\" href=\"https:\/\/www.la-campiere.com\/de\/camping-rezeption-oleron-insel\/\" target=\"_self\">Weiterlesen<span class=\"screen-reader-text\">: Unsere Dienstleistungen<\/span><\/a>\n<\/li><li data-wp-key=\"post-template-item-4217\" class=\"wp-block-post post-4217 page type-page status-publish has-post-thumbnail hentry\">\n\n<figure class=\"wp-block-image size-full has-custom-border\"><img decoding=\"async\" src=\"https:\/\/www.la-campiere.com\/wp-content\/uploads\/2026\/01\/camping-la-campiere-proche-de-fort-boyard.jpg\" alt=\"camping-la-campiere-nahe-fort-boyard\" class=\"wp-image-1030\" style=\"border-top-left-radius:45px;border-top-right-radius:45px;border-bottom-left-radius:45px;border-bottom-right-radius:45px;aspect-ratio:1;object-fit:cover\"\/><\/figure>\n\n\n\n<div class=\"wp-block-group maillage__title has-base-2-color has-text-color has-link-color has-montserrat-font-family wp-elements-2fb333a41145f9664e40150f58ac8e69 is-content-justification-space-between is-nowrap is-layout-flex wp-container-core-group-is-layout-c52eadd5 wp-block-group-is-layout-flex\" style=\"margin-top:-8rem;padding-right:2rem;padding-bottom:2rem;padding-left:2rem;font-size:clamp(0.912rem, 0.912rem + ((1vw - 0.2rem) * 0.763), 1.37rem);font-style:normal;font-weight:700;line-height:1;text-transform:uppercase\">\n<p class=\"has-base-color has-text-color has-link-color wp-elements-540a599245d35c3ea90b390e74367648\">Zu sehen<\/p>\n<\/div>\n\n\n<a style=\"border-radius:10px;\" class=\"is-style-lien-cover wp-block-read-more\" href=\"https:\/\/www.la-campiere.com\/de\/tourismus-saint-georges-d-oleron-oleron-insel\/\" target=\"_self\">Weiterlesen<span class=\"screen-reader-text\">: Zu sehen<\/span><\/a>\n<\/li><\/ul><\/div>\n<\/div>\n","protected":false},"excerpt":{"rendered":"<p>Top-Aktivit\u00e4ten in Saint-Georges-d&#8217;Ol\u00e9ron Ihr Campingplatz La Campi\u00e8re in Saint-Georges-d&#8217;Ol\u00e9ron liegt ideal am Anfang der Radwege und Sommer-Shuttlebusse und macht es Ihnen leicht, zu Ihren Lieblingsaktivit\u00e4ten auf der \u00cele d&#8217;Ol\u00e9ron zu gelangen. Die gro\u00dfen Naturgebiete in der Umgebung bieten einen idealen Rahmen f\u00fcr Outdoor-Aktivit\u00e4ten mit der Familie, aber auch auf unserer Insel gibt es viele Aktivit\u00e4ten [&hellip;]<\/p>\n","protected":false},"author":1,"featured_media":3242,"parent":0,"menu_order":0,"comment_status":"closed","ping_status":"closed","template":"","meta":{"_seopress_robots_primary_cat":"","_seopress_titles_title":"Aktivit\u00e4ten in Saint-Georges-d'Ol\u00e9ron | Aktivit\u00e4ten auf der \u00cele d'Ol\u00e9ron","_seopress_titles_desc":"Aktivit\u00e4ten vom Campingplatz C\u00f4t\u00e9 mer aus. Der Campingplatz La Campi\u00e8re liegt 400 m vom Strand entfernt und bietet eine Vielzahl von Aktivit\u00e4ten am Meer. ","_seopress_robots_index":"","_gt_ctv_global_id":"","_gt_ctv_id_group":false,"inline_featured_image":false,"gt_fse_maillage_image":"https:\/\/www.la-campiere.com\/wp-content\/uploads\/2026\/01\/chemin-oleron-paysage.jpg","gt_fse_maillage_titre":"Zu tun","gt_fse_maillage_alt":"Weg-Oleron-Landschaft","gt_fse_maillage_resume":"","footnotes":""},"categories":[],"tags":[],"class_list":["post-4185","page","type-page","status-publish","has-post-thumbnail","hentry"],"_links":{"self":[{"href":"https:\/\/www.la-campiere.com\/de\/wp-json\/wp\/v2\/pages\/4185","targetHints":{"allow":["GET"]}}],"collection":[{"href":"https:\/\/www.la-campiere.com\/de\/wp-json\/wp\/v2\/pages"}],"about":[{"href":"https:\/\/www.la-campiere.com\/de\/wp-json\/wp\/v2\/types\/page"}],"author":[{"embeddable":true,"href":"https:\/\/www.la-campiere.com\/de\/wp-json\/wp\/v2\/users\/1"}],"replies":[{"embeddable":true,"href":"https:\/\/www.la-campiere.com\/de\/wp-json\/wp\/v2\/comments?post=4185"}],"version-history":[{"count":12,"href":"https:\/\/www.la-campiere.com\/de\/wp-json\/wp\/v2\/pages\/4185\/revisions"}],"predecessor-version":[{"id":4581,"href":"https:\/\/www.la-campiere.com\/de\/wp-json\/wp\/v2\/pages\/4185\/revisions\/4581"}],"wp:featuredmedia":[{"embeddable":true,"href":"https:\/\/www.la-campiere.com\/de\/wp-json\/wp\/v2\/media\/3242"}],"wp:attachment":[{"href":"https:\/\/www.la-campiere.com\/de\/wp-json\/wp\/v2\/media?parent=4185"}],"wp:term":[{"taxonomy":"category","embeddable":true,"href":"https:\/\/www.la-campiere.com\/de\/wp-json\/wp\/v2\/categories?post=4185"},{"taxonomy":"post_tag","embeddable":true,"href":"https:\/\/www.la-campiere.com\/de\/wp-json\/wp\/v2\/tags?post=4185"}],"curies":[{"name":"wp","href":"https:\/\/api.w.org\/{rel}","templated":true}]}}