{"id":4189,"date":"2025-05-27T11:57:12","date_gmt":"2025-05-27T09:57:12","guid":{"rendered":"https:\/\/www.la-campiere.com\/contact-acces-camping-la-campiere\/"},"modified":"2026-02-16T08:38:02","modified_gmt":"2026-02-16T07:38:02","slug":"contact-acces-camping-la-campiere","status":"publish","type":"page","link":"https:\/\/www.la-campiere.com\/de\/contact-acces-camping-la-campiere\/","title":{"rendered":"Kontakt"},"content":{"rendered":"\n<section class=\"wp-block-group home-seventh-bis is-layout-flow wp-block-group-is-layout-flow\" style=\"padding-right:var(--wp--preset--spacing--50);padding-left:var(--wp--preset--spacing--50)\">\n<div class=\"wp-block-columns are-vertically-aligned-center is-layout-flex wp-container-core-columns-is-layout-649c0f26 wp-block-columns-is-layout-flex\" style=\"padding-top:var(--wp--preset--spacing--40);padding-bottom:var(--wp--preset--spacing--40)\">\n<div class=\"wp-block-column is-vertically-aligned-center is-layout-flow wp-block-column-is-layout-flow\">\n<div class=\"wp-block-group titre-decoratif has-custom-orange-color has-text-color has-link-color wp-elements-7e9183ae11b183f1219b64f02a180325 is-vertical is-content-justification-left is-nowrap is-layout-flex wp-container-core-group-is-layout-332c27bf wp-block-group-is-layout-flex\" style=\"border-left-color:var(--wp--preset--color--custom-four);border-left-width:1px;padding-right:0;padding-left:var(--wp--preset--spacing--10)\">\n<h1 class=\"wp-block-heading has-text-align-left\"><strong>Kontakt und Anfahrt<\/strong> zu La Campi\u00e8re in Saint-Georges-d&#8217;Ol\u00e9ron<\/h1>\n<\/div>\n\n\n\n<div class=\"wp-block-group texte is-layout-flow wp-block-group-is-layout-flow\" style=\"padding-left:var(--wp--preset--spacing--20)\">\n<p>Die Rezeption des <a href=\"https:\/\/www.la-campiere.com\/de\/\" data-type=\"page\" data-id=\"33\">Campingplatzes La Campi\u00e8re auf der \u00cele d&#8217;Ol\u00e9ron<\/a> ist <strong>von April bis September t\u00e4glich von 9.00 bis 12.00 Uhr und von 14.00 bis 19.00 Uhr <\/strong> ge\u00f6ffnet (Sonntagnachmittag ab 15.00 Uhr). Au\u00dferhalb der \u00d6ffnungszeiten stehen wir Ihnen von <strong>Montag bis Freitag von 10.00 bis 12.00 Uhr und von 14.00 bis 18.00 Uhr<\/strong> zur Verf\u00fcgung.<\/p>\n\n\n\n<div style=\"height:2rem\" aria-hidden=\"true\" class=\"wp-block-spacer gt-show-mobile\"><\/div>\n\n\n\n<h2 class=\"wp-block-heading\">Kontaktieren Sie uns<\/h2>\n\n\n\n<p>F\u00fcr weitere Informationen k\u00f6nnen Sie uns telefonisch unter <strong>05.46.76.72.25<\/strong> erreichen oder uns Ihre Anfrage per <strong>E-Mail <\/strong> senden: <a href=\"mailto:contact@la-campiere.com\">contact@la-campiere.com<\/a>. F\u00fcr Ihre Buchungsanfrage werden die Preise und Verf\u00fcgbarkeiten in Echtzeit auf unserer Website angezeigt<strong>. <\/strong>Sie finden auch ein <strong>Kontaktformular <\/strong>auf der ersten Seite der Website.<\/p>\n\n\n\n<p><br\/><\/p>\n<\/div>\n<\/div>\n\n\n\n<div class=\"wp-block-column is-vertically-aligned-center is-layout-flow wp-block-column-is-layout-flow\"><script type=\"text\/javascript\">var gform;gform||(document.addEventListener(\"gform_main_scripts_loaded\",function(){gform.scriptsLoaded=!0}),window.addEventListener(\"DOMContentLoaded\",function(){gform.domLoaded=!0}),gform={domLoaded:!1,scriptsLoaded:!1,initializeOnLoaded:function(o){gform.domLoaded&&gform.scriptsLoaded?o():!gform.domLoaded&&gform.scriptsLoaded?window.addEventListener(\"DOMContentLoaded\",o):document.addEventListener(\"gform_main_scripts_loaded\",o)},hooks:{action:{},filter:{}},addAction:function(o,n,r,t){gform.addHook(\"action\",o,n,r,t)},addFilter:function(o,n,r,t){gform.addHook(\"filter\",o,n,r,t)},doAction:function(o){gform.doHook(\"action\",o,arguments)},applyFilters:function(o){return gform.doHook(\"filter\",o,arguments)},removeAction:function(o,n){gform.removeHook(\"action\",o,n)},removeFilter:function(o,n,r){gform.removeHook(\"filter\",o,n,r)},addHook:function(o,n,r,t,i){null==gform.hooks[o][n]&&(gform.hooks[o][n]=[]);var e=gform.hooks[o][n];null==i&&(i=n+\"_\"+e.length),gform.hooks[o][n].push({tag:i,callable:r,priority:t=null==t?10:t})},doHook:function(n,o,r){var t;if(r=Array.prototype.slice.call(r,1),null!=gform.hooks[n][o]&&((o=gform.hooks[n][o]).sort(function(o,n){return o.priority-n.priority}),o.forEach(function(o){\"function\"!=typeof(t=o.callable)&&(t=window[t]),\"action\"==n?t.apply(null,r):r[0]=t.apply(null,r)})),\"filter\"==n)return r[0]},removeHook:function(o,n,t,i){var r;null!=gform.hooks[o][n]&&(r=(r=gform.hooks[o][n]).filter(function(o,n,r){return!!(null!=i&&i!=o.tag||null!=t&&t!=o.priority)}),gform.hooks[o][n]=r)}});<\/script>\n                <div class='gf_browser_gecko gform_wrapper gform-theme gform-theme--foundation gform-theme--framework gform-theme--orbital' data-form-theme='orbital' data-form-index='0' id='gform_wrapper_2' ><style>#gform_wrapper_2[data-form-index=\"0\"].gform-theme,[data-parent-form=\"2_0\"]{--gf-color-primary: #8eca90;--gf-color-primary-rgb: 142, 202, 144;--gf-color-primary-contrast: #fff;--gf-color-primary-contrast-rgb: 255, 255, 255;--gf-color-primary-darker: #5C985E;--gf-color-primary-lighter: #C0FCC2;--gf-color-secondary: #fffff6;--gf-color-secondary-rgb: 255, 255, 246;--gf-color-secondary-contrast: #693d17;--gf-color-secondary-contrast-rgb: 105, 61, 23;--gf-color-secondary-darker: #F5F5EC;--gf-color-secondary-lighter: #FFFFFF;--gf-color-out-ctrl-light: rgba(105, 61, 23, 0.1);--gf-color-out-ctrl-light-rgb: 105, 61, 23;--gf-color-out-ctrl-light-darker: rgba(142, 202, 144, 0.35);--gf-color-out-ctrl-light-lighter: #F5F5EC;--gf-color-out-ctrl-dark: #693d17;--gf-color-out-ctrl-dark-rgb: 105, 61, 23;--gf-color-out-ctrl-dark-darker: #693d17;--gf-color-out-ctrl-dark-lighter: rgba(105, 61, 23, 0.65);--gf-color-in-ctrl: #fffff6;--gf-color-in-ctrl-rgb: 255, 255, 246;--gf-color-in-ctrl-contrast: #693d17;--gf-color-in-ctrl-contrast-rgb: 105, 61, 23;--gf-color-in-ctrl-darker: #F5F5EC;--gf-color-in-ctrl-lighter: #FFFFFF;--gf-color-in-ctrl-primary: #8eca90;--gf-color-in-ctrl-primary-rgb: 142, 202, 144;--gf-color-in-ctrl-primary-contrast: #112337;--gf-color-in-ctrl-primary-contrast-rgb: 17, 35, 55;--gf-color-in-ctrl-primary-darker: #5C985E;--gf-color-in-ctrl-primary-lighter: #C0FCC2;--gf-color-in-ctrl-light: rgba(105, 61, 23, 0.1);--gf-color-in-ctrl-light-rgb: 105, 61, 23;--gf-color-in-ctrl-light-darker: rgba(142, 202, 144, 0.35);--gf-color-in-ctrl-light-lighter: #F5F5EC;--gf-color-in-ctrl-dark: #693d17;--gf-color-in-ctrl-dark-rgb: 105, 61, 23;--gf-color-in-ctrl-dark-darker: #693d17;--gf-color-in-ctrl-dark-lighter: rgba(105, 61, 23, 0.65);--gf-radius: 100px;--gf-font-size-secondary: 14px;--gf-font-size-tertiary: 13px;--gf-icon-ctrl-number: url(\"data:image\/svg+xml,%3Csvg width='8' height='14' viewBox='0 0 8 14' fill='none' xmlns='http:\/\/www.w3.org\/2000\/svg'%3E%3Cpath fill-rule='evenodd' clip-rule='evenodd' d='M4 0C4.26522 5.96046e-08 4.51957 0.105357 4.70711 0.292893L7.70711 3.29289C8.09763 3.68342 8.09763 4.31658 7.70711 4.70711C7.31658 5.09763 6.68342 5.09763 6.29289 4.70711L4 2.41421L1.70711 4.70711C1.31658 5.09763 0.683417 5.09763 0.292893 4.70711C-0.0976311 4.31658 -0.097631 3.68342 0.292893 3.29289L3.29289 0.292893C3.48043 0.105357 3.73478 0 4 0ZM0.292893 9.29289C0.683417 8.90237 1.31658 8.90237 1.70711 9.29289L4 11.5858L6.29289 9.29289C6.68342 8.90237 7.31658 8.90237 7.70711 9.29289C8.09763 9.68342 8.09763 10.3166 7.70711 10.7071L4.70711 13.7071C4.31658 14.0976 3.68342 14.0976 3.29289 13.7071L0.292893 10.7071C-0.0976311 10.3166 -0.0976311 9.68342 0.292893 9.29289Z' fill='rgba(105, 61, 23, 0.65)'\/%3E%3C\/svg%3E\");--gf-icon-ctrl-select: url(\"data:image\/svg+xml,%3Csvg width='10' height='6' viewBox='0 0 10 6' fill='none' xmlns='http:\/\/www.w3.org\/2000\/svg'%3E%3Cpath fill-rule='evenodd' clip-rule='evenodd' d='M0.292893 0.292893C0.683417 -0.097631 1.31658 -0.097631 1.70711 0.292893L5 3.58579L8.29289 0.292893C8.68342 -0.0976311 9.31658 -0.0976311 9.70711 0.292893C10.0976 0.683417 10.0976 1.31658 9.70711 1.70711L5.70711 5.70711C5.31658 6.09763 4.68342 6.09763 4.29289 5.70711L0.292893 1.70711C-0.0976311 1.31658 -0.0976311 0.683418 0.292893 0.292893Z' fill='rgba(105, 61, 23, 0.65)'\/%3E%3C\/svg%3E\");--gf-icon-ctrl-search: url(\"data:image\/svg+xml,%3Csvg version='1.1' xmlns='http:\/\/www.w3.org\/2000\/svg' width='640' height='640'%3E%3Cpath d='M256 128c-70.692 0-128 57.308-128 128 0 70.691 57.308 128 128 128 70.691 0 128-57.309 128-128 0-70.692-57.309-128-128-128zM64 256c0-106.039 85.961-192 192-192s192 85.961 192 192c0 41.466-13.146 79.863-35.498 111.248l154.125 154.125c12.496 12.496 12.496 32.758 0 45.254s-32.758 12.496-45.254 0L367.248 412.502C335.862 434.854 297.467 448 256 448c-106.039 0-192-85.962-192-192z' fill='rgba(105, 61, 23, 0.65)'\/%3E%3C\/svg%3E\");--gf-label-space-y-secondary: var(--gf-label-space-y-md-secondary);--gf-ctrl-border-color: #8eca90;--gf-ctrl-size: var(--gf-ctrl-size-md);--gf-ctrl-label-color-primary: #693d17;--gf-ctrl-label-color-secondary: #693d17;--gf-ctrl-choice-size: var(--gf-ctrl-choice-size-md);--gf-ctrl-checkbox-check-size: var(--gf-ctrl-checkbox-check-size-md);--gf-ctrl-radio-check-size: var(--gf-ctrl-radio-check-size-md);--gf-ctrl-btn-font-size: var(--gf-ctrl-btn-font-size-md);--gf-ctrl-btn-padding-x: var(--gf-ctrl-btn-padding-x-md);--gf-ctrl-btn-size: var(--gf-ctrl-btn-size-md);--gf-ctrl-btn-border-color-secondary: #8eca90;--gf-ctrl-file-btn-bg-color-hover: #EBEBE2;--gf-field-pg-steps-number-color: rgba(105, 61, 23, 0.8);}<\/style>\n                        <div class='gform_heading'>\n                            <p class='gform_description'><\/p>\n\t\t\t\t\t\t\t<p class='gform_required_legend'>\u201e<span class=\"gfield_required gfield_required_asterisk\">*<\/span>\u201c zeigt erforderliche Felder an<\/p>\n                        <\/div><form method='post' enctype='multipart\/form-data'  id='gform_2'  action='\/de\/wp-json\/wp\/v2\/pages\/4189' data-formid='2' novalidate>\n                        <div class='gform-body gform_body'><div id='gform_fields_2' class='gform_fields top_label form_sublabel_above description_below validation_below'><fieldset id=\"field_2_1\" class=\"gfield gfield--type-name gfield--width-full gfield_contains_required field_sublabel_hidden_label gfield--no-description field_description_below field_validation_below gfield_visibility_visible\"  data-js-reload=\"field_2_1\" ><legend class='gfield_label gform-field-label gfield_label_before_complex' >Vollst\u00e4ndiger Name<span class=\"gfield_required\"><span class=\"gfield_required gfield_required_asterisk\">*<\/span><\/span><\/legend><div class='ginput_complex ginput_container ginput_container--name no_prefix has_first_name no_middle_name has_last_name no_suffix gf_name_has_2 ginput_container_name gform-grid-row' id='input_2_1'>\n                            \n                            <span id='input_2_1_3_container' class='name_first gform-grid-col gform-grid-col--size-auto' >\n                                                    <input type='text' name='input_1.3' id='input_2_1_3' value=''   aria-required='true'   placeholder='Vorname' autocomplete=\"given-name\" \/>\n                                                    <label for='input_2_1_3' class='gform-field-label gform-field-label--type-sub hidden_sub_label screen-reader-text'>Vorname<\/label>\n                                                <\/span>\n                            \n                            <span id='input_2_1_6_container' class='name_last gform-grid-col gform-grid-col--size-auto' >\n                                                    <input type='text' name='input_1.6' id='input_2_1_6' value=''   aria-required='true'   placeholder='Name' autocomplete=\"family-name\" \/>\n                                                    <label for='input_2_1_6' class='gform-field-label gform-field-label--type-sub hidden_sub_label screen-reader-text'>Nachname<\/label>\n                                                <\/span>\n                            \n                        <\/div><\/fieldset><div id=\"field_2_9\" class=\"gfield gfield--type-phone gfield--width-half gfield_contains_required field_sublabel_above gfield--no-description field_description_below field_validation_below gfield_visibility_visible\"  data-js-reload=\"field_2_9\" ><label class='gfield_label gform-field-label' for='input_2_9'>Telefon<span class=\"gfield_required\"><span class=\"gfield_required gfield_required_asterisk\">*<\/span><\/span><\/label><div class='ginput_container ginput_container_phone'><input name='input_9' id='input_2_9' type='tel' value='' class='large'   aria-required=\"true\" aria-invalid=\"false\"   \/><\/div><\/div><div id=\"field_2_2\" class=\"gfield gfield--type-email gfield--width-half gfield_contains_required field_sublabel_above gfield--no-description field_description_above field_validation_below gfield_visibility_visible\"  data-js-reload=\"field_2_2\" ><label class='gfield_label gform-field-label' for='input_2_2'>E-Mail<span class=\"gfield_required\"><span class=\"gfield_required gfield_required_asterisk\">*<\/span><\/span><\/label><div class='ginput_container ginput_container_email'>\n                            <input name='input_2' id='input_2_2' type='email' value='' class='large'    aria-required=\"true\" aria-invalid=\"false\"  \/>\n                        <\/div><\/div><div id=\"field_2_4\" class=\"gfield gfield--type-textarea gfield--width-full gfield_contains_required field_sublabel_above gfield--no-description field_description_below field_validation_below gfield_visibility_visible\"  data-js-reload=\"field_2_4\" ><label class='gfield_label gform-field-label' for='input_2_4'>Nachricht<span class=\"gfield_required\"><span class=\"gfield_required gfield_required_asterisk\">*<\/span><\/span><\/label><div class='ginput_container ginput_container_textarea'><textarea name='input_4' id='input_2_4' class='textarea medium'   maxlength='600'  aria-required=\"true\" aria-invalid=\"false\"   rows='10' cols='50'><\/textarea><\/div><\/div><fieldset id=\"field_2_11\" class=\"gfield gfield--type-checkbox gfield--type-choice gfield--width-full gfield_contains_required field_sublabel_above gfield--no-description field_description_below hidden_label field_validation_below gfield_visibility_visible\"  data-js-reload=\"field_2_11\" ><legend class='gfield_label gform-field-label gfield_label_before_complex' >Ohne Titel<span class=\"gfield_required\"><span class=\"gfield_required gfield_required_asterisk\">*<\/span><\/span><\/legend><div class='ginput_container ginput_container_checkbox'><div class='gfield_checkbox' id='input_2_11'><div class='gchoice gchoice_2_11_1'>\n\t\t\t\t\t\t\t\t<input class='gfield-choice-input' name='input_11.1' type='checkbox'  value='Indem ich dieses K\u00e4stchen anklicke, akzeptiere ich die &lt;a href=&quot;https:\/\/lacampiere.geek-tonic.dev\/politique-de-confidentialite\/&quot; rel=&quot;nofollow&quot; target=&quot;_blank&quot;&gt;Datenschutzbestimmungen&lt;\/a&gt; dieser Website.'  id='choice_2_11_1'   \/>\n\t\t\t\t\t\t\t\t<label for='choice_2_11_1' id='label_2_11_1' class='gform-field-label gform-field-label--type-inline'>Indem ich dieses K\u00e4stchen anklicke, akzeptiere ich die <a href=\"https:\/\/lacampiere.geek-tonic.dev\/politique-de-confidentialite\/\" rel=\"nofollow\" target=\"_blank\">Datenschutzbestimmungen<\/a> dieser Website.<\/label>\n\t\t\t\t\t\t\t<\/div><\/div><\/div><\/fieldset><div id=\"field_2_6\" class=\"gfield gfield--type-captcha field_sublabel_above gfield--no-description field_description_below hidden_label field_validation_below gfield_visibility_visible\"  data-js-reload=\"field_2_6\" ><label class='gfield_label gform-field-label' for='input_2_6'>CAPTCHA<\/label><div id='input_2_6' class='ginput_container ginput_recaptcha' data-sitekey='6Lf2sGUsAAAAACdIOSSEY9KF2slacBAokpSleEIN'  data-theme='light' data-tabindex='-1' data-size='invisible' data-badge='bottomright'><\/div><\/div><\/div><\/div>\n        <div class='gform_footer top_label'> <input type='submit' id='gform_submit_button_2' class='gform_button button' value='Senden Sie'  onclick='if(window[\"gf_submitting_2\"]){return false;}  if( !jQuery(\"#gform_2\")[0].checkValidity || jQuery(\"#gform_2\")[0].checkValidity()){window[\"gf_submitting_2\"]=true;}  ' onkeypress='if( event.keyCode == 13 ){ if(window[\"gf_submitting_2\"]){return false;} if( !jQuery(\"#gform_2\")[0].checkValidity || jQuery(\"#gform_2\")[0].checkValidity()){window[\"gf_submitting_2\"]=true;}  jQuery(\"#gform_2\").trigger(\"submit\",[true]); }' \/> \n            <input type='hidden' class='gform_hidden' name='is_submit_2' value='1' \/>\n            <input type='hidden' class='gform_hidden' name='gform_submit' value='2' \/>\n            \n            <input type='hidden' class='gform_hidden' name='gform_unique_id' value='' \/>\n            <input type='hidden' class='gform_hidden' name='state_2' value='WyJ7XCIxMS4xXCI6XCJiNGI3YjUxZDkyOWI3Y2NhODcxZDM1YmVhNjc2YmQ0YlwifSIsIjQxZGUwOTM4NzA4NTBkMzM0MDQ2MTMzZTdmZTFjYjM4Il0=' \/>\n            <input type='hidden' class='gform_hidden' name='gform_target_page_number_2' id='gform_target_page_number_2' value='0' \/>\n            <input type='hidden' class='gform_hidden' name='gform_source_page_number_2' id='gform_source_page_number_2' value='1' \/>\n            <input type='hidden' name='gform_field_values' value='' \/>\n            \n        <\/div>\n                        <\/form>\n                        <\/div><script>\ngform.initializeOnLoaded( function() {gformInitSpinner( 2, 'https:\/\/www.la-campiere.com\/wp-content\/plugins\/gravityforms\/images\/spinner.svg', false );jQuery('#gform_ajax_frame_2').on('load',function(){var contents = jQuery(this).contents().find('*').html();var is_postback = contents.indexOf('GF_AJAX_POSTBACK') >= 0;if(!is_postback){return;}var form_content = jQuery(this).contents().find('#gform_wrapper_2');var is_confirmation = jQuery(this).contents().find('#gform_confirmation_wrapper_2').length > 0;var is_redirect = contents.indexOf('gformRedirect(){') >= 0;var is_form = form_content.length > 0 && ! is_redirect && ! is_confirmation;var mt = parseInt(jQuery('html').css('margin-top'), 10) + parseInt(jQuery('body').css('margin-top'), 10) + 100;if(is_form){jQuery('#gform_wrapper_2').html(form_content.html());if(form_content.hasClass('gform_validation_error')){jQuery('#gform_wrapper_2').addClass('gform_validation_error');} else {jQuery('#gform_wrapper_2').removeClass('gform_validation_error');}setTimeout( function() { \/* delay the scroll by 50 milliseconds to fix a bug in chrome *\/  }, 50 );if(window['gformInitDatepicker']) {gformInitDatepicker();}if(window['gformInitPriceFields']) {gformInitPriceFields();}var current_page = jQuery('#gform_source_page_number_2').val();gformInitSpinner( 2, 'https:\/\/www.la-campiere.com\/wp-content\/plugins\/gravityforms\/images\/spinner.svg', false );jQuery(document).trigger('gform_page_loaded', [2, current_page]);window['gf_submitting_2'] = false;}else if(!is_redirect){var confirmation_content = jQuery(this).contents().find('.GF_AJAX_POSTBACK').html();if(!confirmation_content){confirmation_content = contents;}setTimeout(function(){jQuery('#gform_wrapper_2').replaceWith(confirmation_content);jQuery(document).trigger('gform_confirmation_loaded', [2]);window['gf_submitting_2'] = false;wp.a11y.speak(jQuery('#gform_confirmation_message_2').text());}, 50);}else{jQuery('#gform_2').append(contents);if(window['gformRedirect']) {gformRedirect();}}jQuery(document).trigger(\"gform_pre_post_render\", [{ formId: \"2\", currentPage: \"current_page\", abort: function() { this.preventDefault(); } }]);                if (event.defaultPrevented) {                return;         }        const gformWrapperDiv = document.getElementById( \"gform_wrapper_2\" );        if ( gformWrapperDiv ) {            const visibilitySpan = document.createElement( \"span\" );            visibilitySpan.id = \"gform_visibility_test_2\";            gformWrapperDiv.insertAdjacentElement( \"afterend\", visibilitySpan );        }        const visibilityTestDiv = document.getElementById( \"gform_visibility_test_2\" );        let postRenderFired = false;                function triggerPostRender() {            if ( postRenderFired ) {                return;            }            postRenderFired = true;            jQuery( document ).trigger( 'gform_post_render', [2, current_page] );            gform.utils.trigger( { event: 'gform\/postRender', native: false, data: { formId: 2, currentPage: current_page } } );            if ( visibilityTestDiv ) {                visibilityTestDiv.parentNode.removeChild( visibilityTestDiv );            }        }        function debounce( func, wait, immediate ) {            var timeout;            return function() {                var context = this, args = arguments;                var later = function() {                    timeout = null;                    if ( !immediate ) func.apply( context, args );                };                var callNow = immediate && !timeout;                clearTimeout( timeout );                timeout = setTimeout( later, wait );                if ( callNow ) func.apply( context, args );            };        }        const debouncedTriggerPostRender = debounce( function() {            triggerPostRender();        }, 200 );        if ( visibilityTestDiv && visibilityTestDiv.offsetParent === null ) {            const observer = new MutationObserver( ( mutations ) => {                mutations.forEach( ( mutation ) => {                    if ( mutation.type === 'attributes' && visibilityTestDiv.offsetParent !== null ) {                        debouncedTriggerPostRender();                        observer.disconnect();                    }                });            });            observer.observe( document.body, {                attributes: true,                childList: false,                subtree: true,                attributeFilter: [ 'style', 'class' ],            });        } else {            triggerPostRender();        }    } );} );\n<\/script>\n<\/div>\n<\/div>\n<\/section>\n\n<section class=\"wp-block-group alignfull home-third page-two has-base-2-color has-custom-two-background-color has-text-color has-background has-link-color wp-elements-1dc7760e68563f396d695115bc262550 is-layout-flow wp-block-group-is-layout-flow\" style=\"padding-top:7rem;padding-bottom:0rem\">\n<div class=\"wp-block-group is-layout-flow wp-block-group-is-layout-flow\" style=\"padding-top:3rem;padding-bottom:4rem\">\n<h2 class=\"wp-block-heading has-text-align-center\">Zugang <strong>zum Campingplatz<\/strong><\/h2>\n\n\n\n<div class=\"wp-block-columns are-vertically-aligned-center content is-layout-flex wp-container-core-columns-is-layout-6a5a5078 wp-block-columns-is-layout-flex\" style=\"padding-right:15rem;padding-left:15rem\">\n<div class=\"wp-block-column is-vertically-aligned-center first is-layout-flow wp-block-column-is-layout-flow\">\n<p class=\"has-text-align-center\">Campingplatz La Campi\u00e8re<\/p>\n\n\n\n<p class=\"has-text-align-center\">464 Chemin de l&#8217;Acheneau<br\/>Chaucre<\/p>\n\n\n\n<p class=\"has-text-align-center\">17190 Saint-Georges-d&#8217;Ol\u00e9ron<\/p>\n\n\n\n<p class=\"has-text-align-center\">Mit Hilfe der Karte unten k\u00f6nnen Sie Ihre Route von zu Hause aus planen, damit Sie die Strecke bis zur Charente Maritime und zur Ile d&#8217;Ol\u00e9ron in vollen Z\u00fcgen genie\u00dfen k\u00f6nnen. <br\/>Gute Fahrt!<br\/><strong>GPS<\/strong>: N.45.59.544 W.001.22.795<\/p>\n<\/div>\n\n\n\n<div class=\"wp-block-column is-vertically-aligned-center is-layout-flow wp-block-column-is-layout-flow\">\n<iframe src=\"https:\/\/www.google.com\/maps\/embed?pb=!1m18!1m12!1m3!1d2771.9464380463323!2d-1.3823459233708177!3d45.9922986980479!2m3!1f0!2f0!3f0!3m2!1i1024!2i768!4f13.1!3m3!1m2!1s0x4803e433624c297d%3A0x38254f3a20b2c252!2sCamping%20Ile%20d'Ol%C3%A9ron%20%7C%20La%20Campi%C3%A9re!5e0!3m2!1sfr!2sfr!4v1767868675880!5m2!1sfr!2sfr\" width=\"100%\" height=\"630\" style=\"border:0;\" allowfullscreen=\"\" loading=\"lazy\" referrerpolicy=\"no-referrer-when-downgrade\"><\/iframe>\n<\/div>\n<\/div>\n<\/div>\n<\/section>\n","protected":false},"excerpt":{"rendered":"<p>Kontakt und Anfahrt zu La Campi\u00e8re in Saint-Georges-d&#8217;Ol\u00e9ron Die Rezeption des Campingplatzes La Campi\u00e8re auf der \u00cele d&#8217;Ol\u00e9ron ist von April bis September t\u00e4glich von 9.00 bis 12.00 Uhr und von 14.00 bis 19.00 Uhr ge\u00f6ffnet (Sonntagnachmittag ab 15.00 Uhr). Au\u00dferhalb der \u00d6ffnungszeiten stehen wir Ihnen von Montag bis Freitag von 10.00 bis 12.00 Uhr [&hellip;]<\/p>\n","protected":false},"author":1,"featured_media":3620,"parent":0,"menu_order":0,"comment_status":"closed","ping_status":"closed","template":"","meta":{"_seopress_robots_primary_cat":"","_seopress_titles_title":"Kontakt zum Campingplatz La Campi\u00e8re | Anreise zum Campingplatz La Campi\u00e8re","_seopress_titles_desc":"Uns erreichen CAMPING LA CAMPIERE **** Chemin de l'Acheneau Chaucre 17190 Saint Georges d'Ol\u00e9ron Tel: +33 5 46 76 72 25 Uns schreiben contact@la-campiere.com","_seopress_robots_index":"","_gt_ctv_global_id":"","_gt_ctv_id_group":false,"inline_featured_image":false,"gt_fse_maillage_image":"https:\/\/www.la-campiere.com\/wp-content\/uploads\/2026\/01\/camping-la-campiere-sable.jpg","gt_fse_maillage_titre":"Kontakt","gt_fse_maillage_alt":"camping-la-campiere-sable","gt_fse_maillage_resume":"","footnotes":""},"categories":[],"tags":[],"class_list":["post-4189","page","type-page","status-publish","has-post-thumbnail","hentry"],"_links":{"self":[{"href":"https:\/\/www.la-campiere.com\/de\/wp-json\/wp\/v2\/pages\/4189","targetHints":{"allow":["GET"]}}],"collection":[{"href":"https:\/\/www.la-campiere.com\/de\/wp-json\/wp\/v2\/pages"}],"about":[{"href":"https:\/\/www.la-campiere.com\/de\/wp-json\/wp\/v2\/types\/page"}],"author":[{"embeddable":true,"href":"https:\/\/www.la-campiere.com\/de\/wp-json\/wp\/v2\/users\/1"}],"replies":[{"embeddable":true,"href":"https:\/\/www.la-campiere.com\/de\/wp-json\/wp\/v2\/comments?post=4189"}],"version-history":[{"count":8,"href":"https:\/\/www.la-campiere.com\/de\/wp-json\/wp\/v2\/pages\/4189\/revisions"}],"predecessor-version":[{"id":4576,"href":"https:\/\/www.la-campiere.com\/de\/wp-json\/wp\/v2\/pages\/4189\/revisions\/4576"}],"wp:featuredmedia":[{"embeddable":true,"href":"https:\/\/www.la-campiere.com\/de\/wp-json\/wp\/v2\/media\/3620"}],"wp:attachment":[{"href":"https:\/\/www.la-campiere.com\/de\/wp-json\/wp\/v2\/media?parent=4189"}],"wp:term":[{"taxonomy":"category","embeddable":true,"href":"https:\/\/www.la-campiere.com\/de\/wp-json\/wp\/v2\/categories?post=4189"},{"taxonomy":"post_tag","embeddable":true,"href":"https:\/\/www.la-campiere.com\/de\/wp-json\/wp\/v2\/tags?post=4189"}],"curies":[{"name":"wp","href":"https:\/\/api.w.org\/{rel}","templated":true}]}}