{"id":4231,"date":"2025-12-29T09:33:46","date_gmt":"2025-12-29T08:33:46","guid":{"rendered":"https:\/\/www.la-campiere.com\/camping-piscine-chauffee-saint-georges-d-oleron\/"},"modified":"2026-02-16T09:47:30","modified_gmt":"2026-02-16T08:47:30","slug":"camping-beheiztes-schwimmbad-saint-georges-d-oleron","status":"publish","type":"page","link":"https:\/\/www.la-campiere.com\/de\/camping-beheiztes-schwimmbad-saint-georges-d-oleron\/","title":{"rendered":"Der Pool"},"content":{"rendered":"\n<section class=\"wp-block-group alignfull home-first page-first anim overflow-hidden is-layout-flow wp-block-group-is-layout-flow\" style=\"margin-bottom:0px;padding-top:7rem;padding-right:var(--wp--preset--spacing--60);padding-bottom:7rem;padding-left:var(--wp--preset--spacing--60)\">\n<div class=\"wp-block-columns gt-main-group gt-reverse-mobile is-layout-flex wp-container-core-columns-is-layout-0b70d401 wp-block-columns-is-layout-flex\">\n<div class=\"wp-block-column first is-layout-flow wp-block-column-is-layout-flow\" style=\"flex-basis:55%\">\n<div class=\"wp-block-columns is-not-stacked-on-mobile mosaique wp-container-content-b99e70a5 is-layout-flex wp-container-core-columns-is-layout-28f84493 wp-block-columns-is-layout-flex\">\n<div class=\"wp-block-column animate-up is-layout-flow wp-block-column-is-layout-flow\">\n<div class=\"wp-block-cover is-light\" style=\"border-radius:10px;min-height:25rem;aspect-ratio:unset;\"><img decoding=\"async\" width=\"2000\" height=\"1496\" class=\"wp-block-cover__image-background wp-image-3033 size-full\" alt=\"camping-la-campiere-et-son-solarium\" srcset=\"https:\/\/www.la-campiere.com\/wp-content\/uploads\/2026\/01\/camping-la-campiere-et-son-solarium.jpg 2000w\" sizes=\"100vw\" src=\"https:\/\/www.la-campiere.com\/wp-content\/uploads\/2026\/01\/camping-la-campiere-et-son-solarium.jpg\" data-object-fit=\"cover\"\/><span aria-hidden=\"true\" class=\"wp-block-cover__background has-background-dim-0 has-background-dim\" style=\"background-color:#6f939a\"><\/span><div class=\"wp-block-cover__inner-container has-global-padding is-layout-constrained wp-block-cover-is-layout-constrained\">\n<p class=\"has-text-align-center has-large-font-size\"><\/p>\n<\/div><\/div>\n\n\n\n<div class=\"wp-block-cover is-light has-aspect-ratio\" style=\"border-radius:10px;min-height:20rem;aspect-ratio:1;min-height:unset;\"><img decoding=\"async\" width=\"2000\" height=\"1500\" class=\"wp-block-cover__image-background wp-image-3030 size-full\" alt=\"camping-la-campiere-avec-piscine-chauffee-a-saint-georges-doleron\" srcset=\"https:\/\/www.la-campiere.com\/wp-content\/uploads\/2026\/01\/camping-la-campiere-avec-piscine-chauffee-a-saint-georges-doleron.jpg 2000w\" sizes=\"100vw\" src=\"https:\/\/www.la-campiere.com\/wp-content\/uploads\/2026\/01\/camping-la-campiere-avec-piscine-chauffee-a-saint-georges-doleron.jpg\" data-object-fit=\"cover\"\/><span aria-hidden=\"true\" class=\"wp-block-cover__background has-background-dim-0 has-background-dim\" style=\"background-color:#5a90b0\"><\/span><div class=\"wp-block-cover__inner-container has-global-padding is-layout-constrained wp-block-cover-is-layout-constrained\">\n<p class=\"has-text-align-center has-large-font-size\"><\/p>\n<\/div><\/div>\n<\/div>\n\n\n\n<div class=\"wp-block-column animate-down is-layout-flow wp-block-column-is-layout-flow\">\n<div style=\"height:10rem\" aria-hidden=\"true\" class=\"wp-block-spacer gt-hide-mobile\"><\/div>\n\n\n\n<div class=\"wp-block-cover\" style=\"border-radius:10px;min-height:20rem;aspect-ratio:unset;\"><img decoding=\"async\" width=\"2000\" height=\"1500\" class=\"wp-block-cover__image-background wp-image-3027 size-full\" alt=\"camping-la-campiere-avec-piscine-a-saint-georges-doleron\" srcset=\"https:\/\/www.la-campiere.com\/wp-content\/uploads\/2026\/01\/camping-la-campiere-avec-piscine-a-saint-georges-doleron.jpg 2000w\" sizes=\"100vw\" src=\"https:\/\/www.la-campiere.com\/wp-content\/uploads\/2026\/01\/camping-la-campiere-avec-piscine-a-saint-georges-doleron.jpg\" data-object-fit=\"cover\"\/><span aria-hidden=\"true\" class=\"wp-block-cover__background has-background-dim-0 has-background-dim\" style=\"background-color:#4b85a8\"><\/span><div class=\"wp-block-cover__inner-container has-global-padding is-layout-constrained wp-block-cover-is-layout-constrained\">\n<p class=\"has-text-align-center has-large-font-size\"><\/p>\n<\/div><\/div>\n\n\n\n<div class=\"wp-block-cover is-light has-custom-content-position is-position-bottom-left gt-cta__cover\" style=\"border-radius:10px;min-height:17rem;aspect-ratio:unset;\"><img decoding=\"async\" width=\"2000\" height=\"1500\" class=\"wp-block-cover__image-background wp-image-3037 size-full\" alt=\"camping-la-campiere-avec-piscine-pour-des-vacances-agreables\" srcset=\"https:\/\/www.la-campiere.com\/wp-content\/uploads\/2026\/01\/camping-la-campiere-avec-piscine-pour-des-vacances-agreables.jpg 2000w\" sizes=\"100vw\" src=\"https:\/\/www.la-campiere.com\/wp-content\/uploads\/2026\/01\/camping-la-campiere-avec-piscine-pour-des-vacances-agreables.jpg\" data-object-fit=\"cover\"\/><span aria-hidden=\"true\" class=\"wp-block-cover__background has-background-dim-0 has-background-dim\"><\/span><div class=\"wp-block-cover__inner-container is-layout-flow wp-block-cover-is-layout-flow\">\n<p class=\"has-text-align-center has-large-font-size\"><\/p>\n<\/div><\/div>\n<\/div>\n<\/div>\n<\/div>\n\n\n\n<div class=\"wp-block-column second is-layout-flow wp-block-column-is-layout-flow\" style=\"flex-basis:45%\">\n<div class=\"wp-block-group wp-container-content-a5fc19f1 is-layout-flow wp-block-group-is-layout-flow\">\n<div class=\"wp-block-group deco-titre has-custom-orange-color has-text-color has-link-color wp-elements-1d982287457f6a0cf8fc58c3888c765c is-vertical is-nowrap is-layout-flex wp-container-core-group-is-layout-c9992202 wp-block-group-is-layout-flex\" style=\"margin-top:2rem\">\n<div class=\"wp-block-group is-layout-flow wp-block-group-is-layout-flow\">\n<h1 class=\"wp-block-heading has-custom-orange-color has-text-color has-link-color wp-elements-def215d51276e7bbd6cb8cfab8992eb5\"><strong>Campingplatz mit beheiztem Swimmingpool <\/strong>auf der Insel Ol\u00e9ron<\/h1>\n\n\n\n<div style=\"height:16px\" aria-hidden=\"true\" class=\"wp-block-spacer gt-show-mobile\"><\/div>\n\n\n\n<p>Auf dem <a href=\"\/\">Campingplatz La Campi\u00e8re in Saint-Georges-d&#8217;Ol\u00e9ron<\/a> k\u00f6nnen Sie sich vom Himmelfahrtswochenende bis Mitte September in unserem <strong>beheizten<\/strong> <strong>Schwimmbad<\/strong> entspannen. Nach dem Schwimmen k\u00f6nnen Sie sich auf der windgesch\u00fctzten Sonnenterrasse mit <strong>Liegest\u00fchlen<\/strong> und <strong>Sonnenschirmen<\/strong> <strong>entspannen<\/strong> und <strong>br\u00e4unen<\/strong>.   <\/p>\n<\/div>\n<\/div>\n\n\n\n<div style=\"height:4rem\" aria-hidden=\"true\" class=\"wp-block-spacer gt-hide-mobile gt-hide-mobile\"><\/div>\n\n\n\n<div class=\"wp-block-group content is-layout-flow wp-block-group-is-layout-flow\">\n<h2 class=\"wp-block-heading\">Genie\u00dfen Sie unseren beheizten Pool <strong>in Saint-Georges-d&#8217;Ol\u00e9ron.<\/strong><\/h2>\n\n\n\n<p>Mit seinen <strong>zwei Beckentiefen<\/strong> (1 m und 1,40 m) und seiner <strong>Sonnenterrasse<\/strong> ist unser beheizter Pool der ideale Ort, um Ihren Urlaub zu genie\u00dfen.  <\/p>\n\n\n\n<p>Genie\u00dfen Sie wunderbare <strong>Momente der Entspannung<\/strong> oder des Spa\u00dfes mit Ihren Kindern oder Freunden im Pool unseres 4-Sterne-Campingplatzes auf der Insel Ol\u00e9ron.<\/p>\n\n\n\n<p>Ab der ersten Stunde, in der das Becken ge\u00f6ffnet ist, genie\u00dfen die Mutigsten die <strong>morgendliche<\/strong> <strong>Ruhe<\/strong>, um ein paar Bahnen zu schwimmen und die Muskeln sanft aufzubauen, bevor sie zu einem Ausflug auf die \u00cele d&#8217;Ol\u00e9ron aufbrechen. Unser beheiztes Becken, in dem jeder zu Fu\u00df gehen kann, ist ideal, um sich den ganzen Tag \u00fcber zu entspannen. W\u00e4hrend die \u00e4lteren Kinder sich gerne im <strong>gro\u00dfen Pool<\/strong> aufhalten, k\u00f6nnen die <strong>Kleinen<\/strong> sicher im 1 Meter tiefen Becken spielen. Unser Campingplatz mit beheiztem Pool in Saint-Georges-d&#8217;Ol\u00e9ron ist ideal, um j\u00fcngeren Kindern<strong>das Schwimmen<\/strong> beizubringen oder sogar <strong>zum ersten Mal<\/strong> in den Armen der Eltern zu <strong>baden<\/strong>. Dieser Moment der Zweisamkeit schafft einzigartige <strong>Urlaubserinnerungen <\/strong>.      <\/p>\n<\/div>\n\n\n\n<div class=\"wp-block-group pastille has-montserrat-font-family is-vertical is-content-justification-center is-nowrap is-layout-flex wp-container-core-group-is-layout-70a63d78 wp-block-group-is-layout-flex\" style=\"margin-top:2rem;font-style:normal;font-weight:700;line-height:1;text-transform:uppercase\">\n<figure class=\"wp-block-image size-large wp-duotone-ffffff-ffffff-1\"><img decoding=\"async\" width=\"14\" height=\"14\" src=\"https:\/\/www.la-campiere.com\/wp-content\/uploads\/2025\/05\/red-sparkle.svg\" alt=\"red-sparkle\" class=\"wp-image-116\"\/><\/figure>\n\n\n\n<p class=\"has-text-align-center has-base-2-color has-text-color has-link-color wp-elements-b7aa7fdfb5c4f3230d82c97c2b195c0f\">teilen &amp;<br\/>l\u00e4cheln<\/p>\n\n\n\n<figure class=\"wp-block-image size-large wp-duotone-ffffff-ffffff-2\"><img decoding=\"async\" width=\"14\" height=\"14\" src=\"https:\/\/www.la-campiere.com\/wp-content\/uploads\/2025\/05\/red-sparkle.svg\" alt=\"red-sparkle\" class=\"wp-image-116\"\/><\/figure>\n<\/div>\n<\/div>\n<\/div>\n<\/div>\n<\/section>\n\n<section class=\"wp-block-group home-fourth page-three has-custom-two-background-color has-background is-layout-flow wp-block-group-is-layout-flow\" style=\"padding-right:4.69rem;padding-left:4.69rem\">\n<div class=\"wp-block-group fond has-custom-vert-background-color has-background is-layout-flow wp-block-group-is-layout-flow\" style=\"border-radius:15px;padding-top:7rem;padding-right:4.69rem;padding-bottom:7rem;padding-left:4.69rem\">\n<div class=\"wp-block-group is-layout-flow wp-block-group-is-layout-flow\" style=\"padding-right:7rem;padding-left:7rem\">\n<h2 class=\"wp-block-heading has-text-align-center has-base-2-color has-text-color has-link-color wp-elements-35b482245bc63124dd667f32edefdd95\"><strong>Entspannungsraum<\/strong> unter der Sonne von Ol\u00e9ron<br\/><\/h2>\n\n\n\n<p class=\"has-text-align-center has-base-2-color has-text-color has-link-color wp-elements-882a943346dc96ff3b057efc8cf5d6fb\">Nach dem Schwimmen k\u00f6nnen Sie es <strong>sich<\/strong> auf einer der <strong>Sonnenliegen<\/strong> auf der <strong>Sonnenterrasse<\/strong> <strong>gem\u00fctlich<\/strong> machen. <strong>Genie\u00dfen<\/strong> Sie den Wind, die Sonne oder den Schatten eines Sonnenschirms und lesen Sie ein Buch.   <\/p>\n\n\n\n<p class=\"has-text-align-center has-base-2-color has-text-color has-link-color wp-elements-6f4391922e7e28d57d772cfd07bcab2e\">Und wenn Sie einen kleinen Hunger versp\u00fcren, verl\u00e4ngern Sie diesen Moment der Entspannung auf einem Sofa auf der nahen Terrasse der Bar mit Blick auf den Pool. Genie\u00dfen Sie ein k\u00f6stliches <strong>hausgemachtes Eis <\/strong>oder lassen Sie sich von einer leckeren <strong>Waffel<\/strong> verf\u00fchren. All diese sch\u00f6nen Momente tragen dazu bei, dass Sie einen <strong>angenehmen Urlaub<\/strong> auf dem Campingplatz mit beheiztem Pool auf der \u00cele d&#8217;Ol\u00e9ron verbringen.  <\/p>\n\n\n\n<div style=\"height:2rem\" aria-hidden=\"true\" class=\"wp-block-spacer gt-show-mobile\"><\/div>\n<\/div>\n\n\n\n<div class=\"wp-block-cover is-light has-custom-content-position is-position-bottom-left\" style=\"border-top-left-radius:45px;border-top-right-radius:45px;border-bottom-left-radius:45px;border-bottom-right-radius:45px;padding-right:0px;padding-left:0px;min-height:75vh;aspect-ratio:unset;\"><img decoding=\"async\" width=\"2000\" height=\"1500\" class=\"wp-block-cover__image-background wp-image-3023 size-full\" alt=\"camping-la-campiere-piscine-equipee-de-transats\" srcset=\"https:\/\/www.la-campiere.com\/wp-content\/uploads\/2026\/01\/camping-la-campiere-piscine-equipee-de-transats.jpg 2000w\" sizes=\"100vw\" src=\"https:\/\/www.la-campiere.com\/wp-content\/uploads\/2026\/01\/camping-la-campiere-piscine-equipee-de-transats.jpg\" data-object-fit=\"cover\"\/><span aria-hidden=\"true\" class=\"wp-block-cover__background has-background-dim-0 has-background-dim\" style=\"background-color:#7a8883\"><\/span><div class=\"wp-block-cover__inner-container is-layout-flow wp-block-cover-is-layout-flow\">\n<p class=\"has-text-align-center has-large-font-size\"><\/p>\n<\/div><\/div>\n<\/div>\n<\/section>\n\n<div class=\"wp-block-group page-seven is-layout-flow wp-block-group-is-layout-flow\" style=\"padding-top:4rem;padding-bottom:10rem\">\n<div class=\"wp-block-columns are-vertically-aligned-center is-layout-flex wp-container-core-columns-is-layout-28f84493 wp-block-columns-is-layout-flex\">\n<div class=\"wp-block-column is-vertically-aligned-center is-layout-flow wp-block-column-is-layout-flow\" style=\"flex-basis:40%\"><\/div>\n\n\n\n<div class=\"wp-block-column is-vertically-aligned-center is-layout-flow wp-block-column-is-layout-flow\" style=\"flex-basis:60%\">\n<div class=\"wp-block-group titre-decoratif has-custom-orange-color has-text-color has-link-color has-league-spartan-font-family wp-elements-89b29a1590030a1e4dd5737f7e0d3751 is-vertical is-content-justification-left is-nowrap is-layout-flex wp-container-core-group-is-layout-332c27bf wp-block-group-is-layout-flex\" style=\"border-left-color:var(--wp--preset--color--custom-four);border-left-width:1px;padding-right:0;padding-left:var(--wp--preset--spacing--10);font-size:clamp(24.034px, 1.502rem + ((1vw - 3.2px) * 1.663), 40px);line-height:1\">\n<p class=\"has-text-align-left\" style=\"text-transform:uppercase\">Entdecken Sie<em>auch<\/em><br\/><em><\/em><\/p>\n<\/div>\n<\/div>\n<\/div>\n\n\n\n<div data-wp-context=\"{}\" data-wp-interactive=\"core\/query\" data-wp-key=\"0\" data-wp-router-region=\"query-0\" class=\"wp-block-query alignwide gt-fse-maillage-query has-global-padding is-layout-constrained wp-container-core-query-is-layout-1e86373d wp-block-query-is-layout-constrained\"><ul style=\"border-top-left-radius:45px;border-top-right-radius:45px;border-bottom-left-radius:45px;border-bottom-right-radius:45px;\" class=\"columns-3 wp-block-post-template is-layout-grid wp-container-core-post-template-is-layout-6d3fbd8f wp-block-post-template-is-layout-grid\"><li data-wp-key=\"post-template-item-4252\" class=\"wp-block-post post-4252 page type-page status-publish has-post-thumbnail hentry\">\n\n<figure class=\"wp-block-image size-full has-custom-border\"><img decoding=\"async\" src=\"https:\/\/www.la-campiere.com\/wp-content\/uploads\/2026\/01\/camping-la-campiere-hebergement-a-louer-sur-lile-doleron.jpg\" alt=\"camping-la-campiere-hebergement-a-louer-sur-lile-doleron\" class=\"wp-image-1030\" style=\"border-top-left-radius:45px;border-top-right-radius:45px;border-bottom-left-radius:45px;border-bottom-right-radius:45px;aspect-ratio:1;object-fit:cover\"\/><\/figure>\n\n\n\n<div class=\"wp-block-group maillage__title has-base-2-color has-text-color has-link-color has-montserrat-font-family wp-elements-2fb333a41145f9664e40150f58ac8e69 is-content-justification-space-between is-nowrap is-layout-flex wp-container-core-group-is-layout-c52eadd5 wp-block-group-is-layout-flex\" style=\"margin-top:-8rem;padding-right:2rem;padding-bottom:2rem;padding-left:2rem;font-size:clamp(0.912rem, 0.912rem + ((1vw - 0.2rem) * 0.763), 1.37rem);font-style:normal;font-weight:700;line-height:1;text-transform:uppercase\">\n<p class=\"has-base-color has-text-color has-link-color wp-elements-540a599245d35c3ea90b390e74367648\">Unsere Unterk\u00fcnfte<\/p>\n<\/div>\n\n\n<a style=\"border-radius:10px;\" class=\"is-style-lien-cover wp-block-read-more\" href=\"https:\/\/www.la-campiere.com\/de\/unterkunft-vermietung-saint-georges-d-oleron\/\" target=\"_self\">Weiterlesen<span class=\"screen-reader-text\">: Unsere Unterk\u00fcnfte<\/span><\/a>\n<\/li><li data-wp-key=\"post-template-item-4244\" class=\"wp-block-post post-4244 page type-page status-publish has-post-thumbnail hentry\">\n\n<figure class=\"wp-block-image size-full has-custom-border\"><img decoding=\"async\" src=\"https:\/\/www.la-campiere.com\/wp-content\/uploads\/2026\/01\/cote-atlantique-et-village-doleron.jpg\" alt=\"Meer\" class=\"wp-image-1030\" style=\"border-top-left-radius:45px;border-top-right-radius:45px;border-bottom-left-radius:45px;border-bottom-right-radius:45px;aspect-ratio:1;object-fit:cover\"\/><\/figure>\n\n\n\n<div class=\"wp-block-group maillage__title has-base-2-color has-text-color has-link-color has-montserrat-font-family wp-elements-2fb333a41145f9664e40150f58ac8e69 is-content-justification-space-between is-nowrap is-layout-flex wp-container-core-group-is-layout-c52eadd5 wp-block-group-is-layout-flex\" style=\"margin-top:-8rem;padding-right:2rem;padding-bottom:2rem;padding-left:2rem;font-size:clamp(0.912rem, 0.912rem + ((1vw - 0.2rem) * 0.763), 1.37rem);font-style:normal;font-weight:700;line-height:1;text-transform:uppercase\">\n<p class=\"has-base-color has-text-color has-link-color wp-elements-540a599245d35c3ea90b390e74367648\">Meer<\/p>\n<\/div>\n\n\n<a style=\"border-radius:10px;\" class=\"is-style-lien-cover wp-block-read-more\" href=\"https:\/\/www.la-campiere.com\/de\/camping-am-meer-saint-georges-d-oleron\/\" target=\"_self\">Weiterlesen<span class=\"screen-reader-text\">: Meer<\/span><\/a>\n<\/li><li data-wp-key=\"post-template-item-4291\" class=\"wp-block-post post-4291 page type-page status-publish has-post-thumbnail hentry\">\n\n<figure class=\"wp-block-image size-full has-custom-border\"><img decoding=\"async\" src=\"https:\/\/www.la-campiere.com\/wp-content\/uploads\/2025\/12\/camping-la-campiere-location-velos.jpg\" alt=\"camping-la-campiere-vermietung-velos\" class=\"wp-image-1030\" style=\"border-top-left-radius:45px;border-top-right-radius:45px;border-bottom-left-radius:45px;border-bottom-right-radius:45px;aspect-ratio:1;object-fit:cover\"\/><\/figure>\n\n\n\n<div class=\"wp-block-group maillage__title has-base-2-color has-text-color has-link-color has-montserrat-font-family wp-elements-2fb333a41145f9664e40150f58ac8e69 is-content-justification-space-between is-nowrap is-layout-flex wp-container-core-group-is-layout-c52eadd5 wp-block-group-is-layout-flex\" style=\"margin-top:-8rem;padding-right:2rem;padding-bottom:2rem;padding-left:2rem;font-size:clamp(0.912rem, 0.912rem + ((1vw - 0.2rem) * 0.763), 1.37rem);font-style:normal;font-weight:700;line-height:1;text-transform:uppercase\">\n<p class=\"has-base-color has-text-color has-link-color wp-elements-540a599245d35c3ea90b390e74367648\">Unsere Dienstleistungen<\/p>\n<\/div>\n\n\n<a style=\"border-radius:10px;\" class=\"is-style-lien-cover wp-block-read-more\" href=\"https:\/\/www.la-campiere.com\/de\/camping-rezeption-oleron-insel\/\" target=\"_self\">Weiterlesen<span class=\"screen-reader-text\">: Unsere Dienstleistungen<\/span><\/a>\n<\/li><\/ul><\/div>\n<\/div>\n","protected":false},"excerpt":{"rendered":"<p>Campingplatz mit beheiztem Swimmingpool auf der Insel Ol\u00e9ron Auf dem Campingplatz La Campi\u00e8re in Saint-Georges-d&#8217;Ol\u00e9ron k\u00f6nnen Sie sich vom Himmelfahrtswochenende bis Mitte September in unserem beheizten Schwimmbad entspannen. Nach dem Schwimmen k\u00f6nnen Sie sich auf der windgesch\u00fctzten Sonnenterrasse mit Liegest\u00fchlen und Sonnenschirmen entspannen und br\u00e4unen. Genie\u00dfen Sie unseren beheizten Pool in Saint-Georges-d&#8217;Ol\u00e9ron. Mit seinen zwei [&hellip;]<\/p>\n","protected":false},"author":1,"featured_media":3022,"parent":0,"menu_order":0,"comment_status":"closed","ping_status":"closed","template":"","meta":{"_seopress_robots_primary_cat":"","_seopress_titles_title":"Campingplatz beheiztes Schwimmbad \u00cele d'Ol\u00e9ron, Saint-Georges-d'Ol\u00e9ron","_seopress_titles_desc":"Nutzen Sie den beheizten Pool auf dem 4-Sterne-Campingplatz Ile d'Ol\u00e9ron La Campi\u00e8re in Saint Georges d'Ol\u00e9ron, um sich in geselliger Runde zu entspannen.","_seopress_robots_index":"","_gt_ctv_global_id":"","_gt_ctv_id_group":false,"inline_featured_image":false,"gt_fse_maillage_image":"https:\/\/www.la-campiere.com\/wp-content\/uploads\/2026\/01\/camping-la-campiere-avec-piscine-pour-des-vacances-de-reve-scaled.jpg","gt_fse_maillage_titre":"Der Pool","gt_fse_maillage_alt":"Camping-die-Campinganlage-mit-Pool-f\u00fcr-Traumurlaub","gt_fse_maillage_resume":"","footnotes":""},"categories":[],"tags":[],"class_list":["post-4231","page","type-page","status-publish","has-post-thumbnail","hentry"],"_links":{"self":[{"href":"https:\/\/www.la-campiere.com\/de\/wp-json\/wp\/v2\/pages\/4231","targetHints":{"allow":["GET"]}}],"collection":[{"href":"https:\/\/www.la-campiere.com\/de\/wp-json\/wp\/v2\/pages"}],"about":[{"href":"https:\/\/www.la-campiere.com\/de\/wp-json\/wp\/v2\/types\/page"}],"author":[{"embeddable":true,"href":"https:\/\/www.la-campiere.com\/de\/wp-json\/wp\/v2\/users\/1"}],"replies":[{"embeddable":true,"href":"https:\/\/www.la-campiere.com\/de\/wp-json\/wp\/v2\/comments?post=4231"}],"version-history":[{"count":3,"href":"https:\/\/www.la-campiere.com\/de\/wp-json\/wp\/v2\/pages\/4231\/revisions"}],"predecessor-version":[{"id":4241,"href":"https:\/\/www.la-campiere.com\/de\/wp-json\/wp\/v2\/pages\/4231\/revisions\/4241"}],"wp:featuredmedia":[{"embeddable":true,"href":"https:\/\/www.la-campiere.com\/de\/wp-json\/wp\/v2\/media\/3022"}],"wp:attachment":[{"href":"https:\/\/www.la-campiere.com\/de\/wp-json\/wp\/v2\/media?parent=4231"}],"wp:term":[{"taxonomy":"category","embeddable":true,"href":"https:\/\/www.la-campiere.com\/de\/wp-json\/wp\/v2\/categories?post=4231"},{"taxonomy":"post_tag","embeddable":true,"href":"https:\/\/www.la-campiere.com\/de\/wp-json\/wp\/v2\/tags?post=4231"}],"curies":[{"name":"wp","href":"https:\/\/api.w.org\/{rel}","templated":true}]}}