{"id":4256,"date":"2025-12-29T09:34:51","date_gmt":"2025-12-29T08:34:51","guid":{"rendered":"https:\/\/www.la-campiere.com\/camping-pas-cher-saint-georges-d-oleron\/"},"modified":"2026-02-16T08:45:23","modified_gmt":"2026-02-16T07:45:23","slug":"guenstiger-camping-saint-georges-d-oleron","status":"publish","type":"page","link":"https:\/\/www.la-campiere.com\/de\/guenstiger-camping-saint-georges-d-oleron\/","title":{"rendered":"Unsere Preise"},"content":{"rendered":"\n<section class=\"wp-block-group home-seventh-bis deco is-layout-flow wp-block-group-is-layout-flow\" style=\"padding-right:var(--wp--preset--spacing--50);padding-bottom:4rem;padding-left:var(--wp--preset--spacing--50)\">\n<div class=\"wp-block-columns is-layout-flex wp-container-core-columns-is-layout-649c0f26 wp-block-columns-is-layout-flex\" style=\"padding-top:var(--wp--preset--spacing--40);padding-bottom:var(--wp--preset--spacing--40)\">\n<div class=\"wp-block-column is-layout-flow wp-block-column-is-layout-flow\">\n<div class=\"wp-block-group titre-decoratif has-custom-orange-color has-text-color has-link-color wp-elements-8196f417a7cac71f1e68175cd27a8da5 is-vertical is-content-justification-left is-nowrap is-layout-flex wp-container-core-group-is-layout-332c27bf wp-block-group-is-layout-flex\" style=\"border-left-color:var(--wp--preset--color--custom-four);border-left-width:1px;padding-right:0;padding-left:var(--wp--preset--spacing--10)\">\n<h1 class=\"wp-block-heading has-text-align-left\">G\u00fcnstiger Campingplatz auf <strong>der Insel Ol\u00e9ron<\/strong><\/h1>\n<\/div>\n\n\n\n<div class=\"wp-block-group texte is-layout-flow wp-block-group-is-layout-flow\" style=\"padding-left:var(--wp--preset--spacing--20)\">\n<p>Der <a href=\"https:\/\/www.la-campiere.com\/de\/\" data-type=\"page\" data-id=\"33\">Campingplatz La Campi\u00e8re in Saint-Georges-d&#8217;Ol\u00e9ron<\/a> liegt in einer <strong>gr\u00fcnen<\/strong> <strong>Umgebung<\/strong> und bietet Ihnen einen preisg\u00fcnstigen Urlaub auf der Insel Ol\u00e9ron.  <\/p>\n\n\n\n<p>Nur <strong>400<\/strong> <strong>Meter<\/strong> vom Meer entfernt k\u00f6nnen Sie einen Spielfelder auf der \u00cele d&#8217;Ol\u00e9ron buchen, um einen <strong>angenehmen<\/strong> <strong>Aufenthalt<\/strong> im Kiefernwald oder auf der Gartenseite zum kleinen Preis zu genie\u00dfen. W\u00e4hrend der gesamten Saison k\u00f6nnen Sie selbst entscheiden, wann Sie ankommen und abreisen m\u00f6chten, um einen Spielfelder <a href=\"https:\/\/www.la-campiere.com\/de\/stellplatz-vermietung-saint-georges-d-oleron\/\" data-type=\"page\" data-id=\"2303\">auf der \u00cele d&#8217;Ol\u00e9ron zu mieten<\/a>. Wenn Sie mehr <strong>Komfort<\/strong> w\u00fcnschen und sich f\u00fcr <a href=\"https:\/\/www.la-campiere.com\/de\/unterkunft-vermietung-saint-georges-d-oleron\/\" data-type=\"page\" data-id=\"2299\">ein <strong>Chalet<\/strong> oder ein<\/a> voll ausgestattetes  <strong>Lodge-Zelt<\/strong> entscheiden, k\u00f6nnen Sie auch Ihre An- und Abreisetage in der Nebensaison w\u00e4hlen. In der Hochsaison bieten wir An- und Abreisen samstags und mittwochs an. Schauen Sie sich unsere Preise an.    <\/p>\n<\/div>\n<\/div>\n\n\n\n<div class=\"wp-block-column is-layout-flow wp-block-column-is-layout-flow\">\n<figure class=\"wp-block-image size-large has-custom-border\"><img decoding=\"async\" width=\"1024\" height=\"766\" src=\"https:\/\/www.la-campiere.com\/wp-content\/uploads\/2026\/01\/camping-la-campiere-les-emplacements-1024x766.jpg\" alt=\"camping-la-campiere-les-spielfelder\" class=\"wp-image-3119\" style=\"border-top-left-radius:45px;border-top-right-radius:45px;border-bottom-left-radius:45px;border-bottom-right-radius:45px\" srcset=\"https:\/\/www.la-campiere.com\/wp-content\/uploads\/2026\/01\/camping-la-campiere-les-emplacements-1024x766.jpg 1024w, https:\/\/www.la-campiere.com\/wp-content\/uploads\/2026\/01\/camping-la-campiere-les-emplacements-300x224.jpg 300w, https:\/\/www.la-campiere.com\/wp-content\/uploads\/2026\/01\/camping-la-campiere-les-emplacements-768x574.jpg 768w, https:\/\/www.la-campiere.com\/wp-content\/uploads\/2026\/01\/camping-la-campiere-les-emplacements-1536x1149.jpg 1536w, https:\/\/www.la-campiere.com\/wp-content\/uploads\/2026\/01\/camping-la-campiere-les-emplacements.jpg 2000w\" sizes=\"(max-width: 1024px) 100vw, 1024px\" \/><\/figure>\n<\/div>\n<\/div>\n<\/section>\n\n<section class=\"wp-block-group page-seven has-global-padding is-layout-constrained wp-container-core-group-is-layout-3112d8f8 wp-block-group-is-layout-constrained\" style=\"padding-right:0;padding-bottom:7rem;padding-left:0\">\n<div class=\"wp-block-group alignwide titre-decoratif has-custom-orange-color has-text-color has-link-color has-league-spartan-font-family wp-elements-f283acdafe6ddbda58277695d3572d50 is-vertical is-content-justification-center is-nowrap is-layout-flex wp-container-core-group-is-layout-ff4a6b7f wp-block-group-is-layout-flex\" style=\"border-left-style:none;border-left-width:0px;padding-right:0;padding-bottom:2rem;padding-left:0;font-size:clamp(24.034px, 1.502rem + ((1vw - 3.2px) * 1.663), 40px);line-height:1\">\n<p class=\"has-text-align-left\" style=\"text-transform:uppercase\">Preise &amp;<br\/><em>Verf\u00fcgbarkeit<\/em><\/p>\n<\/div>\n\n\n\n<div class=\"wp-block-group alignwide widget-tarifs is-layout-flow wp-block-group-is-layout-flow\" style=\"min-height:20rem\"><div class=\"wp-block-gt-gt-fse-widgets-ctv\" data-wp-interactive=\"gt\/ctv\/widgets\">\n\n                        <ctv-availability ><\/ctv-availability>\n        \n    <\/div>\n<\/div>\n<\/section>\n\n<section class=\"wp-block-group home-fourth page-three has-custom-two-background-color has-background is-layout-flow wp-block-group-is-layout-flow\" style=\"border-bottom-left-radius:45px;border-bottom-right-radius:45px;padding-right:4.69rem;padding-left:4.69rem\">\n<div class=\"wp-block-group fond has-custom-vert-background-color has-background is-layout-flow wp-block-group-is-layout-flow\" style=\"border-radius:15px;padding-top:7rem;padding-right:4.69rem;padding-bottom:7rem;padding-left:4.69rem\">\n<div id=\"promo\" class=\"wp-block-group has-base-2-color has-text-color has-link-color wp-elements-e210babd9db7e2fb6f8910fd3af96dc2 is-layout-flow wp-block-group-is-layout-flow\" style=\"padding-right:7rem;padding-left:7rem\">\n<h2 class=\"wp-block-heading has-text-align-center has-base-2-color has-text-color has-link-color wp-elements-6ad1fb16676143bf5e76fe4aec01f3f2\">Campingplatz mit Sonderangeboten in Saint-Georges-d&#8217;Ol\u00e9ron<\/h2>\n\n\n\n<p class=\"has-text-align-center has-base-2-color has-text-color has-link-color wp-elements-9f8f055eb6c963406330228ae8c8751d\">Um Ihnen das <strong>beste<\/strong> <strong>Preis-Leistungs-Verh\u00e4ltnis zu<\/strong> bieten und Ihnen zu erm\u00f6glichen, Ihren Aufenthalt auf einem g\u00fcnstigen Campingplatz in Saint-Georges-d&#8217;Ol\u00e9ron so lange wie m\u00f6glich zu genie\u00dfen, bieten wir Ihnen w\u00e4hrend der gesamten Saison klar erkennbare <strong>Sonderangebote<\/strong>.  <\/p>\n\n\n\n<p class=\"has-text-align-center\">Ob Sie <a href=\"https:\/\/www.la-campiere.com\/de\/unterkunft-vermietung-saint-georges-d-oleron\/\" data-type=\"page\" data-id=\"2299\">auf der \u00cele d&#8217;Ol\u00e9ron<\/a> ein Ferienhaus oder eine Ferienwohnung mieten m\u00f6chten, ist ganz Ihnen \u00fcberlassen. <strong><a href=\"https:\/\/www.la-campiere.com\/de\/stellplatz-vermietung-saint-georges-d-oleron\/\" data-type=\"page\" data-id=\"2303\">Spielfelder auf Tonh\u00f6he.<\/a><\/strong>W\u00e4hrend der Vor- und Nachsaison k\u00f6nnen Sie einen g\u00fcnstigeren Aufenthalt genie\u00dfen, indem Sie bei einem Aufenthalt von einer Woche eine Nacht geschenkt bekommen<strong>(Angebot 7=6<\/strong>).  <\/p>\n\n\n\n<p class=\"has-text-align-center has-base-2-color has-text-color has-link-color wp-elements-ff0822e3db58999f4310ec9db0809c8c\">Und da eine Woche Urlaub im Sommer immer zu kurz ist, profitieren Sie von einem <strong>Rabatt von 10%<\/strong> mit unserem Angebot f\u00fcr Langzeitaufenthalte ab 14 N\u00e4chten in einem Chalet oder einer Zelt-Lodge mit An- und Abreise samstags oder mittwochs. Der Campingplatz La Campi\u00e8re und seine <strong>bukolische Umgebung<\/strong> sind ideal f\u00fcr einen Urlaub zu zweit, um neue Energie zu tanken. In der Vor- und Nachsaison bieten wir Ihnen <strong>unsere &#8222;DUO&#8220;-Angebote<\/strong> in einem ger\u00e4umigen Chalet mit 2 Schlafzimmern f\u00fcr 4 Personen ab 279\u20ac pro Woche (je nach Chalet).  <\/p>\n\n\n\n<div style=\"height:2rem\" aria-hidden=\"true\" class=\"wp-block-spacer gt-hide-mobile\"><\/div>\n<\/div>\n\n\n\n<div class=\"wp-block-cover is-light has-custom-content-position is-position-bottom-left\" style=\"border-top-left-radius:45px;border-top-right-radius:45px;border-bottom-left-radius:45px;border-bottom-right-radius:45px;padding-right:0px;padding-left:0px;min-height:70vh;aspect-ratio:unset;\"><img decoding=\"async\" width=\"2000\" height=\"1333\" class=\"wp-block-cover__image-background wp-image-3126 size-full\" alt=\"camping-la-campiere-vue-du-ciel\" srcset=\"https:\/\/www.la-campiere.com\/wp-content\/uploads\/2026\/01\/camping-la-campiere-vue-du-ciel.jpg 2000w\" sizes=\"100vw\" src=\"https:\/\/www.la-campiere.com\/wp-content\/uploads\/2026\/01\/camping-la-campiere-vue-du-ciel.jpg\" data-object-fit=\"cover\"\/><span aria-hidden=\"true\" class=\"wp-block-cover__background has-background-dim-0 has-background-dim\" style=\"background-color:#a5b2a4\"><\/span><div class=\"wp-block-cover__inner-container is-layout-flow wp-block-cover-is-layout-flow\">\n<p class=\"has-text-align-center has-large-font-size\"><\/p>\n<\/div><\/div>\n<\/div>\n<\/section>\n\n<section class=\"wp-block-group home-seventh is-layout-flow wp-block-group-is-layout-flow\" style=\"margin-top:7rem;padding-right:var(--wp--preset--spacing--50);padding-left:var(--wp--preset--spacing--50)\">\n<div class=\"wp-block-columns are-vertically-aligned-center is-layout-flex wp-container-core-columns-is-layout-649c0f26 wp-block-columns-is-layout-flex\" style=\"padding-top:var(--wp--preset--spacing--40);padding-bottom:var(--wp--preset--spacing--40)\">\n<div class=\"wp-block-column is-vertically-aligned-center is-layout-flow wp-block-column-is-layout-flow\">\n<figure class=\"wp-block-image size-large has-custom-border\"><img decoding=\"async\" width=\"1024\" height=\"768\" src=\"https:\/\/www.la-campiere.com\/wp-content\/uploads\/2026\/01\/camping-la-campiere-chalet-turquoise-A-1024x768.jpg\" alt=\"camping-la-campiere-chalet-turquoise-A\" class=\"wp-image-3434\" style=\"border-top-left-radius:45px;border-top-right-radius:45px;border-bottom-left-radius:45px;border-bottom-right-radius:45px\" srcset=\"https:\/\/www.la-campiere.com\/wp-content\/uploads\/2026\/01\/camping-la-campiere-chalet-turquoise-A-1024x768.jpg 1024w, https:\/\/www.la-campiere.com\/wp-content\/uploads\/2026\/01\/camping-la-campiere-chalet-turquoise-A-300x225.jpg 300w, https:\/\/www.la-campiere.com\/wp-content\/uploads\/2026\/01\/camping-la-campiere-chalet-turquoise-A-768x576.jpg 768w, https:\/\/www.la-campiere.com\/wp-content\/uploads\/2026\/01\/camping-la-campiere-chalet-turquoise-A-1536x1152.jpg 1536w, https:\/\/www.la-campiere.com\/wp-content\/uploads\/2026\/01\/camping-la-campiere-chalet-turquoise-A.jpg 2000w\" sizes=\"(max-width: 1024px) 100vw, 1024px\" \/><\/figure>\n<\/div>\n\n\n\n<div class=\"wp-block-column is-vertically-aligned-center is-layout-flow wp-block-column-is-layout-flow\">\n<div class=\"wp-block-group titre-decoratif has-custom-orange-color has-text-color has-link-color wp-elements-ec9b5abd17d04b5f1be0f25014cb347a is-vertical is-content-justification-left is-nowrap is-layout-flex wp-container-core-group-is-layout-332c27bf wp-block-group-is-layout-flex\" style=\"border-left-color:var(--wp--preset--color--custom-four);border-left-width:1px;padding-right:0;padding-left:var(--wp--preset--spacing--10)\">\n<h2 class=\"wp-block-heading has-text-align-left\"><strong>Buchen Sie live<\/strong> und nutzen Sie den besten Preis.<\/h2>\n<\/div>\n\n\n\n<div class=\"wp-block-group texte is-layout-flow wp-block-group-is-layout-flow\" style=\"padding-left:var(--wp--preset--spacing--20)\">\n<p>Auf unserem <strong>g\u00fcnstigen<\/strong> Campingplatz auf der Insel Ol\u00e9ron bieten wir Ihnen die ganze Saison \u00fcber die <strong>g\u00fcnstigsten<\/strong> <strong>Preise<\/strong> an. Wir achten darauf, dass jeder das <strong>beste<\/strong> <strong>Preis-Leistungs-Verh\u00e4ltnis<\/strong> erh\u00e4lt, egal wann er bucht. Unsere Preise sind die ganze Saison \u00fcber fest und Sie k\u00f6nnen direkt auf unserer Website sicher buchen, um von einem <strong>fairen<\/strong> und <strong>definitiven<\/strong><strong>Preis<\/strong> <strong>zu <\/strong> profitieren, ohne Zwischenh\u00e4ndler oder zus\u00e4tzliche Kosten.   <\/p>\n<\/div>\n<\/div>\n<\/div>\n<\/section>\n\n<div class=\"wp-block-group page-seven is-layout-flow wp-block-group-is-layout-flow\" style=\"padding-top:4rem;padding-bottom:10rem\">\n<div class=\"wp-block-columns are-vertically-aligned-center is-layout-flex wp-container-core-columns-is-layout-28f84493 wp-block-columns-is-layout-flex\">\n<div class=\"wp-block-column is-vertically-aligned-center is-layout-flow wp-block-column-is-layout-flow\" style=\"flex-basis:40%\"><\/div>\n\n\n\n<div class=\"wp-block-column is-vertically-aligned-center is-layout-flow wp-block-column-is-layout-flow\" style=\"flex-basis:60%\">\n<div class=\"wp-block-group titre-decoratif has-custom-orange-color has-text-color has-link-color has-league-spartan-font-family wp-elements-89b29a1590030a1e4dd5737f7e0d3751 is-vertical is-content-justification-left is-nowrap is-layout-flex wp-container-core-group-is-layout-332c27bf wp-block-group-is-layout-flex\" style=\"border-left-color:var(--wp--preset--color--custom-four);border-left-width:1px;padding-right:0;padding-left:var(--wp--preset--spacing--10);font-size:clamp(24.034px, 1.502rem + ((1vw - 3.2px) * 1.663), 40px);line-height:1\">\n<p class=\"has-text-align-left\" style=\"text-transform:uppercase\">Entdecken Sie<em>auch<\/em><br\/><em><\/em><\/p>\n<\/div>\n<\/div>\n<\/div>\n\n\n\n<div data-wp-context=\"{}\" data-wp-interactive=\"core\/query\" data-wp-key=\"0\" data-wp-router-region=\"query-0\" class=\"wp-block-query alignwide gt-fse-maillage-query has-global-padding is-layout-constrained wp-container-core-query-is-layout-1e86373d wp-block-query-is-layout-constrained\"><ul style=\"border-top-left-radius:45px;border-top-right-radius:45px;border-bottom-left-radius:45px;border-bottom-right-radius:45px;\" class=\"columns-3 wp-block-post-template is-layout-grid wp-container-core-post-template-is-layout-6d3fbd8f wp-block-post-template-is-layout-grid\"><li data-wp-key=\"post-template-item-4252\" class=\"wp-block-post post-4252 page type-page status-publish has-post-thumbnail hentry\">\n\n<figure class=\"wp-block-image size-full has-custom-border\"><img decoding=\"async\" src=\"https:\/\/www.la-campiere.com\/wp-content\/uploads\/2026\/01\/camping-la-campiere-hebergement-a-louer-sur-lile-doleron.jpg\" alt=\"camping-la-campiere-hebergement-a-louer-sur-lile-doleron\" class=\"wp-image-1030\" style=\"border-top-left-radius:45px;border-top-right-radius:45px;border-bottom-left-radius:45px;border-bottom-right-radius:45px;aspect-ratio:1;object-fit:cover\"\/><\/figure>\n\n\n\n<div class=\"wp-block-group maillage__title has-base-2-color has-text-color has-link-color has-montserrat-font-family wp-elements-2fb333a41145f9664e40150f58ac8e69 is-content-justification-space-between is-nowrap is-layout-flex wp-container-core-group-is-layout-c52eadd5 wp-block-group-is-layout-flex\" style=\"margin-top:-8rem;padding-right:2rem;padding-bottom:2rem;padding-left:2rem;font-size:clamp(0.912rem, 0.912rem + ((1vw - 0.2rem) * 0.763), 1.37rem);font-style:normal;font-weight:700;line-height:1;text-transform:uppercase\">\n<p class=\"has-base-color has-text-color has-link-color wp-elements-540a599245d35c3ea90b390e74367648\">Unsere Unterk\u00fcnfte<\/p>\n<\/div>\n\n\n<a style=\"border-radius:10px;\" class=\"is-style-lien-cover wp-block-read-more\" href=\"https:\/\/www.la-campiere.com\/de\/unterkunft-vermietung-saint-georges-d-oleron\/\" target=\"_self\">Weiterlesen<span class=\"screen-reader-text\">: Unsere Unterk\u00fcnfte<\/span><\/a>\n<\/li><li data-wp-key=\"post-template-item-4258\" class=\"wp-block-post post-4258 page type-page status-publish has-post-thumbnail hentry\">\n\n<figure class=\"wp-block-image size-full has-custom-border\"><img decoding=\"async\" src=\"https:\/\/www.la-campiere.com\/wp-content\/uploads\/2026\/01\/camping-la-campiere-emplacements-arbores.jpg\" alt=\"camping-la-campiere-spielfelder-arbores\" class=\"wp-image-1030\" style=\"border-top-left-radius:45px;border-top-right-radius:45px;border-bottom-left-radius:45px;border-bottom-right-radius:45px;aspect-ratio:1;object-fit:cover\"\/><\/figure>\n\n\n\n<div class=\"wp-block-group maillage__title has-base-2-color has-text-color has-link-color has-montserrat-font-family wp-elements-2fb333a41145f9664e40150f58ac8e69 is-content-justification-space-between is-nowrap is-layout-flex wp-container-core-group-is-layout-c52eadd5 wp-block-group-is-layout-flex\" style=\"margin-top:-8rem;padding-right:2rem;padding-bottom:2rem;padding-left:2rem;font-size:clamp(0.912rem, 0.912rem + ((1vw - 0.2rem) * 0.763), 1.37rem);font-style:normal;font-weight:700;line-height:1;text-transform:uppercase\">\n<p class=\"has-base-color has-text-color has-link-color wp-elements-540a599245d35c3ea90b390e74367648\">Unsere Standorte<\/p>\n<\/div>\n\n\n<a style=\"border-radius:10px;\" class=\"is-style-lien-cover wp-block-read-more\" href=\"https:\/\/www.la-campiere.com\/de\/stellplatz-vermietung-saint-georges-d-oleron\/\" target=\"_self\">Weiterlesen<span class=\"screen-reader-text\">: Unsere Standorte<\/span><\/a>\n<\/li><li data-wp-key=\"post-template-item-4287\" class=\"wp-block-post post-4287 page type-page status-publish has-post-thumbnail hentry\">\n\n<figure class=\"wp-block-image size-full has-custom-border\"><img decoding=\"async\" src=\"https:\/\/www.la-campiere.com\/wp-content\/uploads\/2025\/12\/actions-en-faveur-de-lenvironnement-camping-la-campiere.jpg\" alt=\"Umweltfreundliche Aktionen-Camping-la-campiere\" class=\"wp-image-1030\" style=\"border-top-left-radius:45px;border-top-right-radius:45px;border-bottom-left-radius:45px;border-bottom-right-radius:45px;aspect-ratio:1;object-fit:cover\"\/><\/figure>\n\n\n\n<div class=\"wp-block-group maillage__title has-base-2-color has-text-color has-link-color has-montserrat-font-family wp-elements-2fb333a41145f9664e40150f58ac8e69 is-content-justification-space-between is-nowrap is-layout-flex wp-container-core-group-is-layout-c52eadd5 wp-block-group-is-layout-flex\" style=\"margin-top:-8rem;padding-right:2rem;padding-bottom:2rem;padding-left:2rem;font-size:clamp(0.912rem, 0.912rem + ((1vw - 0.2rem) * 0.763), 1.37rem);font-style:normal;font-weight:700;line-height:1;text-transform:uppercase\">\n<p class=\"has-base-color has-text-color has-link-color wp-elements-540a599245d35c3ea90b390e74367648\">\u00d6kologisch verantwortliches Engagement<\/p>\n<\/div>\n\n\n<a style=\"border-radius:10px;\" class=\"is-style-lien-cover wp-block-read-more\" href=\"https:\/\/www.la-campiere.com\/de\/umweltfreundlicher-camping-saint-georges-d-oleron\/\" target=\"_self\">Weiterlesen<span class=\"screen-reader-text\">: \u00d6kologisch verantwortliches Engagement<\/span><\/a>\n<\/li><\/ul><\/div>\n<\/div>\n","protected":false},"excerpt":{"rendered":"<p>G\u00fcnstiger Campingplatz auf der Insel Ol\u00e9ron Der Campingplatz La Campi\u00e8re in Saint-Georges-d&#8217;Ol\u00e9ron liegt in einer gr\u00fcnen Umgebung und bietet Ihnen einen preisg\u00fcnstigen Urlaub auf der Insel Ol\u00e9ron. Nur 400 Meter vom Meer entfernt k\u00f6nnen Sie einen Spielfelder auf der \u00cele d&#8217;Ol\u00e9ron buchen, um einen angenehmen Aufenthalt im Kiefernwald oder auf der Gartenseite zum kleinen Preis [&hellip;]<\/p>\n","protected":false},"author":1,"featured_media":3118,"parent":0,"menu_order":0,"comment_status":"closed","ping_status":"closed","template":"","meta":{"_seopress_robots_primary_cat":"","_seopress_titles_title":"G\u00fcnstiger Campingplatz Saint-Georges-d'Ol\u00e9ron| Campingplatz \u00cele Ol\u00e9ron","_seopress_titles_desc":"Genie\u00dfen Sie einen erschwinglichen Aufenthalt in der N\u00e4he des Ozeans auf der \u00cele d'Ol\u00e9ron. Preisg\u00fcnstige Spielfelder und Sonderangebote das ganze Jahr \u00fcber. Buchen Sie direkt!  ","_seopress_robots_index":"","_gt_ctv_global_id":"","_gt_ctv_id_group":false,"inline_featured_image":false,"gt_fse_maillage_image":"https:\/\/www.la-campiere.com\/wp-content\/uploads\/2026\/01\/terrasse-piscine-camping-la-campiere.jpg","gt_fse_maillage_titre":"Unsere Preise","gt_fse_maillage_alt":"Unsere Preise","gt_fse_maillage_resume":"","footnotes":""},"categories":[],"tags":[],"class_list":["post-4256","page","type-page","status-publish","has-post-thumbnail","hentry"],"_links":{"self":[{"href":"https:\/\/www.la-campiere.com\/de\/wp-json\/wp\/v2\/pages\/4256","targetHints":{"allow":["GET"]}}],"collection":[{"href":"https:\/\/www.la-campiere.com\/de\/wp-json\/wp\/v2\/pages"}],"about":[{"href":"https:\/\/www.la-campiere.com\/de\/wp-json\/wp\/v2\/types\/page"}],"author":[{"embeddable":true,"href":"https:\/\/www.la-campiere.com\/de\/wp-json\/wp\/v2\/users\/1"}],"replies":[{"embeddable":true,"href":"https:\/\/www.la-campiere.com\/de\/wp-json\/wp\/v2\/comments?post=4256"}],"version-history":[{"count":9,"href":"https:\/\/www.la-campiere.com\/de\/wp-json\/wp\/v2\/pages\/4256\/revisions"}],"predecessor-version":[{"id":4569,"href":"https:\/\/www.la-campiere.com\/de\/wp-json\/wp\/v2\/pages\/4256\/revisions\/4569"}],"wp:featuredmedia":[{"embeddable":true,"href":"https:\/\/www.la-campiere.com\/de\/wp-json\/wp\/v2\/media\/3118"}],"wp:attachment":[{"href":"https:\/\/www.la-campiere.com\/de\/wp-json\/wp\/v2\/media?parent=4256"}],"wp:term":[{"taxonomy":"category","embeddable":true,"href":"https:\/\/www.la-campiere.com\/de\/wp-json\/wp\/v2\/categories?post=4256"},{"taxonomy":"post_tag","embeddable":true,"href":"https:\/\/www.la-campiere.com\/de\/wp-json\/wp\/v2\/tags?post=4256"}],"curies":[{"name":"wp","href":"https:\/\/api.w.org\/{rel}","templated":true}]}}