{"id":4281,"date":"2025-12-29T09:33:26","date_gmt":"2025-12-29T08:33:26","guid":{"rendered":"https:\/\/www.la-campiere.com\/camping-animations-saint-georges-d-oleron\/"},"modified":"2026-02-13T17:17:30","modified_gmt":"2026-02-13T16:17:30","slug":"camping-animationen-saint-georges-d-oleron","status":"publish","type":"page","link":"https:\/\/www.la-campiere.com\/de\/camping-animationen-saint-georges-d-oleron\/","title":{"rendered":"Animationen und Aktivit\u00e4ten"},"content":{"rendered":"\n<section class=\"wp-block-group alignfull home-first page-first anim overflow-hidden is-layout-flow wp-block-group-is-layout-flow\" style=\"margin-bottom:0px;padding-top:7rem;padding-right:var(--wp--preset--spacing--60);padding-bottom:7rem;padding-left:var(--wp--preset--spacing--60)\">\n<div class=\"wp-block-columns gt-main-group gt-reverse-mobile is-layout-flex wp-container-core-columns-is-layout-0b70d401 wp-block-columns-is-layout-flex\">\n<div class=\"wp-block-column first is-layout-flow wp-block-column-is-layout-flow\" style=\"flex-basis:55%\">\n<div class=\"wp-block-columns is-not-stacked-on-mobile mosaique wp-container-content-b99e70a5 is-layout-flex wp-container-core-columns-is-layout-28f84493 wp-block-columns-is-layout-flex\">\n<div class=\"wp-block-column animate-up is-layout-flow wp-block-column-is-layout-flow\">\n<div class=\"wp-block-cover is-light\" style=\"border-top-left-radius:45px;border-top-right-radius:45px;border-bottom-left-radius:45px;border-bottom-right-radius:45px;min-height:25rem;aspect-ratio:unset;\"><img decoding=\"async\" width=\"1536\" height=\"1024\" class=\"wp-block-cover__image-background wp-image-2788 size-full\" alt=\"camping-la-campiere-aire-jeux-enfants-camping\" srcset=\"https:\/\/www.la-campiere.com\/wp-content\/uploads\/2025\/12\/camping-la-campiere-aire-jeux-enfants-camping.jpg 1536w\" sizes=\"100vw\" src=\"https:\/\/www.la-campiere.com\/wp-content\/uploads\/2025\/12\/camping-la-campiere-aire-jeux-enfants-camping.jpg\" data-object-fit=\"cover\"\/><span aria-hidden=\"true\" class=\"wp-block-cover__background has-background-dim-0 has-background-dim\" style=\"background-color:#8b7e76\"><\/span><div class=\"wp-block-cover__inner-container has-global-padding is-layout-constrained wp-block-cover-is-layout-constrained\">\n<p class=\"has-text-align-center has-large-font-size\"><\/p>\n<\/div><\/div>\n\n\n\n<div class=\"wp-block-cover is-light has-aspect-ratio\" style=\"border-top-left-radius:45px;border-top-right-radius:45px;border-bottom-left-radius:45px;border-bottom-right-radius:45px;min-height:20rem;aspect-ratio:1;min-height:unset;\"><img decoding=\"async\" width=\"1536\" height=\"1024\" class=\"wp-block-cover__image-background wp-image-3852 size-full\" alt=\"camping-la-campiere-jardin-ensoleille-avec-terrasse-de-ping-pong\" srcset=\"https:\/\/www.la-campiere.com\/wp-content\/uploads\/2026\/01\/camping-la-campiere-jardin-ensoleille-avec-terrasse-de-ping-pong.jpg 1536w\" sizes=\"100vw\" src=\"https:\/\/www.la-campiere.com\/wp-content\/uploads\/2026\/01\/camping-la-campiere-jardin-ensoleille-avec-terrasse-de-ping-pong.jpg\" data-object-fit=\"cover\"\/><span aria-hidden=\"true\" class=\"wp-block-cover__background has-background-dim-0 has-background-dim\" style=\"background-color:#8c8f7b\"><\/span><div class=\"wp-block-cover__inner-container has-global-padding is-layout-constrained wp-block-cover-is-layout-constrained\">\n<p class=\"has-text-align-center has-large-font-size\"><\/p>\n<\/div><\/div>\n<\/div>\n\n\n\n<div class=\"wp-block-column animate-down is-layout-flow wp-block-column-is-layout-flow\">\n<div style=\"height:10rem\" aria-hidden=\"true\" class=\"wp-block-spacer gt-hide-mobile\"><\/div>\n\n\n\n<div class=\"wp-block-cover\" style=\"border-top-left-radius:45px;border-top-right-radius:45px;border-bottom-left-radius:45px;border-bottom-right-radius:45px;min-height:20rem;aspect-ratio:unset;\"><img decoding=\"async\" width=\"2000\" height=\"1500\" class=\"wp-block-cover__image-background wp-image-2821 size-full\" alt=\"camping-la-campiere-petanque-et-les-autres-activites\" srcset=\"https:\/\/www.la-campiere.com\/wp-content\/uploads\/2025\/12\/camping-la-campiere-petanque-et-les-autres-activites.jpg 2000w\" sizes=\"100vw\" src=\"https:\/\/www.la-campiere.com\/wp-content\/uploads\/2025\/12\/camping-la-campiere-petanque-et-les-autres-activites.jpg\" data-object-fit=\"cover\"\/><span aria-hidden=\"true\" class=\"wp-block-cover__background has-background-dim-0 has-background-dim\" style=\"background-color:#757a7c\"><\/span><div class=\"wp-block-cover__inner-container has-global-padding is-layout-constrained wp-block-cover-is-layout-constrained\">\n<p class=\"has-text-align-center has-large-font-size\"><\/p>\n<\/div><\/div>\n\n\n\n<div class=\"wp-block-cover is-light has-custom-content-position is-position-bottom-left gt-cta__cover\" style=\"border-top-left-radius:45px;border-top-right-radius:45px;border-bottom-left-radius:45px;border-bottom-right-radius:45px;min-height:17rem;aspect-ratio:unset;\"><img decoding=\"async\" width=\"2000\" height=\"1333\" class=\"wp-block-cover__image-background wp-image-3856 size-full\" alt=\"camping-la-campiere-les-jeux-a-ressort\" srcset=\"https:\/\/www.la-campiere.com\/wp-content\/uploads\/2026\/01\/camping-la-campiere-les-jeux-a-ressort.jpg 2000w\" sizes=\"100vw\" src=\"https:\/\/www.la-campiere.com\/wp-content\/uploads\/2026\/01\/camping-la-campiere-les-jeux-a-ressort.jpg\" data-object-fit=\"cover\"\/><span aria-hidden=\"true\" class=\"wp-block-cover__background has-background-dim-0 has-background-dim\"><\/span><div class=\"wp-block-cover__inner-container is-layout-flow wp-block-cover-is-layout-flow\">\n<p class=\"has-text-align-center has-large-font-size\"><\/p>\n<\/div><\/div>\n<\/div>\n<\/div>\n<\/div>\n\n\n\n<div class=\"wp-block-column second is-layout-flow wp-block-column-is-layout-flow\" style=\"flex-basis:45%\">\n<div class=\"wp-block-group wp-container-content-a5fc19f1 is-layout-flow wp-block-group-is-layout-flow\">\n<div class=\"wp-block-group deco-titre has-custom-orange-color has-text-color has-link-color wp-elements-74c0457d7e5f39feb0b70f8e8df32747 is-vertical is-nowrap is-layout-flex wp-container-core-group-is-layout-c9992202 wp-block-group-is-layout-flex\" style=\"margin-top:2rem\">\n<div class=\"wp-block-group is-layout-flow wp-block-group-is-layout-flow\">\n<h1 class=\"wp-block-heading has-custom-orange-color has-text-color has-link-color wp-elements-cc199f6e76a16a4e61b1ec9bab38cb6b\"><strong>Campingplatz mit Aktivit\u00e4ten<\/strong> in Saint-Georges-d&#8217;Ol\u00e9ron<\/h1>\n\n\n\n<div style=\"height:1rem\" aria-hidden=\"true\" class=\"wp-block-spacer gt-show-mobile\"><\/div>\n\n\n\n<p>Der <a href=\"https:\/\/www.la-campiere.com\/de\/\" data-type=\"page\" data-id=\"33\">Campingplatz La Campi\u00e8re auf der \u00cele d&#8217;Ol\u00e9ron<\/a> empf\u00e4ngt Sie zu einem <strong>entspannenden<\/strong> und <strong>erholsamen<\/strong> <strong>Urlaub<\/strong>. Hier wird <strong>Geselligkeit<\/strong> gro\u00df geschrieben, die Aktivit\u00e4ten und Animationen laden Gro\u00df und Klein zu <strong>einfachen<\/strong> und <strong>authentischen<\/strong> <strong>Momenten<\/strong> ein. Sei es auf den <strong>Spielpl\u00e4tzen<\/strong> oder im Herzen des <strong>5000 m2 gro\u00dfen Naturwaldes<\/strong> des Campingplatzes.  <\/p>\n<\/div>\n<\/div>\n\n\n\n<div style=\"height:14rem\" aria-hidden=\"true\" class=\"wp-block-spacer gt-hide-mobile gt-hide-mobile\"><\/div>\n\n\n\n<div class=\"wp-block-group content is-layout-flow wp-block-group-is-layout-flow\">\n<h2 class=\"wp-block-heading\"><strong>Spielplatz<\/strong> f\u00fcr Ihre Kleinen<\/h2>\n\n\n\n<p>Im Herzen des Campingplatzes mit Aktivit\u00e4ten in Saint-Georges-d&#8217;Ol\u00e9ron befindet sich ein <strong>kleiner Spielplatz <\/strong>, auf dem sich die Kleinsten (2-10 Jahre) in einer <strong>sicheren<\/strong> und <strong>geselligen<\/strong> <strong>Umgebung<\/strong> aufhalten k\u00f6nnen. W\u00e4hrend die Eltern mit dem Abwasch besch\u00e4ftigt sind oder auf dem Grill grillen, k\u00f6nnen sich die Kleinen unter den Augen ihrer Eltern nach Herzenslust austoben, indem sie auf den <strong>Federspielger\u00e4ten<\/strong> schaukeln oder sich mit vollem K\u00f6rpereinsatz auf die <strong>Rutsche<\/strong> st\u00fcrzen. Die Gr\u00f6\u00dferen k\u00f6nnen sich auf der <strong>gro\u00dfen<\/strong> <strong>Schaukel<\/strong> nicht zur\u00fcckhalten und die Waghalsigeren klettern die <strong>Kletterwand<\/strong> hinauf.  <\/p>\n<\/div>\n\n\n\n<div class=\"wp-block-group pastille has-montserrat-font-family is-vertical is-content-justification-center is-nowrap is-layout-flex wp-container-core-group-is-layout-70a63d78 wp-block-group-is-layout-flex\" style=\"margin-top:2rem;font-style:normal;font-weight:700;line-height:1;text-transform:uppercase\">\n<figure class=\"wp-block-image size-large wp-duotone-ffffff-ffffff-1\"><img decoding=\"async\" width=\"14\" height=\"14\" src=\"https:\/\/www.la-campiere.com\/wp-content\/uploads\/2025\/05\/red-sparkle.svg\" alt=\"red-sparkle\" class=\"wp-image-116\"\/><\/figure>\n\n\n\n<p class=\"has-text-align-center has-base-2-color has-text-color has-link-color wp-elements-b7aa7fdfb5c4f3230d82c97c2b195c0f\">teilen &amp;<br\/>l\u00e4cheln<\/p>\n\n\n\n<figure class=\"wp-block-image size-large wp-duotone-ffffff-ffffff-2\"><img decoding=\"async\" width=\"14\" height=\"14\" src=\"https:\/\/www.la-campiere.com\/wp-content\/uploads\/2025\/05\/red-sparkle.svg\" alt=\"red-sparkle\" class=\"wp-image-116\"\/><\/figure>\n<\/div>\n<\/div>\n<\/div>\n<\/div>\n<\/section>\n\n<section class=\"wp-block-group home-seventh-bis has-custom-five-background-color has-background is-layout-flow wp-block-group-is-layout-flow\" style=\"padding-top:7rem;padding-right:var(--wp--preset--spacing--50);padding-bottom:7rem;padding-left:var(--wp--preset--spacing--50)\">\n<div class=\"wp-block-columns is-layout-flex wp-container-core-columns-is-layout-649c0f26 wp-block-columns-is-layout-flex\" style=\"padding-top:var(--wp--preset--spacing--40);padding-bottom:var(--wp--preset--spacing--40)\">\n<div class=\"wp-block-column is-layout-flow wp-block-column-is-layout-flow\">\n<div class=\"wp-block-group titre-decoratif has-custom-orange-color has-text-color has-link-color wp-elements-3718e9c631c11f9f1e5c57cc88d98542 is-vertical is-content-justification-left is-nowrap is-layout-flex wp-container-core-group-is-layout-332c27bf wp-block-group-is-layout-flex\" style=\"border-left-color:var(--wp--preset--color--custom-four);border-left-width:1px;padding-right:0;padding-left:var(--wp--preset--spacing--10)\">\n<h2 class=\"wp-block-heading has-text-align-left\"><strong>Freizeit<\/strong>, Spiele und Einrichtungen<\/h2>\n<\/div>\n\n\n\n<p>Auf dem <a href=\"https:\/\/www.la-campiere.com\/de\/camping-rezeption-oleron-insel\/\" data-type=\"page\" data-id=\"2279\">4-Sterne-Campingplatz La Campi\u00e8re<\/a> ist <strong>Spielen<\/strong> im <strong>Freien<\/strong> angesagt. Im <strong>Entspannungsbereich<\/strong>, inmitten von <strong>Blumen<\/strong>, in der N\u00e4he des <strong>Swimmingpools<\/strong> und der <strong>Snackbar<\/strong> stehen Ihnen zahlreiche Spiele und Ger\u00e4te zur Verf\u00fcgung.   <\/p>\n\n\n\n<p>Der <strong>Kiefernwald<\/strong> ist auch ein Spielplatz, wo die Kinder <strong>H\u00fctten<\/strong> bauen k\u00f6nnen (Material wird zur Verf\u00fcgung gestellt) und sich die besten Geschichten des Sommers erz\u00e4hlen k\u00f6nnen.  <\/p>\n\n\n\n<p>Neben dem Spielplatz f\u00fcr die Kleinsten k\u00f6nnen Kinder und Eltern gemeinsame Momente an der <strong>Tischtennisplatte<\/strong> (Schl\u00e4ger k\u00f6nnen ausgeliehen werden) und am <strong>Tischfu\u00dfball<\/strong> auf der Terrasse verbringen. Auf dem <strong>Boulespielplatz <\/strong> wird viel gelacht und Sie k\u00f6nnen mit der Familie oder mit Freunden ein spannendes Spiel spielen. Wir stellen Ihnen Boulekugeln zur Verf\u00fcgung, f\u00fcr die Kleinen auch Plastikkugeln. Sie k\u00f6nnen sich auch an <strong>Shuffleboard<\/strong> oder <strong>Molkky<\/strong> versuchen.   <\/p>\n\n\n\n<p>F\u00fcr die ruhigen Zeiten stellen wir Ihnen kostenlos <strong>Gesellschaftsspiele <\/strong>zur Verf\u00fcgung, die Sie auf der <strong>Terrasse der Bar<\/strong> oder auf Ihrem <strong>Spielfelder<\/strong> <strong>spielen <\/strong>k\u00f6nnen. Unsere <strong>gemeinsame Bibliothek<\/strong> erm\u00f6glicht es Ihnen, ein Buch in Franz\u00f6sisch oder einer Fremdsprache zu tauschen oder zu adoptieren.   <\/p>\n<\/div>\n\n\n\n<div class=\"wp-block-column is-layout-flow wp-block-column-is-layout-flow\">\n<figure class=\"wp-block-image size-large has-custom-border\"><img decoding=\"async\" width=\"1024\" height=\"683\" src=\"https:\/\/www.la-campiere.com\/wp-content\/uploads\/2025\/12\/camping-la-campiere-les-loisirs-1024x683.jpg\" alt=\"camping-la-campiere-les-loisirs\" class=\"wp-image-2804\" style=\"border-top-left-radius:45px;border-top-right-radius:45px;border-bottom-left-radius:45px;border-bottom-right-radius:45px\" srcset=\"https:\/\/www.la-campiere.com\/wp-content\/uploads\/2025\/12\/camping-la-campiere-les-loisirs-1024x683.jpg 1024w, https:\/\/www.la-campiere.com\/wp-content\/uploads\/2025\/12\/camping-la-campiere-les-loisirs-300x200.jpg 300w, https:\/\/www.la-campiere.com\/wp-content\/uploads\/2025\/12\/camping-la-campiere-les-loisirs-768x512.jpg 768w, https:\/\/www.la-campiere.com\/wp-content\/uploads\/2025\/12\/camping-la-campiere-les-loisirs.jpg 1536w\" sizes=\"(max-width: 1024px) 100vw, 1024px\" \/><\/figure>\n<\/div>\n<\/div>\n<\/section>\n\n<section class=\"wp-block-group alignfull home-third page-two is-layout-flow wp-block-group-is-layout-flow\" style=\"margin-top:0px;margin-bottom:0px;padding-bottom:7rem\">\n<div class=\"wp-block-group is-layout-flow wp-block-group-is-layout-flow\">\n<div class=\"wp-block-cover has-custom-content-position is-position-bottom-left\" style=\"border-bottom-left-radius:60px;border-bottom-right-radius:60px;min-height:90vh;aspect-ratio:unset;\"><img decoding=\"async\" width=\"2000\" height=\"1333\" class=\"wp-block-cover__image-background wp-image-2817 size-large\" alt=\"les-soirees-au-camping-la-campiere\" srcset=\"https:\/\/www.la-campiere.com\/wp-content\/uploads\/2025\/12\/les-soirees-au-camping-la-campiere.jpg 2000w\" sizes=\"100vw\" src=\"https:\/\/www.la-campiere.com\/wp-content\/uploads\/2025\/12\/les-soirees-au-camping-la-campiere.jpg\" data-object-fit=\"cover\"\/><span aria-hidden=\"true\" class=\"wp-block-cover__background has-contrast-background-color has-background-dim-20 has-background-dim\"><\/span><div class=\"wp-block-cover__inner-container is-layout-flow wp-block-cover-is-layout-flow\">\n<p class=\"has-text-align-center has-large-font-size\"><\/p>\n<\/div><\/div>\n<\/div>\n\n\n\n<div id=\"bistrot\" class=\"wp-block-group is-layout-flow wp-block-group-is-layout-flow\" style=\"padding-top:3rem\">\n<h2 class=\"wp-block-heading has-text-align-center\"><strong>Ihre Abendveranstaltungen und Familienanimationen<\/strong> <br\/>auf dem Campingplatz  <\/h2>\n\n\n\n<div class=\"wp-block-columns are-vertically-aligned-top content is-layout-flex wp-container-core-columns-is-layout-6a5a5078 wp-block-columns-is-layout-flex\" style=\"padding-right:15rem;padding-left:15rem\">\n<div class=\"wp-block-column is-vertically-aligned-top first is-layout-flow wp-block-column-is-layout-flow\">\n<p class=\"has-text-align-center\">Von Juni bis September bietet Ihnen das Team des Campingplatzes mit Aktivit\u00e4ten auf der Ile d&#8217;Ol\u00e9ron jede Woche ein <strong>geselliges<\/strong> Abendessen mit <strong>Muscheln und Pommes frites<\/strong> an. Im Sommer wird diese Zeit durch einen <strong>Blindtest<\/strong> oder ein<strong> Konzert von lokalen K\u00fcnstlern<\/strong> mit sehr unterschiedlichen Repertoires erg\u00e4nzt. Von Rock bis Weltmusik, jedes St\u00fcck kann eine Gelegenheit zum <strong>Singen<\/strong> und <strong>Tanzen<\/strong> sein.  <\/p>\n\n\n\n<p class=\"has-text-align-center\">Die \u00cele d&#8217;Ol\u00e9ron ist auch reich an abendlichen Unterhaltungsm\u00f6glichkeiten, die Sie mit dem <strong>Sommer-Shuttle<\/strong> vom Campingplatz aus erreichen k\u00f6nnen. Wir legen Wert auf den <a href=\"https:\/\/www.la-campiere.com\/de\/umweltfreundlicher-camping-saint-georges-d-oleron\/\" data-type=\"page\" data-id=\"2283\">Schutz unserer Umwelt<\/a>, indem wir unsere Camper zu einer sanften und nachhaltigen Mobilit\u00e4t ermutigen. Genie\u00dfen Sie <strong>Themen- oder Musikbars<\/strong>, <strong>offene B\u00fchnen<\/strong>, <strong>Vergn\u00fcgungsparks <\/strong>oder andere <strong>Nachtm\u00e4rkte<\/strong> mit der ganzen Familie. <\/p>\n<\/div>\n<\/div>\n<\/div>\n<\/section>\n\n<div class=\"wp-block-group page-seven is-layout-flow wp-block-group-is-layout-flow\" style=\"padding-top:4rem;padding-bottom:10rem\">\n<div class=\"wp-block-columns are-vertically-aligned-center is-layout-flex wp-container-core-columns-is-layout-28f84493 wp-block-columns-is-layout-flex\">\n<div class=\"wp-block-column is-vertically-aligned-center is-layout-flow wp-block-column-is-layout-flow\" style=\"flex-basis:40%\"><\/div>\n\n\n\n<div class=\"wp-block-column is-vertically-aligned-center is-layout-flow wp-block-column-is-layout-flow\" style=\"flex-basis:60%\">\n<div class=\"wp-block-group titre-decoratif has-custom-orange-color has-text-color has-link-color has-league-spartan-font-family wp-elements-89b29a1590030a1e4dd5737f7e0d3751 is-vertical is-content-justification-left is-nowrap is-layout-flex wp-container-core-group-is-layout-332c27bf wp-block-group-is-layout-flex\" style=\"border-left-color:var(--wp--preset--color--custom-four);border-left-width:1px;padding-right:0;padding-left:var(--wp--preset--spacing--10);font-size:clamp(24.034px, 1.502rem + ((1vw - 3.2px) * 1.663), 40px);line-height:1\">\n<p class=\"has-text-align-left\" style=\"text-transform:uppercase\">Entdecken Sie<em>auch<\/em><br\/><em><\/em><\/p>\n<\/div>\n<\/div>\n<\/div>\n\n\n\n<div data-wp-context=\"{}\" data-wp-interactive=\"core\/query\" data-wp-key=\"0\" data-wp-router-region=\"query-0\" class=\"wp-block-query alignwide gt-fse-maillage-query has-global-padding is-layout-constrained wp-container-core-query-is-layout-1e86373d wp-block-query-is-layout-constrained\"><ul style=\"border-top-left-radius:45px;border-top-right-radius:45px;border-bottom-left-radius:45px;border-bottom-right-radius:45px;\" class=\"columns-3 wp-block-post-template is-layout-grid wp-container-core-post-template-is-layout-6d3fbd8f wp-block-post-template-is-layout-grid\"><li data-wp-key=\"post-template-item-4287\" class=\"wp-block-post post-4287 page type-page status-publish has-post-thumbnail hentry\">\n\n<figure class=\"wp-block-image size-full has-custom-border\"><img decoding=\"async\" src=\"https:\/\/www.la-campiere.com\/wp-content\/uploads\/2025\/12\/actions-en-faveur-de-lenvironnement-camping-la-campiere.jpg\" alt=\"Umweltfreundliche Aktionen-Camping-la-campiere\" class=\"wp-image-1030\" style=\"border-top-left-radius:45px;border-top-right-radius:45px;border-bottom-left-radius:45px;border-bottom-right-radius:45px;aspect-ratio:1;object-fit:cover\"\/><\/figure>\n\n\n\n<div class=\"wp-block-group maillage__title has-base-2-color has-text-color has-link-color has-montserrat-font-family wp-elements-2fb333a41145f9664e40150f58ac8e69 is-content-justification-space-between is-nowrap is-layout-flex wp-container-core-group-is-layout-c52eadd5 wp-block-group-is-layout-flex\" style=\"margin-top:-8rem;padding-right:2rem;padding-bottom:2rem;padding-left:2rem;font-size:clamp(0.912rem, 0.912rem + ((1vw - 0.2rem) * 0.763), 1.37rem);font-style:normal;font-weight:700;line-height:1;text-transform:uppercase\">\n<p class=\"has-base-color has-text-color has-link-color wp-elements-540a599245d35c3ea90b390e74367648\">\u00d6kologisch verantwortliches Engagement<\/p>\n<\/div>\n\n\n<a style=\"border-radius:10px;\" class=\"is-style-lien-cover wp-block-read-more\" href=\"https:\/\/www.la-campiere.com\/de\/umweltfreundlicher-camping-saint-georges-d-oleron\/\" target=\"_self\">Weiterlesen<span class=\"screen-reader-text\">: \u00d6kologisch verantwortliches Engagement<\/span><\/a>\n<\/li><li data-wp-key=\"post-template-item-4291\" class=\"wp-block-post post-4291 page type-page status-publish has-post-thumbnail hentry\">\n\n<figure class=\"wp-block-image size-full has-custom-border\"><img decoding=\"async\" src=\"https:\/\/www.la-campiere.com\/wp-content\/uploads\/2025\/12\/camping-la-campiere-location-velos.jpg\" alt=\"camping-la-campiere-vermietung-velos\" class=\"wp-image-1030\" style=\"border-top-left-radius:45px;border-top-right-radius:45px;border-bottom-left-radius:45px;border-bottom-right-radius:45px;aspect-ratio:1;object-fit:cover\"\/><\/figure>\n\n\n\n<div class=\"wp-block-group maillage__title has-base-2-color has-text-color has-link-color has-montserrat-font-family wp-elements-2fb333a41145f9664e40150f58ac8e69 is-content-justification-space-between is-nowrap is-layout-flex wp-container-core-group-is-layout-c52eadd5 wp-block-group-is-layout-flex\" style=\"margin-top:-8rem;padding-right:2rem;padding-bottom:2rem;padding-left:2rem;font-size:clamp(0.912rem, 0.912rem + ((1vw - 0.2rem) * 0.763), 1.37rem);font-style:normal;font-weight:700;line-height:1;text-transform:uppercase\">\n<p class=\"has-base-color has-text-color has-link-color wp-elements-540a599245d35c3ea90b390e74367648\">Unsere Dienstleistungen<\/p>\n<\/div>\n\n\n<a style=\"border-radius:10px;\" class=\"is-style-lien-cover wp-block-read-more\" href=\"https:\/\/www.la-campiere.com\/de\/camping-rezeption-oleron-insel\/\" target=\"_self\">Weiterlesen<span class=\"screen-reader-text\">: Unsere Dienstleistungen<\/span><\/a>\n<\/li><li data-wp-key=\"post-template-item-4252\" class=\"wp-block-post post-4252 page type-page status-publish has-post-thumbnail hentry\">\n\n<figure class=\"wp-block-image size-full has-custom-border\"><img decoding=\"async\" src=\"https:\/\/www.la-campiere.com\/wp-content\/uploads\/2026\/01\/camping-la-campiere-hebergement-a-louer-sur-lile-doleron.jpg\" alt=\"camping-la-campiere-hebergement-a-louer-sur-lile-doleron\" class=\"wp-image-1030\" style=\"border-top-left-radius:45px;border-top-right-radius:45px;border-bottom-left-radius:45px;border-bottom-right-radius:45px;aspect-ratio:1;object-fit:cover\"\/><\/figure>\n\n\n\n<div class=\"wp-block-group maillage__title has-base-2-color has-text-color has-link-color has-montserrat-font-family wp-elements-2fb333a41145f9664e40150f58ac8e69 is-content-justification-space-between is-nowrap is-layout-flex wp-container-core-group-is-layout-c52eadd5 wp-block-group-is-layout-flex\" style=\"margin-top:-8rem;padding-right:2rem;padding-bottom:2rem;padding-left:2rem;font-size:clamp(0.912rem, 0.912rem + ((1vw - 0.2rem) * 0.763), 1.37rem);font-style:normal;font-weight:700;line-height:1;text-transform:uppercase\">\n<p class=\"has-base-color has-text-color has-link-color wp-elements-540a599245d35c3ea90b390e74367648\">Unsere Unterk\u00fcnfte<\/p>\n<\/div>\n\n\n<a style=\"border-radius:10px;\" class=\"is-style-lien-cover wp-block-read-more\" href=\"https:\/\/www.la-campiere.com\/de\/unterkunft-vermietung-saint-georges-d-oleron\/\" target=\"_self\">Weiterlesen<span class=\"screen-reader-text\">: Unsere Unterk\u00fcnfte<\/span><\/a>\n<\/li><\/ul><\/div>\n<\/div>\n","protected":false},"excerpt":{"rendered":"<p>Campingplatz mit Aktivit\u00e4ten in Saint-Georges-d&#8217;Ol\u00e9ron Der Campingplatz La Campi\u00e8re auf der \u00cele d&#8217;Ol\u00e9ron empf\u00e4ngt Sie zu einem entspannenden und erholsamen Urlaub. Hier wird Geselligkeit gro\u00df geschrieben, die Aktivit\u00e4ten und Animationen laden Gro\u00df und Klein zu einfachen und authentischen Momenten ein. Sei es auf den Spielpl\u00e4tzen oder im Herzen des 5000 m2 gro\u00dfen Naturwaldes des Campingplatzes. [&hellip;]<\/p>\n","protected":false},"author":1,"featured_media":2798,"parent":0,"menu_order":0,"comment_status":"closed","ping_status":"closed","template":"","meta":{"_seopress_robots_primary_cat":"","_seopress_titles_title":"Camping Animationen \u00cele d'Ol\u00e9ron | Aktivit\u00e4ten Saint-Georges-d'Ol\u00e9ron","_seopress_titles_desc":"Familiencampingplatz auf der Ile d'Ol\u00e9ron mit Kinderclub in der Saison, auf dem Campingplatz La Campi\u00e8re **** in St Georges d'Ol\u00e9ron werden die Kleinen jeden Morgen ihren Spa\u00df haben.","_seopress_robots_index":"","_gt_ctv_global_id":"","_gt_ctv_id_group":false,"inline_featured_image":false,"gt_fse_maillage_image":"https:\/\/www.la-campiere.com\/wp-content\/uploads\/2025\/12\/camping-la-campiere-les-animations.jpg","gt_fse_maillage_titre":"Animationen und Aktivit\u00e4ten","gt_fse_maillage_alt":"camping-la-campiere-les-animations","gt_fse_maillage_resume":"","footnotes":""},"categories":[],"tags":[],"class_list":["post-4281","page","type-page","status-publish","has-post-thumbnail","hentry"],"_links":{"self":[{"href":"https:\/\/www.la-campiere.com\/de\/wp-json\/wp\/v2\/pages\/4281","targetHints":{"allow":["GET"]}}],"collection":[{"href":"https:\/\/www.la-campiere.com\/de\/wp-json\/wp\/v2\/pages"}],"about":[{"href":"https:\/\/www.la-campiere.com\/de\/wp-json\/wp\/v2\/types\/page"}],"author":[{"embeddable":true,"href":"https:\/\/www.la-campiere.com\/de\/wp-json\/wp\/v2\/users\/1"}],"replies":[{"embeddable":true,"href":"https:\/\/www.la-campiere.com\/de\/wp-json\/wp\/v2\/comments?post=4281"}],"version-history":[{"count":5,"href":"https:\/\/www.la-campiere.com\/de\/wp-json\/wp\/v2\/pages\/4281\/revisions"}],"predecessor-version":[{"id":4313,"href":"https:\/\/www.la-campiere.com\/de\/wp-json\/wp\/v2\/pages\/4281\/revisions\/4313"}],"wp:featuredmedia":[{"embeddable":true,"href":"https:\/\/www.la-campiere.com\/de\/wp-json\/wp\/v2\/media\/2798"}],"wp:attachment":[{"href":"https:\/\/www.la-campiere.com\/de\/wp-json\/wp\/v2\/media?parent=4281"}],"wp:term":[{"taxonomy":"category","embeddable":true,"href":"https:\/\/www.la-campiere.com\/de\/wp-json\/wp\/v2\/categories?post=4281"},{"taxonomy":"post_tag","embeddable":true,"href":"https:\/\/www.la-campiere.com\/de\/wp-json\/wp\/v2\/tags?post=4281"}],"curies":[{"name":"wp","href":"https:\/\/api.w.org\/{rel}","templated":true}]}}