{"id":4287,"date":"2025-12-29T09:32:52","date_gmt":"2025-12-29T08:32:52","guid":{"rendered":"https:\/\/www.la-campiere.com\/camping-ecoresponsable-saint-georges-d-oleron\/"},"modified":"2026-02-13T17:06:29","modified_gmt":"2026-02-13T16:06:29","slug":"umweltfreundlicher-camping-saint-georges-d-oleron","status":"publish","type":"page","link":"https:\/\/www.la-campiere.com\/de\/umweltfreundlicher-camping-saint-georges-d-oleron\/","title":{"rendered":"\u00d6kologisch verantwortliches Engagement"},"content":{"rendered":"\n<section class=\"wp-block-group home-seventh-bis deco is-layout-flow wp-block-group-is-layout-flow\" style=\"padding-top:4rem;padding-right:var(--wp--preset--spacing--50);padding-bottom:4rem;padding-left:var(--wp--preset--spacing--50)\">\n<div class=\"wp-block-columns is-layout-flex wp-container-core-columns-is-layout-989ec559 wp-block-columns-is-layout-flex\" style=\"padding-top:0;padding-bottom:0rem\">\n<div class=\"wp-block-column is-vertically-aligned-top is-layout-flow wp-block-column-is-layout-flow\">\n<div class=\"wp-block-group titre-decoratif has-custom-orange-color has-text-color has-link-color has-tenor-sans-font-family wp-elements-474c06d1bd37f1d38cde4684bb94391b is-vertical is-content-justification-left is-nowrap is-layout-flex wp-container-core-group-is-layout-332c27bf wp-block-group-is-layout-flex\" style=\"border-left-color:var(--wp--preset--color--custom-four);border-left-width:1px;padding-right:0;padding-left:var(--wp--preset--spacing--10);font-size:clamp(1.701rem, 1.701rem + ((1vw - 0.2rem) * 2.015), 2.91rem);line-height:1\">\n<h1 class=\"wp-block-heading has-text-align-left\"><strong>Umweltfreundlicher Campingplatz<\/strong> auf der Ile d&#8217;Ol\u00e9ron  <\/h1>\n<\/div>\n\n\n\n<div class=\"wp-block-group texte is-layout-flow wp-block-group-is-layout-flow\" style=\"padding-left:var(--wp--preset--spacing--20)\">\n<p>Der <a href=\"https:\/\/www.la-campiere.com\/de\/camping-rezeption-oleron-insel\/\" data-type=\"page\" data-id=\"2279\">4-Sterne-Campingplatz La Campi\u00e8re<\/a> liegt in einem <strong>bemerkenswerten Naturgebiet<\/strong> in Saint-Georges-d&#8217;Ol\u00e9ron. Inspiriert von dieser Natur ist es ganz nat\u00fcrlich, dass wir einen <strong>\u00f6kologisch verantwortlichen Ansatz<\/strong> verfolgen, indem wir uns <strong>umweltfreundlich<\/strong> <strong>verhalten<\/strong>. <\/p>\n<\/div>\n<\/div>\n\n\n\n<div class=\"wp-block-column is-vertically-aligned-top is-layout-flow wp-block-column-is-layout-flow\">\n<figure class=\"wp-block-image size-large has-custom-border\"><img decoding=\"async\" width=\"1024\" height=\"682\" src=\"https:\/\/www.la-campiere.com\/wp-content\/uploads\/2026\/01\/camping-la-campiere-cadre-nature-1024x682.jpg\" alt=\"camping-la-campiere-cadre-nature\" class=\"wp-image-3846\" style=\"border-top-left-radius:45px;border-top-right-radius:45px;border-bottom-left-radius:45px;border-bottom-right-radius:45px\" srcset=\"https:\/\/www.la-campiere.com\/wp-content\/uploads\/2026\/01\/camping-la-campiere-cadre-nature-1024x682.jpg 1024w, https:\/\/www.la-campiere.com\/wp-content\/uploads\/2026\/01\/camping-la-campiere-cadre-nature-300x200.jpg 300w, https:\/\/www.la-campiere.com\/wp-content\/uploads\/2026\/01\/camping-la-campiere-cadre-nature-768x512.jpg 768w, https:\/\/www.la-campiere.com\/wp-content\/uploads\/2026\/01\/camping-la-campiere-cadre-nature-1536x1024.jpg 1536w, https:\/\/www.la-campiere.com\/wp-content\/uploads\/2026\/01\/camping-la-campiere-cadre-nature.jpg 2000w\" sizes=\"(max-width: 1024px) 100vw, 1024px\" \/><\/figure>\n<\/div>\n<\/div>\n<\/section>\n\n<section class=\"wp-block-group home-fourth page-three has-custom-two-background-color has-background is-layout-flow wp-block-group-is-layout-flow\" style=\"padding-top:4rem;padding-right:4.69rem;padding-bottom:4rem;padding-left:4.69rem\">\n<div class=\"wp-block-group fond has-custom-vert-background-color has-background is-layout-flow wp-block-group-is-layout-flow\" style=\"border-radius:15px;padding-top:7rem;padding-right:4.69rem;padding-bottom:7rem;padding-left:4.69rem\">\n<div class=\"wp-block-group is-layout-flow wp-block-group-is-layout-flow\" style=\"padding-right:7rem;padding-left:7rem\">\n<h2 class=\"wp-block-heading has-text-align-center has-base-2-color has-text-color has-link-color wp-elements-76253ef02cf530975dcf473507799e2d\">Die Verpflichtungen des Campingplatzes<\/h2>\n\n\n\n<p class=\"has-text-align-center has-base-2-color has-text-color has-link-color wp-elements-29a2b96ad9976498e4be75db038c1bd3\">Seit vielen Jahren ist der <a href=\"\/\">Campingplatz auf der \u00cele d&#8217;Ol\u00e9ron<\/a> bestrebt, seine <strong>Auswirkungen<\/strong> auf die <strong>Umwelt<\/strong> zu <strong>reduzieren<\/strong>.  <\/p>\n\n\n\n<p class=\"has-base-2-color has-text-color has-link-color wp-elements-d6c3ea839d37bb7f46d257b240b0e204\">So besteht unser Mietpark haupts\u00e4chlich aus <strong>Holzchalets<\/strong> und <strong>Zelt-Lodges<\/strong>.  <\/p>\n\n\n\n<p class=\"has-base-2-color has-text-color has-link-color wp-elements-3e278dd40d0fef793b9c129ac21bf1d7\">Das <strong>Abfallmanagement<\/strong> ist sicherlich das wichtigste Aush\u00e4ngeschild f\u00fcr unsere umweltbewussten Ma\u00dfnahmen, aber auch unser <strong>p\u00e4dagogischer Ansatz<\/strong> zur <strong>Erhaltung<\/strong> <strong>der Ressourcen <\/strong>ist nicht zu untersch\u00e4tzen.  <\/p>\n\n\n\n<p class=\"has-text-align-center has-base-2-color has-text-color has-link-color wp-elements-016d6556e9682d7c64a02e636a656e6b\">Die Nutzung <strong>erneuerbarer<\/strong> <strong>Energien<\/strong>, insbesondere der <strong>Solarenergie<\/strong>, wird st\u00e4ndig weiterentwickelt. <br\/>Seit 2025 arbeitet der umweltbewusste Campingplatz in Saint-Georges-d&#8217;Ol\u00e9ron mit dem <strong>Wasserversorgungsverband<\/strong><strong>EAU17<\/strong> zusammen, um<strong> die Urlauber<\/strong> f\u00fcr die lebenswichtige Notwendigkeit des <strong>Schutzes dieser Ressource<\/strong> zu<strong> sensibilisieren<\/strong>.<\/p>\n\n\n\n<div style=\"height:2rem\" aria-hidden=\"true\" class=\"wp-block-spacer gt-hide-mobile\"><\/div>\n<\/div>\n\n\n\n<div class=\"wp-block-cover is-light has-custom-content-position is-position-bottom-left\" style=\"border-top-left-radius:45px;border-top-right-radius:45px;border-bottom-left-radius:45px;border-bottom-right-radius:45px;padding-right:0px;padding-left:0px;min-height:75vh;aspect-ratio:unset;\"><img decoding=\"async\" width=\"2000\" height=\"1500\" class=\"wp-block-cover__image-background wp-image-2769 size-full\" alt=\"le-tentes-lodges-du-camping-la-campiere\" srcset=\"https:\/\/www.la-campiere.com\/wp-content\/uploads\/2025\/12\/le-tentes-lodges-du-camping-la-campiere.jpg 2000w\" sizes=\"100vw\" src=\"https:\/\/www.la-campiere.com\/wp-content\/uploads\/2025\/12\/le-tentes-lodges-du-camping-la-campiere.jpg\" data-object-fit=\"cover\"\/><span aria-hidden=\"true\" class=\"wp-block-cover__background has-background-dim-0 has-background-dim\" style=\"background-color:#b29572\"><\/span><div class=\"wp-block-cover__inner-container is-layout-flow wp-block-cover-is-layout-flow\">\n<p class=\"has-text-align-center has-large-font-size\"><\/p>\n<\/div><\/div>\n<\/div>\n<\/section>\n\n<section class=\"wp-block-group home-seventh is-layout-flow wp-block-group-is-layout-flow\" style=\"padding-top:7rem;padding-right:var(--wp--preset--spacing--50);padding-bottom:4rem;padding-left:var(--wp--preset--spacing--50)\">\n<div class=\"wp-block-columns are-vertically-aligned-center is-layout-flex wp-container-core-columns-is-layout-54470929 wp-block-columns-is-layout-flex\" style=\"padding-top:var(--wp--preset--spacing--40);padding-bottom:0px\">\n<div class=\"wp-block-column is-vertically-aligned-center is-layout-flow wp-block-column-is-layout-flow\">\n<figure class=\"wp-block-image size-large has-custom-border\"><img decoding=\"async\" width=\"1024\" height=\"682\" src=\"https:\/\/www.la-campiere.com\/wp-content\/uploads\/2025\/12\/actions-en-faveur-de-lenvironnement-camping-la-campiere-1024x682.jpg\" alt=\"Umweltfreundliche Aktionen-Camping-la-campiere\" class=\"wp-image-2743\" style=\"border-top-left-radius:45px;border-top-right-radius:45px;border-bottom-left-radius:45px;border-bottom-right-radius:45px\" srcset=\"https:\/\/www.la-campiere.com\/wp-content\/uploads\/2025\/12\/actions-en-faveur-de-lenvironnement-camping-la-campiere-1024x682.jpg 1024w, https:\/\/www.la-campiere.com\/wp-content\/uploads\/2025\/12\/actions-en-faveur-de-lenvironnement-camping-la-campiere-300x200.jpg 300w, https:\/\/www.la-campiere.com\/wp-content\/uploads\/2025\/12\/actions-en-faveur-de-lenvironnement-camping-la-campiere-768x512.jpg 768w, https:\/\/www.la-campiere.com\/wp-content\/uploads\/2025\/12\/actions-en-faveur-de-lenvironnement-camping-la-campiere-1536x1024.jpg 1536w, https:\/\/www.la-campiere.com\/wp-content\/uploads\/2025\/12\/actions-en-faveur-de-lenvironnement-camping-la-campiere.jpg 2000w\" sizes=\"(max-width: 1024px) 100vw, 1024px\" \/><\/figure>\n<\/div>\n\n\n\n<div class=\"wp-block-column is-vertically-aligned-center is-layout-flow wp-block-column-is-layout-flow\">\n<div class=\"wp-block-group titre-decoratif has-custom-orange-color has-text-color has-link-color wp-elements-ddc4b8a4f3167a6ff2fbf8aefc2e10c9 is-vertical is-content-justification-left is-nowrap is-layout-flex wp-container-core-group-is-layout-332c27bf wp-block-group-is-layout-flex\" style=\"border-left-color:var(--wp--preset--color--custom-four);border-left-width:1px;padding-right:0;padding-left:var(--wp--preset--spacing--10)\">\n<h2 class=\"wp-block-heading has-text-align-left\">Unsere Ma\u00dfnahmen f\u00fcr die <strong>Umwelt<\/strong><\/h2>\n<\/div>\n\n\n\n<div class=\"wp-block-group texte is-layout-flow wp-block-group-is-layout-flow\" style=\"padding-left:var(--wp--preset--spacing--20)\">\n<p>Unser Engagement f\u00fcr die Umwelt begleitet Sie t\u00e4glich w\u00e4hrend Ihres Aufenthalts auf dem Campingplatz La Campi\u00e8re, auch bei der Organisation unserer <a href=\"https:\/\/www.la-campiere.com\/de\/camping-animationen-saint-georges-d-oleron\/\" data-type=\"page\" data-id=\"2287\">Animationen und Aktivit\u00e4ten in Saint-Georges-d&#8217;OI\u00e9ron<\/a>.  <\/p>\n\n\n\n<p>Bei Ihrer Ankunft wird Ihnen ein <strong>Bio-Eimer<\/strong> ausgeh\u00e4ndigt oder steht in Ihrem Mietobjekt f\u00fcr Sie bereit, damit Sie zur Reduzierung des Hausm\u00fclls beitragen k\u00f6nnen.<strong> <\/strong>zu verarbeiten, indem Sie eine <strong>selektive Trennung<\/strong> vornehmen. Der so hergestellte Kompost wird f\u00fcr die Pflege und Erneuerung der Vegetation des umweltfreundlichen Campingplatzes auf der \u00cele d&#8217;Ol\u00e9ron verwendet.   <\/p>\n\n\n\n<p>Jede neue Einrichtung oder Renovierung ist eine Gelegenheit, Plastik und synthetische Materialien zu entfernen. <strong>Holzstrukturen<\/strong> <strong>sind<\/strong> auf dem Campingplatz allgegenw\u00e4rtig und sorgen f\u00fcr eine bessere Integration in die Landschaft. <\/p>\n\n\n\n<p>In unserem Bestreben, <strong>Wasser<\/strong> zu sparen, sind alle Armaturen auf dem Campingplatz und in den Mietunterk\u00fcnften mit Durchflussreduzierern ausgestattet, die Ihnen aber trotzdem Komfort und Duschvergn\u00fcgen garantieren.  <\/p>\n\n\n\n<p>Seit 2024 wird das Warmwasser f\u00fcr die Sanit\u00e4ranlagen mit <strong>Solarenergie<\/strong> <strong>erzeugt<\/strong>.  <\/p>\n\n\n\n<p>Unser Reinigungsteam ist ebenfalls bestrebt, <strong>die<\/strong> <strong>\u00f6kologischen<\/strong> <strong>Auswirkungen<\/strong> zu <strong>begrenzen<\/strong>, indem es die Nassreinigung stark einschr\u00e4nkt und <strong>biologisch abbaubare<\/strong> Reinigungsmittel verwendet. Neben den Ma\u00dfnahmen auf dem Campingplatz arbeiten wir so weit wie m\u00f6glich mit den lokalen Wirtschaftsakteuren <strong>zusammen<\/strong> und laden unsere G\u00e4ste ein, die <strong>lokalen Erzeuger<\/strong> zu besuchen, um die wunderbaren Produkte von Ol\u00e9ron zu entdecken. <\/p>\n<\/div>\n<\/div>\n<\/div>\n<\/section>\n\n<div class=\"wp-block-group page-seven is-layout-flow wp-block-group-is-layout-flow\" style=\"padding-top:4rem;padding-bottom:10rem\">\n<div class=\"wp-block-columns are-vertically-aligned-center is-layout-flex wp-container-core-columns-is-layout-28f84493 wp-block-columns-is-layout-flex\">\n<div class=\"wp-block-column is-vertically-aligned-center is-layout-flow wp-block-column-is-layout-flow\" style=\"flex-basis:40%\"><\/div>\n\n\n\n<div class=\"wp-block-column is-vertically-aligned-center is-layout-flow wp-block-column-is-layout-flow\" style=\"flex-basis:60%\">\n<div class=\"wp-block-group titre-decoratif has-custom-orange-color has-text-color has-link-color wp-elements-37afd3970c6fe1365d2d9b2187620823 is-vertical is-content-justification-left is-nowrap is-layout-flex wp-container-core-group-is-layout-332c27bf wp-block-group-is-layout-flex\" style=\"border-left-color:var(--wp--preset--color--custom-four);border-left-width:1px;padding-right:0;padding-left:var(--wp--preset--spacing--10);font-size:clamp(24.034px, 1.502rem + ((1vw - 3.2px) * 1.663), 40px);line-height:1\">\n<p class=\"has-text-align-left\" style=\"text-transform:uppercase\">Entdecken Sie<em>auch<\/em><br\/><em><\/em><\/p>\n<\/div>\n<\/div>\n<\/div>\n\n\n\n<div data-wp-context=\"{}\" data-wp-interactive=\"core\/query\" data-wp-key=\"0\" data-wp-router-region=\"query-0\" class=\"wp-block-query alignwide gt-fse-maillage-query has-global-padding is-layout-constrained wp-container-core-query-is-layout-1e86373d wp-block-query-is-layout-constrained\"><ul style=\"border-top-left-radius:45px;border-top-right-radius:45px;border-bottom-left-radius:45px;border-bottom-right-radius:45px;\" class=\"columns-3 wp-block-post-template is-layout-grid wp-container-core-post-template-is-layout-6d3fbd8f wp-block-post-template-is-layout-grid\"><li data-wp-key=\"post-template-item-4291\" class=\"wp-block-post post-4291 page type-page status-publish has-post-thumbnail hentry\">\n\n<figure class=\"wp-block-image size-full has-custom-border\"><img decoding=\"async\" src=\"https:\/\/www.la-campiere.com\/wp-content\/uploads\/2025\/12\/camping-la-campiere-location-velos.jpg\" alt=\"camping-la-campiere-vermietung-velos\" class=\"wp-image-1030\" style=\"border-top-left-radius:45px;border-top-right-radius:45px;border-bottom-left-radius:45px;border-bottom-right-radius:45px;aspect-ratio:1;object-fit:cover\"\/><\/figure>\n\n\n\n<div class=\"wp-block-group maillage__title has-base-2-color has-text-color has-link-color has-montserrat-font-family wp-elements-2fb333a41145f9664e40150f58ac8e69 is-content-justification-space-between is-nowrap is-layout-flex wp-container-core-group-is-layout-c52eadd5 wp-block-group-is-layout-flex\" style=\"margin-top:-8rem;padding-right:2rem;padding-bottom:2rem;padding-left:2rem;font-size:clamp(0.912rem, 0.912rem + ((1vw - 0.2rem) * 0.763), 1.37rem);font-style:normal;font-weight:700;line-height:1;text-transform:uppercase\">\n<p class=\"has-base-color has-text-color has-link-color wp-elements-540a599245d35c3ea90b390e74367648\">Unsere Dienstleistungen<\/p>\n<\/div>\n\n\n<a style=\"border-radius:10px;\" class=\"is-style-lien-cover wp-block-read-more\" href=\"https:\/\/www.la-campiere.com\/de\/camping-rezeption-oleron-insel\/\" target=\"_self\">Weiterlesen<span class=\"screen-reader-text\">: Unsere Dienstleistungen<\/span><\/a>\n<\/li><li data-wp-key=\"post-template-item-4281\" class=\"wp-block-post post-4281 page type-page status-publish has-post-thumbnail hentry\">\n\n<figure class=\"wp-block-image size-full has-custom-border\"><img decoding=\"async\" src=\"https:\/\/www.la-campiere.com\/wp-content\/uploads\/2025\/12\/camping-la-campiere-les-animations.jpg\" alt=\"camping-la-campiere-les-animations\" class=\"wp-image-1030\" style=\"border-top-left-radius:45px;border-top-right-radius:45px;border-bottom-left-radius:45px;border-bottom-right-radius:45px;aspect-ratio:1;object-fit:cover\"\/><\/figure>\n\n\n\n<div class=\"wp-block-group maillage__title has-base-2-color has-text-color has-link-color has-montserrat-font-family wp-elements-2fb333a41145f9664e40150f58ac8e69 is-content-justification-space-between is-nowrap is-layout-flex wp-container-core-group-is-layout-c52eadd5 wp-block-group-is-layout-flex\" style=\"margin-top:-8rem;padding-right:2rem;padding-bottom:2rem;padding-left:2rem;font-size:clamp(0.912rem, 0.912rem + ((1vw - 0.2rem) * 0.763), 1.37rem);font-style:normal;font-weight:700;line-height:1;text-transform:uppercase\">\n<p class=\"has-base-color has-text-color has-link-color wp-elements-540a599245d35c3ea90b390e74367648\">Animationen und Aktivit\u00e4ten<\/p>\n<\/div>\n\n\n<a style=\"border-radius:10px;\" class=\"is-style-lien-cover wp-block-read-more\" href=\"https:\/\/www.la-campiere.com\/de\/camping-animationen-saint-georges-d-oleron\/\" target=\"_self\">Weiterlesen<span class=\"screen-reader-text\">: Animationen und Aktivit\u00e4ten<\/span><\/a>\n<\/li><li data-wp-key=\"post-template-item-4231\" class=\"wp-block-post post-4231 page type-page status-publish has-post-thumbnail hentry\">\n\n<figure class=\"wp-block-image size-full has-custom-border\"><img decoding=\"async\" src=\"https:\/\/www.la-campiere.com\/wp-content\/uploads\/2026\/01\/camping-la-campiere-avec-piscine-pour-des-vacances-de-reve-scaled.jpg\" alt=\"Camping-die-Campinganlage-mit-Pool-f\u00fcr-Traumurlaub\" class=\"wp-image-1030\" style=\"border-top-left-radius:45px;border-top-right-radius:45px;border-bottom-left-radius:45px;border-bottom-right-radius:45px;aspect-ratio:1;object-fit:cover\"\/><\/figure>\n\n\n\n<div class=\"wp-block-group maillage__title has-base-2-color has-text-color has-link-color has-montserrat-font-family wp-elements-2fb333a41145f9664e40150f58ac8e69 is-content-justification-space-between is-nowrap is-layout-flex wp-container-core-group-is-layout-c52eadd5 wp-block-group-is-layout-flex\" style=\"margin-top:-8rem;padding-right:2rem;padding-bottom:2rem;padding-left:2rem;font-size:clamp(0.912rem, 0.912rem + ((1vw - 0.2rem) * 0.763), 1.37rem);font-style:normal;font-weight:700;line-height:1;text-transform:uppercase\">\n<p class=\"has-base-color has-text-color has-link-color wp-elements-540a599245d35c3ea90b390e74367648\">Der Pool<\/p>\n<\/div>\n\n\n<a style=\"border-radius:10px;\" class=\"is-style-lien-cover wp-block-read-more\" href=\"https:\/\/www.la-campiere.com\/de\/camping-beheiztes-schwimmbad-saint-georges-d-oleron\/\" target=\"_self\">Weiterlesen<span class=\"screen-reader-text\">: Der Pool<\/span><\/a>\n<\/li><\/ul><\/div>\n<\/div>\n","protected":false},"excerpt":{"rendered":"<p>Umweltfreundlicher Campingplatz auf der Ile d&#8217;Ol\u00e9ron Der 4-Sterne-Campingplatz La Campi\u00e8re liegt in einem bemerkenswerten Naturgebiet in Saint-Georges-d&#8217;Ol\u00e9ron. Inspiriert von dieser Natur ist es ganz nat\u00fcrlich, dass wir einen \u00f6kologisch verantwortlichen Ansatz verfolgen, indem wir uns umweltfreundlich verhalten. Die Verpflichtungen des Campingplatzes Seit vielen Jahren ist der Campingplatz auf der \u00cele d&#8217;Ol\u00e9ron bestrebt, seine Auswirkungen auf [&hellip;]<\/p>\n","protected":false},"author":1,"featured_media":2734,"parent":0,"menu_order":0,"comment_status":"closed","ping_status":"closed","template":"","meta":{"_seopress_robots_primary_cat":"","_seopress_titles_title":"Umweltfreundlicher Campingplatz Saint-Georges-d'Ol\u00e9ron, auf der Insel Ol\u00e9ron","_seopress_titles_desc":"Entdecken Sie unseren umweltfreundlichen Campingplatz in Saint-Georges-d'Ol\u00e9ron und erleben Sie einen einzigartigen Urlaub in Harmonie mit der Natur. Buchen Sie jetzt Ihr gr\u00fcnes Erlebnis. ","_seopress_robots_index":"","_gt_ctv_global_id":"","_gt_ctv_id_group":false,"inline_featured_image":false,"gt_fse_maillage_image":"https:\/\/www.la-campiere.com\/wp-content\/uploads\/2025\/12\/actions-en-faveur-de-lenvironnement-camping-la-campiere.jpg","gt_fse_maillage_titre":"\u00d6kologisch verantwortliches Engagement","gt_fse_maillage_alt":"Umweltfreundliche Aktionen-Camping-la-campiere","gt_fse_maillage_resume":"","footnotes":""},"categories":[],"tags":[],"class_list":["post-4287","page","type-page","status-publish","has-post-thumbnail","hentry"],"_links":{"self":[{"href":"https:\/\/www.la-campiere.com\/de\/wp-json\/wp\/v2\/pages\/4287","targetHints":{"allow":["GET"]}}],"collection":[{"href":"https:\/\/www.la-campiere.com\/de\/wp-json\/wp\/v2\/pages"}],"about":[{"href":"https:\/\/www.la-campiere.com\/de\/wp-json\/wp\/v2\/types\/page"}],"author":[{"embeddable":true,"href":"https:\/\/www.la-campiere.com\/de\/wp-json\/wp\/v2\/users\/1"}],"replies":[{"embeddable":true,"href":"https:\/\/www.la-campiere.com\/de\/wp-json\/wp\/v2\/comments?post=4287"}],"version-history":[{"count":5,"href":"https:\/\/www.la-campiere.com\/de\/wp-json\/wp\/v2\/pages\/4287\/revisions"}],"predecessor-version":[{"id":4318,"href":"https:\/\/www.la-campiere.com\/de\/wp-json\/wp\/v2\/pages\/4287\/revisions\/4318"}],"wp:featuredmedia":[{"embeddable":true,"href":"https:\/\/www.la-campiere.com\/de\/wp-json\/wp\/v2\/media\/2734"}],"wp:attachment":[{"href":"https:\/\/www.la-campiere.com\/de\/wp-json\/wp\/v2\/media?parent=4287"}],"wp:term":[{"taxonomy":"category","embeddable":true,"href":"https:\/\/www.la-campiere.com\/de\/wp-json\/wp\/v2\/categories?post=4287"},{"taxonomy":"post_tag","embeddable":true,"href":"https:\/\/www.la-campiere.com\/de\/wp-json\/wp\/v2\/tags?post=4287"}],"curies":[{"name":"wp","href":"https:\/\/api.w.org\/{rel}","templated":true}]}}