{"id":4187,"date":"2025-12-29T09:35:19","date_gmt":"2025-12-29T08:35:19","guid":{"rendered":"https:\/\/www.la-campiere.com\/activites-a-faire-saint-georges-d-oleron\/"},"modified":"2026-02-13T17:07:38","modified_gmt":"2026-02-13T16:07:38","slug":"things-to-do-saint-georges-d-oleron","status":"publish","type":"page","link":"https:\/\/www.la-campiere.com\/en\/things-to-do-saint-georges-d-oleron\/","title":{"rendered":"To do"},"content":{"rendered":"\n<section class=\"wp-block-group home-seventh-bis is-layout-flow wp-block-group-is-layout-flow\" style=\"padding-right:var(--wp--preset--spacing--50);padding-left:var(--wp--preset--spacing--50)\">\n<div class=\"wp-block-columns are-vertically-aligned-center is-layout-flex wp-container-core-columns-is-layout-050be28c wp-block-columns-is-layout-flex\" style=\"padding-top:var(--wp--preset--spacing--40);padding-bottom:7rem\">\n<div class=\"wp-block-column is-vertically-aligned-center is-layout-flow wp-block-column-is-layout-flow\">\n<div class=\"wp-block-group titre-decoratif has-custom-orange-color has-text-color has-link-color wp-elements-24e3bd8ab6995987b04bf545eb8a101d is-vertical is-content-justification-left is-nowrap is-layout-flex wp-container-core-group-is-layout-332c27bf wp-block-group-is-layout-flex\" style=\"border-left-color:var(--wp--preset--color--custom-four);border-left-width:1px;padding-right:0;padding-left:var(--wp--preset--spacing--10)\">\n<h1 class=\"wp-block-heading has-text-align-left\"><strong>Top things to do<\/strong> in Saint-Georges-d&#8217;Ol\u00e9ron<\/h1>\n<\/div>\n\n\n\n<div class=\"wp-block-group texte is-layout-flow wp-block-group-is-layout-flow\" style=\"padding-left:var(--wp--preset--spacing--20)\">\n<p>Ideally located at the start of <strong>cycle<\/strong> <strong>paths<\/strong> and <strong>summer<\/strong> <strong>shuttles<\/strong>, your <a href=\"https:\/\/www.la-campiere.com\/en\/\" data-type=\"page\" data-id=\"33\">La Campi\u00e8re campsite in Saint-Georges-d&#8217;Ol\u00e9ron<\/a> makes it easy to get to your favorite activities on the Ile d&#8217;Ol\u00e9ron. If the surrounding wide-open spaces offer the ideal backdrop for<strong>outdoor activities <\/strong>for all the family, our island is full of activities and places that will delight young and old alike. <\/p>\n<\/div>\n<\/div>\n\n\n\n<div class=\"wp-block-column is-vertically-aligned-center is-layout-flow wp-block-column-is-layout-flow\">\n<figure class=\"wp-block-image size-large has-custom-border\"><img decoding=\"async\" width=\"721\" height=\"1024\" src=\"https:\/\/www.la-campiere.com\/wp-content\/uploads\/2026\/01\/camping-la-campiere-proche-des-pistes-cyclables-721x1024.jpg\" alt=\"camping-la-campiere-proche-des-pistes-cyclables\" class=\"wp-image-3228\" style=\"border-top-left-radius:45px;border-top-right-radius:45px;border-bottom-left-radius:45px;border-bottom-right-radius:45px;aspect-ratio:1;object-fit:cover\" srcset=\"https:\/\/www.la-campiere.com\/wp-content\/uploads\/2026\/01\/camping-la-campiere-proche-des-pistes-cyclables-721x1024.jpg 721w, https:\/\/www.la-campiere.com\/wp-content\/uploads\/2026\/01\/camping-la-campiere-proche-des-pistes-cyclables-211x300.jpg 211w, https:\/\/www.la-campiere.com\/wp-content\/uploads\/2026\/01\/camping-la-campiere-proche-des-pistes-cyclables-768x1090.jpg 768w, https:\/\/www.la-campiere.com\/wp-content\/uploads\/2026\/01\/camping-la-campiere-proche-des-pistes-cyclables-1082x1536.jpg 1082w, https:\/\/www.la-campiere.com\/wp-content\/uploads\/2026\/01\/camping-la-campiere-proche-des-pistes-cyclables.jpg 1409w\" sizes=\"(max-width: 721px) 100vw, 721px\" \/><\/figure>\n<\/div>\n<\/div>\n<\/section>\n\n<section class=\"wp-block-group alignfull home-third page-two is-layout-flow wp-block-group-is-layout-flow\" style=\"padding-bottom:7rem\">\n<div class=\"wp-block-group is-layout-flow wp-block-group-is-layout-flow\">\n<div class=\"wp-block-cover is-light has-custom-content-position is-position-bottom-left\" style=\"border-bottom-left-radius:45px;border-bottom-right-radius:45px;min-height:90vh;aspect-ratio:unset;\"><img decoding=\"async\" width=\"2000\" height=\"1333\" class=\"wp-block-cover__image-background wp-image-3225 size-large\" alt=\"camping-la-campiere-proche-du-moulin-de-la-bree\" srcset=\"https:\/\/www.la-campiere.com\/wp-content\/uploads\/2026\/01\/camping-la-campiere-proche-du-moulin-de-la-bree.jpg 2000w\" sizes=\"100vw\" src=\"https:\/\/www.la-campiere.com\/wp-content\/uploads\/2026\/01\/camping-la-campiere-proche-du-moulin-de-la-bree.jpg\" data-object-fit=\"cover\"\/><span aria-hidden=\"true\" class=\"wp-block-cover__background has-contrast-background-color has-background-dim-20 has-background-dim\"><\/span><div class=\"wp-block-cover__inner-container is-layout-flow wp-block-cover-is-layout-flow\">\n<p class=\"has-text-align-center has-large-font-size\"><\/p>\n<\/div><\/div>\n<\/div>\n\n\n\n<div class=\"wp-block-group is-layout-flow wp-block-group-is-layout-flow\" style=\"padding-top:3rem\">\n<h2 class=\"wp-block-heading has-text-align-center\">Activities <strong>for your children<\/strong><\/h2>\n\n\n\n<div class=\"wp-block-columns are-vertically-aligned-top content is-layout-flex wp-container-core-columns-is-layout-6a5a5078 wp-block-columns-is-layout-flex\" style=\"padding-right:15rem;padding-left:15rem\">\n<div class=\"wp-block-column is-vertically-aligned-top first is-layout-flow wp-block-column-is-layout-flow\">\n<p class=\"has-text-align-center\">The \u00cele d&#8217;Ol\u00e9ron is surely one of the family vacation destinations with the most activities for young children. Situated between <strong>land<\/strong> and <strong>sea<\/strong>, our territory offers a wide range of <strong>educational workshops<\/strong> that encourage youngsters to cultivate their <strong>creativity<\/strong> while discovering the <a href=\"https:\/\/www.la-campiere.com\/en\/tourism-saint-georges-d-oleron-oleron-island\/\" data-type=\"page\" data-id=\"2311\">cultural heritage of the \u00cele d&#8217;Ol\u00e9ron<\/a>. Themes range from the <strong>Moulin de la Br\u00e9e<\/strong> to the <strong>Maison paysanne<\/strong> and the <strong>marais aux oiseaux<\/strong>, to name but a few. Many other family activities are offered on the Ile d&#8217;Ol\u00e9ron in season. The <strong>tourist offices <\/strong>near the La Campi\u00e8re campsite will be able to guide you according to your tastes and interests.      <\/p>\n\n\n\n<p>A bike ride with the kids from the campsite takes you to the <strong>Pr\u00e9s Valet leisure park<\/strong>. It&#8217;s the ideal place for youngsters who love outdoor activities. A <strong>skateboard<\/strong> track, a <strong>city<\/strong> <strong>park<\/strong>, <strong>inflatable<\/strong> <strong>games<\/strong> and even a <strong>mini-port<\/strong> with electric boats make up a leisure complex that&#8217;s sure to delight every child.    <\/p>\n\n\n\n<p class=\"has-text-align-center\">This <strong>14-hectare natural area<\/strong> is an ideal place for family get-togethers, inviting you to relax around its pond and picnic area.  <\/p>\n<\/div>\n<\/div>\n<\/div>\n<\/section>\n\n<section class=\"wp-block-group home-seventh is-layout-flow wp-block-group-is-layout-flow\" style=\"padding-right:var(--wp--preset--spacing--50);padding-left:var(--wp--preset--spacing--50)\">\n<div class=\"wp-block-columns is-layout-flex wp-container-core-columns-is-layout-649c0f26 wp-block-columns-is-layout-flex\" style=\"padding-top:var(--wp--preset--spacing--40);padding-bottom:var(--wp--preset--spacing--40)\">\n<div class=\"wp-block-column is-layout-flow wp-block-column-is-layout-flow\">\n<figure class=\"wp-block-image size-large has-custom-border\"><img decoding=\"async\" width=\"1024\" height=\"682\" src=\"https:\/\/www.la-campiere.com\/wp-content\/uploads\/2026\/01\/camping-la-campiere-proche-du-petit-train-de-saint-trojan-1024x682.jpg\" alt=\"camping-la-campiere-proche-du-petit-train-de-saint-trojan\" class=\"wp-image-3215\" style=\"border-top-left-radius:45px;border-top-right-radius:45px;border-bottom-left-radius:45px;border-bottom-right-radius:45px\" srcset=\"https:\/\/www.la-campiere.com\/wp-content\/uploads\/2026\/01\/camping-la-campiere-proche-du-petit-train-de-saint-trojan-1024x682.jpg 1024w, https:\/\/www.la-campiere.com\/wp-content\/uploads\/2026\/01\/camping-la-campiere-proche-du-petit-train-de-saint-trojan-300x200.jpg 300w, https:\/\/www.la-campiere.com\/wp-content\/uploads\/2026\/01\/camping-la-campiere-proche-du-petit-train-de-saint-trojan-768x512.jpg 768w, https:\/\/www.la-campiere.com\/wp-content\/uploads\/2026\/01\/camping-la-campiere-proche-du-petit-train-de-saint-trojan-1536x1024.jpg 1536w, https:\/\/www.la-campiere.com\/wp-content\/uploads\/2026\/01\/camping-la-campiere-proche-du-petit-train-de-saint-trojan.jpg 2000w\" sizes=\"(max-width: 1024px) 100vw, 1024px\" \/><\/figure>\n<\/div>\n\n\n\n<div class=\"wp-block-column is-layout-flow wp-block-column-is-layout-flow\">\n<div class=\"wp-block-group titre-decoratif has-custom-orange-color has-text-color has-link-color wp-elements-d257b0a20d40867b4122bbbc450db228 is-vertical is-content-justification-left is-nowrap is-layout-flex wp-container-core-group-is-layout-332c27bf wp-block-group-is-layout-flex\" style=\"border-left-color:var(--wp--preset--color--custom-four);border-left-width:1px;padding-right:0;padding-left:var(--wp--preset--spacing--10)\">\n<h2 class=\"wp-block-heading has-text-align-left\"><strong>Family activities<\/strong> on the Ile d&#8217;Ol\u00e9ron<\/h2>\n<\/div>\n\n\n\n<div class=\"wp-block-group texte is-layout-flow wp-block-group-is-layout-flow\" style=\"padding-left:var(--wp--preset--spacing--20)\">    <div id=\"gt-fse-lire-plus-6a0322121c20d\" class=\"gt-fse-lire-plus\" data-min-height=\"130\" style=\"background-color: #fff;\">\n        <input id=\"gt-fse-lire-plus-6a0322121c20d-toggle\" type=\"checkbox\" class=\"gt-fse-lire-plus__toggle\" \/>\n        <label for=\"gt-fse-lire-plus-6a0322121c20d-toggle\" class=\"gt-fse-lire-plus__toggle-label\">\n            <span>Read more<\/span>\n            <span>Lire moins<\/span>\n        <\/label>\n        <div class=\"gt-fse-lire-plus__content\" style=\"height: 130px;\">\n            \n\n<p>Family seaside vacations are an opportunity to share <strong>unique<\/strong> <strong>moments<\/strong> with children and create <strong>unforgettable<\/strong> <strong>memories<\/strong>.<\/p>\n\n\n\n<p>Beyond the many activities that the seaside invites us to share with our families, the <strong>little train of Saint-Trojan<\/strong> is surely one of the activities we remember the longest. Departing from Saint-Trojan station, this <strong>emblematic train<\/strong> serves the beaches of Gatseau and Maumusson on the <strong>wild coast <\/strong>, crossing <strong>six kilometers of pine forests<\/strong>.   <\/p>\n\n\n\n<p>Still in the south of the island, the most playful can compete on the <strong>Ti&#8217;parc <\/strong> <strong>accrobranches course<\/strong> in the commune of Ch\u00e2teau d&#8217;Ol\u00e9ron.  <\/p>\n\n\n\n<p>In the immediate vicinity of La Campi\u00e8re campsite, in the commune of Saint-Georges-d&#8217;Ol\u00e9ron, youngsters will be delighted to <strong>meet the \u00c2nes d&#8217;Ol\u00e9ron<\/strong>. This <strong>educational farm <\/strong>is the ideal place to spend a unique moment with the whole family around shared activities.   <\/p>\n\n\n\n<p>In the evenings, <strong>many night markets<\/strong> are organized in different villages on the Ile d&#8217;Ol\u00e9ron, with entertainment for all. The <strong>Saint-Pierre-d&#8217;Ol\u00e9ron funfair <\/strong>is a must for family fun all summer long. Finally, the <strong>Il\u00e9o water park<\/strong> welcomes you to its family areas with <strong>slides<\/strong>, river of buoys, splashpad and other pools. Older children will appreciate the solarium and relaxation area (hammam, sauna, spa&#8230;).   <\/p>\n\n            <div class=\"gt-fse-lire-plus__gradient\" style=\"background: linear-gradient(to bottom,rgba(255,255,255,0) 0%,rgba(255,255,255,1) 100%);\"><\/div>\n        <\/div>\n    <\/div>\n    <\/div>\n<\/div>\n<\/div>\n<\/section>\n\n<section class=\"wp-block-group home-fourth page-three has-custom-two-background-color has-background is-layout-flow wp-block-group-is-layout-flow\" style=\"border-bottom-left-radius:45px;border-bottom-right-radius:45px;padding-right:4.69rem;padding-left:4.69rem\">\n<div class=\"wp-block-group fond has-custom-vert-background-color has-background is-layout-flow wp-block-group-is-layout-flow\" style=\"border-radius:15px;padding-top:7rem;padding-right:4.69rem;padding-bottom:7rem;padding-left:4.69rem\">\n<div class=\"wp-block-group has-base-2-color has-text-color has-link-color wp-elements-1698d526ced6d052a5a463e2be748484 is-layout-flow wp-block-group-is-layout-flow\" style=\"padding-right:7rem;padding-left:7rem\">\n<h2 class=\"wp-block-heading has-text-align-center has-base-2-color has-text-color has-link-color wp-elements-c727751cbde44fd4fddd798ed0140238\"><strong>Sports<\/strong> activities<\/h2>\n\n\n\n<p class=\"has-text-align-center has-base-2-color has-text-color has-link-color wp-elements-dfccf4d53ccaa5e5b332f3c734fe5787\">When you stay at La Campi\u00e8re campsite, you&#8217;re ideally placed to discover the <strong>wildest<\/strong> part of the island, with easy access to the widest range of <strong>sporting activities<\/strong>, both on <strong>land<\/strong> and at <strong>sea<\/strong>. <\/p>\n\n\n\n<p class=\"has-text-align-center\">From the campsite, take advantage of the many <strong>hiking<\/strong> and <strong>mountain-biking<\/strong> <strong>trails<\/strong>, including the brand-new 105-kilometer <strong>Chemin d&#8217;Ol\u00e9ron<\/strong> around the Ile d&#8217;Ol\u00e9ron. You can also enjoy a <strong>horseback ride through the marshes <\/strong>or along the <strong>beaches<\/strong> of Saint-Georges-d&#8217;Ol\u00e9ron.   <\/p>\n\n\n\n<p class=\"has-text-align-center\">Lovers of cycling will find it easy to explore our beautiful commune of Saint-Georges-d&#8217;Ol\u00e9ron, thanks to the <strong>160 kilometers of cycle paths starting from the campsite<\/strong>.<\/p>\n\n\n\n<p class=\"has-text-align-center has-base-2-color has-text-color has-link-color wp-elements-6a1194cf92df5cb165ce6965664c32a9\"><strong>Water sports<\/strong> enthusiasts choose to stay at camping La Campi\u00e8re for its <strong>direct access to the most beautiful surf <\/strong>and <strong>foil <\/strong> <strong>spots <\/strong>on the Ile d&#8217;Ol\u00e9ron, with their three surf schools. To discover or perfect your <strong>sailing<\/strong> skills, head for the port of Saint-Denis-d&#8217;Ol\u00e9ron, 6 kilometers from the campsite, accessible by bike via the cycle paths. <strong>Paddleboarding<\/strong> or <strong>canoeing<\/strong> on the channels of Saint-Georges-d&#8217;Ol\u00e9ron is a great way to <strong>get away from it<\/strong> all and <strong>contemplate<\/strong> the <strong>wild<\/strong> <strong>flora<\/strong> and <strong>fauna<\/strong> of the Ile d&#8217;Ol\u00e9ron. The more adventurous or seabed lovers can enjoy snorkeling or take advantage of <strong>Chaucre&#8217;s diving school &#8220;Les joyeux corsaires&#8221; <\/strong>to admire the underwater wealth of our coastline.   <\/p>\n\n\n\n<div style=\"height:2rem\" aria-hidden=\"true\" class=\"wp-block-spacer gt-hide-mobile\"><\/div>\n<\/div>\n\n\n\n<div class=\"wp-block-cover is-light has-custom-content-position is-position-bottom-left\" style=\"border-top-left-radius:45px;border-top-right-radius:45px;border-bottom-left-radius:45px;border-bottom-right-radius:45px;padding-right:0px;padding-left:0px;min-height:75vh;aspect-ratio:unset;\"><img decoding=\"async\" width=\"2000\" height=\"1333\" class=\"wp-block-cover__image-background wp-image-3232 size-full\" alt=\"camping-la-campiere-proche-des-balades-de-randonnees\" srcset=\"https:\/\/www.la-campiere.com\/wp-content\/uploads\/2026\/01\/camping-la-campiere-proche-des-balades-de-randonnees.jpg 2000w\" sizes=\"100vw\" src=\"https:\/\/www.la-campiere.com\/wp-content\/uploads\/2026\/01\/camping-la-campiere-proche-des-balades-de-randonnees.jpg\" data-object-fit=\"cover\"\/><span aria-hidden=\"true\" class=\"wp-block-cover__background has-background-dim-0 has-background-dim\" style=\"background-color:#a99789\"><\/span><div class=\"wp-block-cover__inner-container is-layout-flow wp-block-cover-is-layout-flow\">\n<p class=\"has-text-align-center has-large-font-size\"><\/p>\n<\/div><\/div>\n<\/div>\n<\/section>\n\n<div class=\"wp-block-group page-seven is-layout-flow wp-block-group-is-layout-flow\" style=\"padding-top:4rem;padding-bottom:10rem\">\n<div class=\"wp-block-columns are-vertically-aligned-center is-layout-flex wp-container-core-columns-is-layout-28f84493 wp-block-columns-is-layout-flex\">\n<div class=\"wp-block-column is-vertically-aligned-center is-layout-flow wp-block-column-is-layout-flow\" style=\"flex-basis:40%\"><\/div>\n\n\n\n<div class=\"wp-block-column is-vertically-aligned-center is-layout-flow wp-block-column-is-layout-flow\" style=\"flex-basis:60%\">\n<div class=\"wp-block-group titre-decoratif has-custom-orange-color has-text-color has-link-color has-league-spartan-font-family wp-elements-7adedd31c1b48b9be64c674713a2d9b0 is-vertical is-content-justification-left is-nowrap is-layout-flex wp-container-core-group-is-layout-332c27bf wp-block-group-is-layout-flex\" style=\"border-left-color:var(--wp--preset--color--custom-four);border-left-width:1px;padding-right:0;padding-left:var(--wp--preset--spacing--10);font-size:clamp(24.034px, 1.502rem + ((1vw - 3.2px) * 1.663), 40px);line-height:1\">\n<p class=\"has-text-align-left\" style=\"text-transform:uppercase\">Discover<br\/><em>too<\/em><\/p>\n<\/div>\n<\/div>\n<\/div>\n\n\n\n<div data-wp-context=\"{}\" data-wp-interactive=\"core\/query\" data-wp-key=\"0\" data-wp-router-region=\"query-0\" class=\"wp-block-query alignwide gt-fse-maillage-query has-global-padding is-layout-constrained wp-container-core-query-is-layout-1e86373d wp-block-query-is-layout-constrained\"><ul style=\"border-top-left-radius:45px;border-top-right-radius:45px;border-bottom-left-radius:45px;border-bottom-right-radius:45px;\" class=\"columns-3 wp-block-post-template is-layout-grid wp-container-core-post-template-is-layout-6d3fbd8f wp-block-post-template-is-layout-grid\"><li data-wp-key=\"post-template-item-4260\" class=\"wp-block-post post-4260 page type-page status-publish has-post-thumbnail hentry\">\n\n<figure class=\"wp-block-image size-full has-custom-border\"><img decoding=\"async\" src=\"https:\/\/www.la-campiere.com\/wp-content\/uploads\/2026\/01\/camping-la-campiere-emplacements-arbores.jpg\" alt=\"camping-la-campiere-pitches-arbores\" class=\"wp-image-1030\" style=\"border-top-left-radius:45px;border-top-right-radius:45px;border-bottom-left-radius:45px;border-bottom-right-radius:45px;aspect-ratio:1;object-fit:cover\"\/><\/figure>\n\n\n\n<div class=\"wp-block-group maillage__title has-base-2-color has-text-color has-link-color has-montserrat-font-family wp-elements-2fb333a41145f9664e40150f58ac8e69 is-content-justification-space-between is-nowrap is-layout-flex wp-container-core-group-is-layout-c52eadd5 wp-block-group-is-layout-flex\" style=\"margin-top:-8rem;padding-right:2rem;padding-bottom:2rem;padding-left:2rem;font-size:clamp(0.912rem, 0.912rem + ((1vw - 0.2rem) * 0.763), 1.37rem);font-style:normal;font-weight:700;line-height:1;text-transform:uppercase\">\n<p class=\"has-base-color has-text-color has-link-color wp-elements-540a599245d35c3ea90b390e74367648\">Our locations<\/p>\n<\/div>\n\n\n<a style=\"border-radius:10px;\" class=\"is-style-lien-cover wp-block-read-more\" href=\"https:\/\/www.la-campiere.com\/en\/pitch-rental-saint-georges-d-oleron\/\" target=\"_self\">Read more<span class=\"screen-reader-text\">: Our locations<\/span><\/a>\n<\/li><li data-wp-key=\"post-template-item-4282\" class=\"wp-block-post post-4282 page type-page status-publish has-post-thumbnail hentry\">\n\n<figure class=\"wp-block-image size-full has-custom-border\"><img decoding=\"async\" src=\"https:\/\/www.la-campiere.com\/wp-content\/uploads\/2025\/12\/camping-la-campiere-location-velos.jpg\" alt=\"camping-la-campiere-location-velos\" class=\"wp-image-1030\" style=\"border-top-left-radius:45px;border-top-right-radius:45px;border-bottom-left-radius:45px;border-bottom-right-radius:45px;aspect-ratio:1;object-fit:cover\"\/><\/figure>\n\n\n\n<div class=\"wp-block-group maillage__title has-base-2-color has-text-color has-link-color has-montserrat-font-family wp-elements-2fb333a41145f9664e40150f58ac8e69 is-content-justification-space-between is-nowrap is-layout-flex wp-container-core-group-is-layout-c52eadd5 wp-block-group-is-layout-flex\" style=\"margin-top:-8rem;padding-right:2rem;padding-bottom:2rem;padding-left:2rem;font-size:clamp(0.912rem, 0.912rem + ((1vw - 0.2rem) * 0.763), 1.37rem);font-style:normal;font-weight:700;line-height:1;text-transform:uppercase\">\n<p class=\"has-base-color has-text-color has-link-color wp-elements-540a599245d35c3ea90b390e74367648\">Our services<\/p>\n<\/div>\n\n\n<a style=\"border-radius:10px;\" class=\"is-style-lien-cover wp-block-read-more\" href=\"https:\/\/www.la-campiere.com\/en\/camping-reception-oleron-island\/\" target=\"_self\">Read more<span class=\"screen-reader-text\">: Our services<\/span><\/a>\n<\/li><li data-wp-key=\"post-template-item-4219\" class=\"wp-block-post post-4219 page type-page status-publish has-post-thumbnail hentry\">\n\n<figure class=\"wp-block-image size-full has-custom-border\"><img decoding=\"async\" src=\"https:\/\/www.la-campiere.com\/wp-content\/uploads\/2026\/01\/camping-la-campiere-proche-de-fort-boyard.jpg\" alt=\"camping-la-campiere-proche-de-fort-boyard\" class=\"wp-image-1030\" style=\"border-top-left-radius:45px;border-top-right-radius:45px;border-bottom-left-radius:45px;border-bottom-right-radius:45px;aspect-ratio:1;object-fit:cover\"\/><\/figure>\n\n\n\n<div class=\"wp-block-group maillage__title has-base-2-color has-text-color has-link-color has-montserrat-font-family wp-elements-2fb333a41145f9664e40150f58ac8e69 is-content-justification-space-between is-nowrap is-layout-flex wp-container-core-group-is-layout-c52eadd5 wp-block-group-is-layout-flex\" style=\"margin-top:-8rem;padding-right:2rem;padding-bottom:2rem;padding-left:2rem;font-size:clamp(0.912rem, 0.912rem + ((1vw - 0.2rem) * 0.763), 1.37rem);font-style:normal;font-weight:700;line-height:1;text-transform:uppercase\">\n<p class=\"has-base-color has-text-color has-link-color wp-elements-540a599245d35c3ea90b390e74367648\">What to see<\/p>\n<\/div>\n\n\n<a style=\"border-radius:10px;\" class=\"is-style-lien-cover wp-block-read-more\" href=\"https:\/\/www.la-campiere.com\/en\/tourism-saint-georges-d-oleron-oleron-island\/\" target=\"_self\">Read more<span class=\"screen-reader-text\">: What to see<\/span><\/a>\n<\/li><\/ul><\/div>\n<\/div>\n","protected":false},"excerpt":{"rendered":"<p>Top things to do in Saint-Georges-d&#8217;Ol\u00e9ron Ideally located at the start of cycle paths and summer shuttles, your La Campi\u00e8re campsite in Saint-Georges-d&#8217;Ol\u00e9ron makes it easy to get to your favorite activities on the Ile d&#8217;Ol\u00e9ron. If the surrounding wide-open spaces offer the ideal backdrop foroutdoor activities for all the family, our island is full [&hellip;]<\/p>\n","protected":false},"author":1,"featured_media":3241,"parent":0,"menu_order":0,"comment_status":"closed","ping_status":"closed","template":"","meta":{"_seopress_robots_primary_cat":"","_seopress_titles_title":"Activities Saint-Georges-d'Ol\u00e9ron | Activities on the Ile d'Ol\u00e9ron","_seopress_titles_desc":"Activities starting from the C\u00f4t\u00e9 mer campsite. Just 400m from the beach, La Campi\u00e8re campsite is on the doorstep of a multitude of seaside activities. ","_seopress_robots_index":"","_gt_ctv_global_id":"","_gt_ctv_id_group":false,"inline_featured_image":false,"gt_fse_maillage_image":"https:\/\/www.la-campiere.com\/wp-content\/uploads\/2026\/01\/chemin-oleron-paysage.jpg","gt_fse_maillage_titre":"To do","gt_fse_maillage_alt":"path-oleron-landscape","gt_fse_maillage_resume":"","footnotes":""},"categories":[],"tags":[],"class_list":["post-4187","page","type-page","status-publish","has-post-thumbnail","hentry"],"_links":{"self":[{"href":"https:\/\/www.la-campiere.com\/en\/wp-json\/wp\/v2\/pages\/4187","targetHints":{"allow":["GET"]}}],"collection":[{"href":"https:\/\/www.la-campiere.com\/en\/wp-json\/wp\/v2\/pages"}],"about":[{"href":"https:\/\/www.la-campiere.com\/en\/wp-json\/wp\/v2\/types\/page"}],"author":[{"embeddable":true,"href":"https:\/\/www.la-campiere.com\/en\/wp-json\/wp\/v2\/users\/1"}],"replies":[{"embeddable":true,"href":"https:\/\/www.la-campiere.com\/en\/wp-json\/wp\/v2\/comments?post=4187"}],"version-history":[{"count":14,"href":"https:\/\/www.la-campiere.com\/en\/wp-json\/wp\/v2\/pages\/4187\/revisions"}],"predecessor-version":[{"id":4580,"href":"https:\/\/www.la-campiere.com\/en\/wp-json\/wp\/v2\/pages\/4187\/revisions\/4580"}],"wp:featuredmedia":[{"embeddable":true,"href":"https:\/\/www.la-campiere.com\/en\/wp-json\/wp\/v2\/media\/3241"}],"wp:attachment":[{"href":"https:\/\/www.la-campiere.com\/en\/wp-json\/wp\/v2\/media?parent=4187"}],"wp:term":[{"taxonomy":"category","embeddable":true,"href":"https:\/\/www.la-campiere.com\/en\/wp-json\/wp\/v2\/categories?post=4187"},{"taxonomy":"post_tag","embeddable":true,"href":"https:\/\/www.la-campiere.com\/en\/wp-json\/wp\/v2\/tags?post=4187"}],"curies":[{"name":"wp","href":"https:\/\/api.w.org\/{rel}","templated":true}]}}