{"id":4232,"date":"2025-12-29T09:33:46","date_gmt":"2025-12-29T08:33:46","guid":{"rendered":"https:\/\/www.la-campiere.com\/camping-piscine-chauffee-saint-georges-d-oleron\/"},"modified":"2026-02-16T09:47:30","modified_gmt":"2026-02-16T08:47:30","slug":"camping-heated-swimming-pool-saint-georges-d-oleron","status":"publish","type":"page","link":"https:\/\/www.la-campiere.com\/en\/camping-heated-swimming-pool-saint-georges-d-oleron\/","title":{"rendered":"The swimming pool"},"content":{"rendered":"\n<section class=\"wp-block-group alignfull home-first page-first anim overflow-hidden is-layout-flow wp-block-group-is-layout-flow\" style=\"margin-bottom:0px;padding-top:7rem;padding-right:var(--wp--preset--spacing--60);padding-bottom:7rem;padding-left:var(--wp--preset--spacing--60)\">\n<div class=\"wp-block-columns gt-main-group gt-reverse-mobile is-layout-flex wp-container-core-columns-is-layout-0b70d401 wp-block-columns-is-layout-flex\">\n<div class=\"wp-block-column first is-layout-flow wp-block-column-is-layout-flow\" style=\"flex-basis:55%\">\n<div class=\"wp-block-columns is-not-stacked-on-mobile mosaique wp-container-content-b99e70a5 is-layout-flex wp-container-core-columns-is-layout-28f84493 wp-block-columns-is-layout-flex\">\n<div class=\"wp-block-column animate-up is-layout-flow wp-block-column-is-layout-flow\">\n<div class=\"wp-block-cover is-light\" style=\"border-radius:10px;min-height:25rem;aspect-ratio:unset;\"><img decoding=\"async\" width=\"2000\" height=\"1496\" class=\"wp-block-cover__image-background wp-image-3033 size-full\" alt=\"camping-la-campiere-et-son-solarium\" srcset=\"https:\/\/www.la-campiere.com\/wp-content\/uploads\/2026\/01\/camping-la-campiere-et-son-solarium.jpg 2000w\" sizes=\"100vw\" src=\"https:\/\/www.la-campiere.com\/wp-content\/uploads\/2026\/01\/camping-la-campiere-et-son-solarium.jpg\" data-object-fit=\"cover\"\/><span aria-hidden=\"true\" class=\"wp-block-cover__background has-background-dim-0 has-background-dim\" style=\"background-color:#6f939a\"><\/span><div class=\"wp-block-cover__inner-container has-global-padding is-layout-constrained wp-block-cover-is-layout-constrained\">\n<p class=\"has-text-align-center has-large-font-size\"><\/p>\n<\/div><\/div>\n\n\n\n<div class=\"wp-block-cover is-light has-aspect-ratio\" style=\"border-radius:10px;min-height:20rem;aspect-ratio:1;min-height:unset;\"><img decoding=\"async\" width=\"2000\" height=\"1500\" class=\"wp-block-cover__image-background wp-image-3030 size-full\" alt=\"camping-la-campiere-avec-piscine-chauffee-a-saint-georges-doleron\" srcset=\"https:\/\/www.la-campiere.com\/wp-content\/uploads\/2026\/01\/camping-la-campiere-avec-piscine-chauffee-a-saint-georges-doleron.jpg 2000w\" sizes=\"100vw\" src=\"https:\/\/www.la-campiere.com\/wp-content\/uploads\/2026\/01\/camping-la-campiere-avec-piscine-chauffee-a-saint-georges-doleron.jpg\" data-object-fit=\"cover\"\/><span aria-hidden=\"true\" class=\"wp-block-cover__background has-background-dim-0 has-background-dim\" style=\"background-color:#5a90b0\"><\/span><div class=\"wp-block-cover__inner-container has-global-padding is-layout-constrained wp-block-cover-is-layout-constrained\">\n<p class=\"has-text-align-center has-large-font-size\"><\/p>\n<\/div><\/div>\n<\/div>\n\n\n\n<div class=\"wp-block-column animate-down is-layout-flow wp-block-column-is-layout-flow\">\n<div style=\"height:10rem\" aria-hidden=\"true\" class=\"wp-block-spacer gt-hide-mobile\"><\/div>\n\n\n\n<div class=\"wp-block-cover\" style=\"border-radius:10px;min-height:20rem;aspect-ratio:unset;\"><img decoding=\"async\" width=\"2000\" height=\"1500\" class=\"wp-block-cover__image-background wp-image-3027 size-full\" alt=\"camping-la-campiere-avec-piscine-a-saint-georges-doleron\" srcset=\"https:\/\/www.la-campiere.com\/wp-content\/uploads\/2026\/01\/camping-la-campiere-avec-piscine-a-saint-georges-doleron.jpg 2000w\" sizes=\"100vw\" src=\"https:\/\/www.la-campiere.com\/wp-content\/uploads\/2026\/01\/camping-la-campiere-avec-piscine-a-saint-georges-doleron.jpg\" data-object-fit=\"cover\"\/><span aria-hidden=\"true\" class=\"wp-block-cover__background has-background-dim-0 has-background-dim\" style=\"background-color:#4b85a8\"><\/span><div class=\"wp-block-cover__inner-container has-global-padding is-layout-constrained wp-block-cover-is-layout-constrained\">\n<p class=\"has-text-align-center has-large-font-size\"><\/p>\n<\/div><\/div>\n\n\n\n<div class=\"wp-block-cover is-light has-custom-content-position is-position-bottom-left gt-cta__cover\" style=\"border-radius:10px;min-height:17rem;aspect-ratio:unset;\"><img decoding=\"async\" width=\"2000\" height=\"1500\" class=\"wp-block-cover__image-background wp-image-3037 size-full\" alt=\"camping-la-campiere-avec-piscine-pour-des-vacances-agreables\" srcset=\"https:\/\/www.la-campiere.com\/wp-content\/uploads\/2026\/01\/camping-la-campiere-avec-piscine-pour-des-vacances-agreables.jpg 2000w\" sizes=\"100vw\" src=\"https:\/\/www.la-campiere.com\/wp-content\/uploads\/2026\/01\/camping-la-campiere-avec-piscine-pour-des-vacances-agreables.jpg\" data-object-fit=\"cover\"\/><span aria-hidden=\"true\" class=\"wp-block-cover__background has-background-dim-0 has-background-dim\"><\/span><div class=\"wp-block-cover__inner-container is-layout-flow wp-block-cover-is-layout-flow\">\n<p class=\"has-text-align-center has-large-font-size\"><\/p>\n<\/div><\/div>\n<\/div>\n<\/div>\n<\/div>\n\n\n\n<div class=\"wp-block-column second is-layout-flow wp-block-column-is-layout-flow\" style=\"flex-basis:45%\">\n<div class=\"wp-block-group wp-container-content-a5fc19f1 is-layout-flow wp-block-group-is-layout-flow\">\n<div class=\"wp-block-group deco-titre has-custom-orange-color has-text-color has-link-color wp-elements-841de128455cf8a302da0665a105fd1c is-vertical is-nowrap is-layout-flex wp-container-core-group-is-layout-c9992202 wp-block-group-is-layout-flex\" style=\"margin-top:2rem\">\n<div class=\"wp-block-group is-layout-flow wp-block-group-is-layout-flow\">\n<h1 class=\"wp-block-heading has-custom-orange-color has-text-color has-link-color wp-elements-9d2410fb091dc67c0994021363868dad\"><strong>Campsite with heated pool <\/strong>on the Ile d&#8217;Ol\u00e9ron<\/h1>\n\n\n\n<div style=\"height:16px\" aria-hidden=\"true\" class=\"wp-block-spacer gt-show-mobile\"><\/div>\n\n\n\n<p>At <a href=\"\/\">La Campi\u00e8re campsite in Saint-Georges-d&#8217;Ol\u00e9ron<\/a>, relax in our <strong>heated<\/strong> <strong>swimming pool<\/strong> from Ascension weekend to mid-September. After a swim, <strong>relax<\/strong> and <strong>sunbathe<\/strong> on the wind-protected solarium, equipped with <strong>deckchairs<\/strong> and <strong>parasols<\/strong>.   <\/p>\n<\/div>\n<\/div>\n\n\n\n<div style=\"height:4rem\" aria-hidden=\"true\" class=\"wp-block-spacer gt-hide-mobile gt-hide-mobile\"><\/div>\n\n\n\n<div class=\"wp-block-group content is-layout-flow wp-block-group-is-layout-flow\">\n<h2 class=\"wp-block-heading\">Enjoy our heated swimming pool <strong>in Saint-Georges-d&#8217;Ol\u00e9ron<\/strong><\/h2>\n\n\n\n<p>With <strong>two<\/strong> pool <strong>depths<\/strong> (1 m and 1.40 m) and a <strong>solarium<\/strong>, our heated pool is the ideal place to enjoy your vacation.  <\/p>\n\n\n\n<p>Enjoy wonderful <strong>moments of relaxation<\/strong> or laughter with your children or friends in the swimming pool of our 4-star campsite on the Ile d&#8217;Ol\u00e9ron.<\/p>\n\n\n\n<p>From the very first hour the pool is open, the more courageous appreciate the <strong>early-morning<\/strong> <strong>tranquillity<\/strong> to do a few lengths and gently wake up their muscles before setting off on an excursion to the Ile d&#8217;Ol\u00e9ron. Our heated pool, where everyone can walk, is ideal for relaxing throughout the day. While older children enjoy lounging in the <strong>large pool<\/strong>, they can play safely in the <strong>small, one-meter-deep pool<\/strong>. Our campsite with heated pool in Saint-Georges-d&#8217;Ol\u00e9ron is ideal for younger children to <strong>learn to swim<\/strong>, or even to take <strong>their first dip<\/strong> in their parents&#8217; arms. This moment of complicity forges unique <strong>vacation memories <\/strong>.     <\/p>\n<\/div>\n\n\n\n<div class=\"wp-block-group pastille has-montserrat-font-family is-vertical is-content-justification-center is-nowrap is-layout-flex wp-container-core-group-is-layout-70a63d78 wp-block-group-is-layout-flex\" style=\"margin-top:2rem;font-style:normal;font-weight:700;line-height:1;text-transform:uppercase\">\n<figure class=\"wp-block-image size-large wp-duotone-ffffff-ffffff-1\"><img decoding=\"async\" width=\"14\" height=\"14\" src=\"https:\/\/www.la-campiere.com\/wp-content\/uploads\/2025\/05\/red-sparkle.svg\" alt=\"red-sparkle\" class=\"wp-image-116\"\/><\/figure>\n\n\n\n<p class=\"has-text-align-center has-base-2-color has-text-color has-link-color wp-elements-94bcab46bdc9d549534d44128ed4af38\">sharing &amp;<br\/>smiles<\/p>\n\n\n\n<figure class=\"wp-block-image size-large wp-duotone-ffffff-ffffff-2\"><img decoding=\"async\" width=\"14\" height=\"14\" src=\"https:\/\/www.la-campiere.com\/wp-content\/uploads\/2025\/05\/red-sparkle.svg\" alt=\"red-sparkle\" class=\"wp-image-116\"\/><\/figure>\n<\/div>\n<\/div>\n<\/div>\n<\/div>\n<\/section>\n\n<section class=\"wp-block-group home-fourth page-three has-custom-two-background-color has-background is-layout-flow wp-block-group-is-layout-flow\" style=\"padding-right:4.69rem;padding-left:4.69rem\">\n<div class=\"wp-block-group fond has-custom-vert-background-color has-background is-layout-flow wp-block-group-is-layout-flow\" style=\"border-radius:15px;padding-top:7rem;padding-right:4.69rem;padding-bottom:7rem;padding-left:4.69rem\">\n<div class=\"wp-block-group is-layout-flow wp-block-group-is-layout-flow\" style=\"padding-right:7rem;padding-left:7rem\">\n<h2 class=\"wp-block-heading has-text-align-center has-base-2-color has-text-color has-link-color wp-elements-6ac4a9b655e29fee626d9f28f97db5b2\"><strong>Relaxation<\/strong> under the sun of Oleron<br\/><\/h2>\n\n\n\n<p class=\"has-text-align-center has-base-2-color has-text-color has-link-color wp-elements-804a2bbcfc859ff04a9ea0178a7ad973\">After your swim, relax <strong>on<\/strong> one of the <strong>sunbeds<\/strong> in the solarium. Sheltered from the wind, in the sun or in the shade of an umbrella, enjoy this moment of <strong>idleness<\/strong> or devour one of the many books we have available.   <\/p>\n\n\n\n<p class=\"has-text-align-center has-base-2-color has-text-color has-link-color wp-elements-487a4be22a410007d656ec8f0db5c056\">And if you feel a little hungry, extend the pleasure of this moment of relaxation on a sofa on the bar&#8217;s nearby terrace, with a view of the pool. Taste a delicious <strong>homemade ice cream <\/strong>or indulge in a <strong>gourmet waffle<\/strong>. These are just some of the pleasures that will make your <strong>vacation<\/strong> at our campsite with heated swimming pool on the Ile d&#8217;Ol\u00e9ron so enjoyable.  <\/p>\n\n\n\n<div style=\"height:2rem\" aria-hidden=\"true\" class=\"wp-block-spacer gt-show-mobile\"><\/div>\n<\/div>\n\n\n\n<div class=\"wp-block-cover is-light has-custom-content-position is-position-bottom-left\" style=\"border-top-left-radius:45px;border-top-right-radius:45px;border-bottom-left-radius:45px;border-bottom-right-radius:45px;padding-right:0px;padding-left:0px;min-height:75vh;aspect-ratio:unset;\"><img decoding=\"async\" width=\"2000\" height=\"1500\" class=\"wp-block-cover__image-background wp-image-3023 size-full\" alt=\"camping-la-campiere-piscine-equipee-de-transats\" srcset=\"https:\/\/www.la-campiere.com\/wp-content\/uploads\/2026\/01\/camping-la-campiere-piscine-equipee-de-transats.jpg 2000w\" sizes=\"100vw\" src=\"https:\/\/www.la-campiere.com\/wp-content\/uploads\/2026\/01\/camping-la-campiere-piscine-equipee-de-transats.jpg\" data-object-fit=\"cover\"\/><span aria-hidden=\"true\" class=\"wp-block-cover__background has-background-dim-0 has-background-dim\" style=\"background-color:#7a8883\"><\/span><div class=\"wp-block-cover__inner-container is-layout-flow wp-block-cover-is-layout-flow\">\n<p class=\"has-text-align-center has-large-font-size\"><\/p>\n<\/div><\/div>\n<\/div>\n<\/section>\n\n<div class=\"wp-block-group page-seven is-layout-flow wp-block-group-is-layout-flow\" style=\"padding-top:4rem;padding-bottom:10rem\">\n<div class=\"wp-block-columns are-vertically-aligned-center is-layout-flex wp-container-core-columns-is-layout-28f84493 wp-block-columns-is-layout-flex\">\n<div class=\"wp-block-column is-vertically-aligned-center is-layout-flow wp-block-column-is-layout-flow\" style=\"flex-basis:40%\"><\/div>\n\n\n\n<div class=\"wp-block-column is-vertically-aligned-center is-layout-flow wp-block-column-is-layout-flow\" style=\"flex-basis:60%\">\n<div class=\"wp-block-group titre-decoratif has-custom-orange-color has-text-color has-link-color has-league-spartan-font-family wp-elements-7adedd31c1b48b9be64c674713a2d9b0 is-vertical is-content-justification-left is-nowrap is-layout-flex wp-container-core-group-is-layout-332c27bf wp-block-group-is-layout-flex\" style=\"border-left-color:var(--wp--preset--color--custom-four);border-left-width:1px;padding-right:0;padding-left:var(--wp--preset--spacing--10);font-size:clamp(24.034px, 1.502rem + ((1vw - 3.2px) * 1.663), 40px);line-height:1\">\n<p class=\"has-text-align-left\" style=\"text-transform:uppercase\">Discover<br\/><em>too<\/em><\/p>\n<\/div>\n<\/div>\n<\/div>\n\n\n\n<div data-wp-context=\"{}\" data-wp-interactive=\"core\/query\" data-wp-key=\"0\" data-wp-router-region=\"query-0\" class=\"wp-block-query alignwide gt-fse-maillage-query has-global-padding is-layout-constrained wp-container-core-query-is-layout-1e86373d wp-block-query-is-layout-constrained\"><ul style=\"border-top-left-radius:45px;border-top-right-radius:45px;border-bottom-left-radius:45px;border-bottom-right-radius:45px;\" class=\"columns-3 wp-block-post-template is-layout-grid wp-container-core-post-template-is-layout-6d3fbd8f wp-block-post-template-is-layout-grid\"><li data-wp-key=\"post-template-item-4254\" class=\"wp-block-post post-4254 page type-page status-publish has-post-thumbnail hentry\">\n\n<figure class=\"wp-block-image size-full has-custom-border\"><img decoding=\"async\" src=\"https:\/\/www.la-campiere.com\/wp-content\/uploads\/2026\/01\/camping-la-campiere-hebergement-a-louer-sur-lile-doleron.jpg\" alt=\"camping-la-campiere-hebergement-a-louer-sur-lile-doleron\" class=\"wp-image-1030\" style=\"border-top-left-radius:45px;border-top-right-radius:45px;border-bottom-left-radius:45px;border-bottom-right-radius:45px;aspect-ratio:1;object-fit:cover\"\/><\/figure>\n\n\n\n<div class=\"wp-block-group maillage__title has-base-2-color has-text-color has-link-color has-montserrat-font-family wp-elements-2fb333a41145f9664e40150f58ac8e69 is-content-justification-space-between is-nowrap is-layout-flex wp-container-core-group-is-layout-c52eadd5 wp-block-group-is-layout-flex\" style=\"margin-top:-8rem;padding-right:2rem;padding-bottom:2rem;padding-left:2rem;font-size:clamp(0.912rem, 0.912rem + ((1vw - 0.2rem) * 0.763), 1.37rem);font-style:normal;font-weight:700;line-height:1;text-transform:uppercase\">\n<p class=\"has-base-color has-text-color has-link-color wp-elements-540a599245d35c3ea90b390e74367648\">Our rentals<\/p>\n<\/div>\n\n\n<a style=\"border-radius:10px;\" class=\"is-style-lien-cover wp-block-read-more\" href=\"https:\/\/www.la-campiere.com\/en\/accommodation-rental-saint-georges-d-oleron\/\" target=\"_self\">Read more<span class=\"screen-reader-text\">: Our rentals<\/span><\/a>\n<\/li><li data-wp-key=\"post-template-item-4242\" class=\"wp-block-post post-4242 page type-page status-publish has-post-thumbnail hentry\">\n\n<figure class=\"wp-block-image size-full has-custom-border\"><img decoding=\"async\" src=\"https:\/\/www.la-campiere.com\/wp-content\/uploads\/2026\/01\/cote-atlantique-et-village-doleron.jpg\" alt=\"Seaside\" class=\"wp-image-1030\" style=\"border-top-left-radius:45px;border-top-right-radius:45px;border-bottom-left-radius:45px;border-bottom-right-radius:45px;aspect-ratio:1;object-fit:cover\"\/><\/figure>\n\n\n\n<div class=\"wp-block-group maillage__title has-base-2-color has-text-color has-link-color has-montserrat-font-family wp-elements-2fb333a41145f9664e40150f58ac8e69 is-content-justification-space-between is-nowrap is-layout-flex wp-container-core-group-is-layout-c52eadd5 wp-block-group-is-layout-flex\" style=\"margin-top:-8rem;padding-right:2rem;padding-bottom:2rem;padding-left:2rem;font-size:clamp(0.912rem, 0.912rem + ((1vw - 0.2rem) * 0.763), 1.37rem);font-style:normal;font-weight:700;line-height:1;text-transform:uppercase\">\n<p class=\"has-base-color has-text-color has-link-color wp-elements-540a599245d35c3ea90b390e74367648\">Seaside<\/p>\n<\/div>\n\n\n<a style=\"border-radius:10px;\" class=\"is-style-lien-cover wp-block-read-more\" href=\"https:\/\/www.la-campiere.com\/en\/seaside-camping-saint-georges-d-oleron\/\" target=\"_self\">Read more<span class=\"screen-reader-text\">: Seaside<\/span><\/a>\n<\/li><li data-wp-key=\"post-template-item-4282\" class=\"wp-block-post post-4282 page type-page status-publish has-post-thumbnail hentry\">\n\n<figure class=\"wp-block-image size-full has-custom-border\"><img decoding=\"async\" src=\"https:\/\/www.la-campiere.com\/wp-content\/uploads\/2025\/12\/camping-la-campiere-location-velos.jpg\" alt=\"camping-la-campiere-location-velos\" class=\"wp-image-1030\" style=\"border-top-left-radius:45px;border-top-right-radius:45px;border-bottom-left-radius:45px;border-bottom-right-radius:45px;aspect-ratio:1;object-fit:cover\"\/><\/figure>\n\n\n\n<div class=\"wp-block-group maillage__title has-base-2-color has-text-color has-link-color has-montserrat-font-family wp-elements-2fb333a41145f9664e40150f58ac8e69 is-content-justification-space-between is-nowrap is-layout-flex wp-container-core-group-is-layout-c52eadd5 wp-block-group-is-layout-flex\" style=\"margin-top:-8rem;padding-right:2rem;padding-bottom:2rem;padding-left:2rem;font-size:clamp(0.912rem, 0.912rem + ((1vw - 0.2rem) * 0.763), 1.37rem);font-style:normal;font-weight:700;line-height:1;text-transform:uppercase\">\n<p class=\"has-base-color has-text-color has-link-color wp-elements-540a599245d35c3ea90b390e74367648\">Our services<\/p>\n<\/div>\n\n\n<a style=\"border-radius:10px;\" class=\"is-style-lien-cover wp-block-read-more\" href=\"https:\/\/www.la-campiere.com\/en\/camping-reception-oleron-island\/\" target=\"_self\">Read more<span class=\"screen-reader-text\">: Our services<\/span><\/a>\n<\/li><\/ul><\/div>\n<\/div>\n","protected":false},"excerpt":{"rendered":"<p>Campsite with heated pool on the Ile d&#8217;Ol\u00e9ron At La Campi\u00e8re campsite in Saint-Georges-d&#8217;Ol\u00e9ron, relax in our heated swimming pool from Ascension weekend to mid-September. After a swim, relax and sunbathe on the wind-protected solarium, equipped with deckchairs and parasols. Enjoy our heated swimming pool in Saint-Georges-d&#8217;Ol\u00e9ron With two pool depths (1 m and 1.40 [&hellip;]<\/p>\n","protected":false},"author":1,"featured_media":3021,"parent":0,"menu_order":0,"comment_status":"closed","ping_status":"closed","template":"","meta":{"_seopress_robots_primary_cat":"","_seopress_titles_title":"Camping heated swimming pool Ile d'Ol\u00e9ron, Saint-Georges-d'Ol\u00e9ron","_seopress_titles_desc":"Take advantage of the heated swimming pool at the 4-star Ile d'Ol\u00e9ron La Campi\u00e8re campsite in Saint Georges d'Ol\u00e9ron, for moments of relaxation and conviviality.","_seopress_robots_index":"","_gt_ctv_global_id":"","_gt_ctv_id_group":false,"inline_featured_image":false,"gt_fse_maillage_image":"https:\/\/www.la-campiere.com\/wp-content\/uploads\/2026\/01\/camping-la-campiere-avec-piscine-pour-des-vacances-de-reve-scaled.jpg","gt_fse_maillage_titre":"The swimming pool","gt_fse_maillage_alt":"camping-la-campiere-with-pool-for-dream-holidays","gt_fse_maillage_resume":"","footnotes":""},"categories":[],"tags":[],"class_list":["post-4232","page","type-page","status-publish","has-post-thumbnail","hentry"],"_links":{"self":[{"href":"https:\/\/www.la-campiere.com\/en\/wp-json\/wp\/v2\/pages\/4232","targetHints":{"allow":["GET"]}}],"collection":[{"href":"https:\/\/www.la-campiere.com\/en\/wp-json\/wp\/v2\/pages"}],"about":[{"href":"https:\/\/www.la-campiere.com\/en\/wp-json\/wp\/v2\/types\/page"}],"author":[{"embeddable":true,"href":"https:\/\/www.la-campiere.com\/en\/wp-json\/wp\/v2\/users\/1"}],"replies":[{"embeddable":true,"href":"https:\/\/www.la-campiere.com\/en\/wp-json\/wp\/v2\/comments?post=4232"}],"version-history":[{"count":5,"href":"https:\/\/www.la-campiere.com\/en\/wp-json\/wp\/v2\/pages\/4232\/revisions"}],"predecessor-version":[{"id":4474,"href":"https:\/\/www.la-campiere.com\/en\/wp-json\/wp\/v2\/pages\/4232\/revisions\/4474"}],"wp:featuredmedia":[{"embeddable":true,"href":"https:\/\/www.la-campiere.com\/en\/wp-json\/wp\/v2\/media\/3021"}],"wp:attachment":[{"href":"https:\/\/www.la-campiere.com\/en\/wp-json\/wp\/v2\/media?parent=4232"}],"wp:term":[{"taxonomy":"category","embeddable":true,"href":"https:\/\/www.la-campiere.com\/en\/wp-json\/wp\/v2\/categories?post=4232"},{"taxonomy":"post_tag","embeddable":true,"href":"https:\/\/www.la-campiere.com\/en\/wp-json\/wp\/v2\/tags?post=4232"}],"curies":[{"name":"wp","href":"https:\/\/api.w.org\/{rel}","templated":true}]}}