{"id":4242,"date":"2025-12-29T09:34:02","date_gmt":"2025-12-29T08:34:02","guid":{"rendered":"https:\/\/www.la-campiere.com\/camping-bord-mer-saint-georges-d-oleron\/"},"modified":"2026-02-26T13:31:20","modified_gmt":"2026-02-26T12:31:20","slug":"seaside-camping-saint-georges-d-oleron","status":"publish","type":"page","link":"https:\/\/www.la-campiere.com\/en\/seaside-camping-saint-georges-d-oleron\/","title":{"rendered":"Seaside"},"content":{"rendered":"\n<section class=\"wp-block-group alignfull home-first page-first anim overflow-hidden is-layout-flow wp-block-group-is-layout-flow\" style=\"margin-bottom:0px;padding-top:7rem;padding-right:var(--wp--preset--spacing--60);padding-bottom:7rem;padding-left:var(--wp--preset--spacing--60)\">\n<div class=\"wp-block-columns gt-main-group gt-reverse-mobile is-layout-flex wp-container-core-columns-is-layout-0b70d401 wp-block-columns-is-layout-flex\">\n<div class=\"wp-block-column first is-layout-flow wp-block-column-is-layout-flow\" style=\"flex-basis:55%\">\n<div class=\"wp-block-columns is-not-stacked-on-mobile mosaique wp-container-content-b99e70a5 is-layout-flex wp-container-core-columns-is-layout-28f84493 wp-block-columns-is-layout-flex\">\n<div class=\"wp-block-column animate-up is-layout-flow wp-block-column-is-layout-flow\">\n<div class=\"wp-block-cover is-light\" style=\"border-radius:10px;min-height:25rem;aspect-ratio:unset;\"><img decoding=\"async\" width=\"2000\" height=\"1500\" class=\"wp-block-cover__image-background wp-image-3076 size-full\" alt=\"camping-la-campiere-beau-coucher-de-soleil\" srcset=\"https:\/\/www.la-campiere.com\/wp-content\/uploads\/2026\/01\/camping-la-campiere-beau-coucher-de-soleil.jpg 2000w\" sizes=\"100vw\" src=\"https:\/\/www.la-campiere.com\/wp-content\/uploads\/2026\/01\/camping-la-campiere-beau-coucher-de-soleil.jpg\" data-object-fit=\"cover\" \/><span aria-hidden=\"true\" class=\"wp-block-cover__background has-background-dim-0 has-background-dim\" style=\"background-color:#9f8a75\"><\/span><div class=\"wp-block-cover__inner-container has-global-padding is-layout-constrained wp-block-cover-is-layout-constrained\">\n<p class=\"has-text-align-center has-large-font-size\"><\/p>\n<\/div><\/div>\n\n\n\n<div class=\"wp-block-cover is-light has-aspect-ratio\" style=\"border-radius:10px;min-height:20rem;aspect-ratio:1;min-height:unset;\"><img decoding=\"async\" width=\"2000\" height=\"1500\" class=\"wp-block-cover__image-background wp-image-3083 size-full\" alt=\"camping-la-campiere-proche-de-la-mer\" srcset=\"https:\/\/www.la-campiere.com\/wp-content\/uploads\/2026\/01\/camping-la-campiere-proche-de-la-mer.jpg 2000w\" sizes=\"100vw\" src=\"https:\/\/www.la-campiere.com\/wp-content\/uploads\/2026\/01\/camping-la-campiere-proche-de-la-mer.jpg\" data-object-fit=\"cover\" \/><span aria-hidden=\"true\" class=\"wp-block-cover__background has-background-dim-0 has-background-dim\" style=\"background-color:#a28e7e\"><\/span><div class=\"wp-block-cover__inner-container has-global-padding is-layout-constrained wp-block-cover-is-layout-constrained\">\n<p class=\"has-text-align-center has-large-font-size\"><\/p>\n<\/div><\/div>\n<\/div>\n\n\n\n<div class=\"wp-block-column animate-down is-layout-flow wp-block-column-is-layout-flow\">\n<div style=\"height:10rem\" aria-hidden=\"true\" class=\"wp-block-spacer gt-hide-mobile\"><\/div>\n\n\n\n<div class=\"wp-block-cover is-light\" style=\"border-radius:10px;min-height:20rem;aspect-ratio:unset;\"><img decoding=\"async\" width=\"2000\" height=\"1333\" class=\"wp-block-cover__image-background wp-image-3080 size-full\" alt=\"camping-la-campiere-a-400m-de-la-mer\" srcset=\"https:\/\/www.la-campiere.com\/wp-content\/uploads\/2026\/01\/camping-la-campiere-a-400m-de-la-mer.jpg 2000w\" sizes=\"100vw\" src=\"https:\/\/www.la-campiere.com\/wp-content\/uploads\/2026\/01\/camping-la-campiere-a-400m-de-la-mer.jpg\" data-object-fit=\"cover\" \/><span aria-hidden=\"true\" class=\"wp-block-cover__background has-background-dim-0 has-background-dim\" style=\"background-color:#a5a29d\"><\/span><div class=\"wp-block-cover__inner-container has-global-padding is-layout-constrained wp-block-cover-is-layout-constrained\">\n<p class=\"has-text-align-center has-large-font-size\"><\/p>\n<\/div><\/div>\n\n\n\n<div class=\"wp-block-cover is-light has-custom-content-position is-position-bottom-left gt-cta__cover\" style=\"border-radius:10px;min-height:17rem;aspect-ratio:unset;\"><img decoding=\"async\" width=\"2000\" height=\"1117\" class=\"wp-block-cover__image-background wp-image-3086 size-full\" alt=\"camping-la-campiere-la-plus-belle-plage-surveillee-de-lile-doleron\" srcset=\"https:\/\/www.la-campiere.com\/wp-content\/uploads\/2026\/01\/camping-la-campiere-la-plus-belle-plage-surveillee-de-lile-doleron.jpg 2000w\" sizes=\"100vw\" src=\"https:\/\/www.la-campiere.com\/wp-content\/uploads\/2026\/01\/camping-la-campiere-la-plus-belle-plage-surveillee-de-lile-doleron.jpg\" data-object-fit=\"cover\" \/><span aria-hidden=\"true\" class=\"wp-block-cover__background has-background-dim-0 has-background-dim\"><\/span><div class=\"wp-block-cover__inner-container is-layout-flow wp-block-cover-is-layout-flow\">\n<p class=\"has-text-align-center has-large-font-size\"><\/p>\n<\/div><\/div>\n<\/div>\n<\/div>\n<\/div>\n\n\n\n<div class=\"wp-block-column second is-layout-flow wp-block-column-is-layout-flow\" style=\"flex-basis:45%\">\n<div class=\"wp-block-group wp-container-content-a5fc19f1 is-layout-flow wp-block-group-is-layout-flow\">\n<div class=\"wp-block-group deco-titre has-custom-orange-color has-text-color has-link-color wp-elements-2b53a3c1c4cac5d9eddcf225b40d7de0 is-vertical is-nowrap is-layout-flex wp-container-core-group-is-layout-c9992202 wp-block-group-is-layout-flex\" style=\"margin-top:2rem\">\n<div class=\"wp-block-group is-layout-flow wp-block-group-is-layout-flow\">\n<h1 class=\"wp-block-heading has-custom-orange-color has-text-color has-link-color wp-elements-18c11d791f3675af0ee90e9c66202546\"><strong>Seaside camping<\/strong> in Saint-Georges-d&#8217;Ol\u00e9ron<\/h1>\n\n\n\n<div style=\"height:1rem\" aria-hidden=\"true\" class=\"wp-block-spacer gt-show-mobile\"><\/div>\n\n\n\n<p>Our small <a href=\"\/\">campsite on the Ile d&#8217;Ol\u00e9ron<\/a> is located on the edge of the <strong>coastal<\/strong> <strong>forest<\/strong>, <strong>400 m from the sea<\/strong>, and is the ideal place to stay right next to the ocean, in a <strong>natural<\/strong>, <strong>protected<\/strong> setting.<\/p>\n<\/div>\n<\/div>\n\n\n\n<div style=\"height:14rem\" aria-hidden=\"true\" class=\"wp-block-spacer gt-hide-mobile gt-hide-mobile\"><\/div>\n\n\n\n<div class=\"wp-block-group content is-layout-flow wp-block-group-is-layout-flow\">\n<h2 class=\"wp-block-heading\">Your accommodation <strong>400 m from the sea<\/strong><\/h2>\n\n\n\n<p>By choosing to stay at the seaside campsite in Saint-Georges-d&#8217;Ol\u00e9ron, you&#8217;re ideally situated to make the most of your vacation!<\/p>\n\n\n\n<p><strong>Two pedestrian entrances<\/strong>, one through the <strong>pine forest<\/strong> and <strong>dune<\/strong> and the other via a quiet road, lead to one of the <strong>most beautiful supervised beaches<\/strong> on the Ile d&#8217;Ol\u00e9ron. The perfect way to enjoy the ocean and indulge in your favorite <strong>seaside <\/strong> <strong>activities<\/strong>. In the evening, you&#8217;ll have a front-row seat to admire the <strong>marvellous <\/strong><strong>sunset<\/strong>, which is different every evening!  <\/p>\n<\/div>\n\n\n\n<div class=\"wp-block-group pastille has-montserrat-font-family is-vertical is-content-justification-center is-nowrap is-layout-flex wp-container-core-group-is-layout-70a63d78 wp-block-group-is-layout-flex\" style=\"margin-top:2rem;font-style:normal;font-weight:700;line-height:1;text-transform:uppercase\">\n<figure class=\"wp-block-image size-large wp-duotone-ffffff-ffffff-1\"><img decoding=\"async\" width=\"14\" height=\"14\" src=\"https:\/\/www.la-campiere.com\/wp-content\/uploads\/2025\/05\/red-sparkle.svg\" alt=\"red-sparkle\" class=\"wp-image-116\" \/><\/figure>\n\n\n\n<p class=\"has-text-align-center has-base-2-color has-text-color has-link-color wp-elements-d8edd87457cca40c5c361bb86cdc7880\">sharing &amp;<br \/>smiles<\/p>\n\n\n\n<figure class=\"wp-block-image size-large wp-duotone-ffffff-ffffff-2\"><img decoding=\"async\" width=\"14\" height=\"14\" src=\"https:\/\/www.la-campiere.com\/wp-content\/uploads\/2025\/05\/red-sparkle.svg\" alt=\"red-sparkle\" class=\"wp-image-116\" \/><\/figure>\n<\/div>\n<\/div>\n<\/div>\n<\/div>\n<\/section>\n\n<section class=\"wp-block-group home-seventh-bis has-custom-five-background-color has-background is-layout-flow wp-block-group-is-layout-flow\" style=\"padding-top:7rem;padding-right:var(--wp--preset--spacing--50);padding-bottom:7rem;padding-left:var(--wp--preset--spacing--50)\">\n<div class=\"wp-block-columns is-layout-flex wp-container-core-columns-is-layout-649c0f26 wp-block-columns-is-layout-flex\" style=\"padding-top:var(--wp--preset--spacing--40);padding-bottom:var(--wp--preset--spacing--40)\">\n<div class=\"wp-block-column is-vertically-aligned-center is-layout-flow wp-block-column-is-layout-flow\">\n<div class=\"wp-block-group titre-decoratif has-custom-orange-color has-text-color has-link-color has-tenor-sans-font-family wp-elements-4994f4d48688b42e59b88967ef08aeee is-vertical is-content-justification-left is-nowrap is-layout-flex wp-container-core-group-is-layout-332c27bf wp-block-group-is-layout-flex\" style=\"border-left-color:var(--wp--preset--color--custom-vert-clair);border-left-width:1px;padding-right:0;padding-left:var(--wp--preset--spacing--10);font-size:clamp(1.701rem, 1.701rem + ((1vw - 0.2rem) * 2.015), 2.91rem);line-height:1\">\n<h2 class=\"wp-block-heading has-text-align-left\"><strong>The most beautiful beaches<\/strong> near the campsite<\/h2>\n<\/div>\n\n\n\n<div class=\"wp-block-group texte is-layout-flow wp-block-group-is-layout-flow\" style=\"padding-left:var(--wp--preset--spacing--20)\">\n<p>Staying on the northern part of the island, at our seaside campsite in Saint-Georges-d&#8217;Ol\u00e9ron, means you can take full advantage of the <strong>most beautiful beaches <\/strong>around.<\/p>\n\n\n\n<p>The ideal location of La Campi\u00e8re campsite means you can choose to enjoy either the <strong>west coast, just 400 meters<\/strong> from your accommodation, or the east coast, less than 15 minutes away by bike. Each of these magnificent beaches offers you the <strong>best conditions<\/strong> to enjoy all the pleasures and benefits of the ocean. <\/p>\n<\/div>\n<\/div>\n\n\n\n<div class=\"wp-block-column is-layout-flow wp-block-column-is-layout-flow\">\n<figure class=\"wp-block-image size-large has-custom-border\"><img decoding=\"async\" width=\"1024\" height=\"768\" src=\"https:\/\/www.la-campiere.com\/wp-content\/uploads\/2026\/01\/camping-la-campiere-les-plus-belle-plages-1024x768.jpg\" alt=\"camping-la-campiere-les-plus-belle-plages\" class=\"wp-image-3072\" style=\"border-top-left-radius:45px;border-top-right-radius:45px;border-bottom-left-radius:45px;border-bottom-right-radius:45px\" srcset=\"https:\/\/www.la-campiere.com\/wp-content\/uploads\/2026\/01\/camping-la-campiere-les-plus-belle-plages-1024x768.jpg 1024w, https:\/\/www.la-campiere.com\/wp-content\/uploads\/2026\/01\/camping-la-campiere-les-plus-belle-plages-300x225.jpg 300w, https:\/\/www.la-campiere.com\/wp-content\/uploads\/2026\/01\/camping-la-campiere-les-plus-belle-plages-768x576.jpg 768w, https:\/\/www.la-campiere.com\/wp-content\/uploads\/2026\/01\/camping-la-campiere-les-plus-belle-plages-1536x1152.jpg 1536w, https:\/\/www.la-campiere.com\/wp-content\/uploads\/2026\/01\/camping-la-campiere-les-plus-belle-plages.jpg 2000w\" sizes=\"(max-width: 1024px) 100vw, 1024px\" \/><\/figure>\n<\/div>\n<\/div>\n<\/section>\n\n<section class=\"wp-block-group alignfull home-third page-two is-layout-flow wp-block-group-is-layout-flow\" style=\"margin-top:0px;margin-bottom:0px;padding-bottom:7rem\">\n<div class=\"wp-block-group is-layout-flow wp-block-group-is-layout-flow\">\n<div class=\"wp-block-cover has-custom-content-position is-position-bottom-left\" style=\"border-bottom-left-radius:45px;border-bottom-right-radius:45px;min-height:90vh;aspect-ratio:unset;\"><img decoding=\"async\" width=\"2000\" height=\"1500\" class=\"wp-block-cover__image-background wp-image-3067 size-large\" alt=\"camping-la-campiere-les-activites-a-la-plage\" srcset=\"https:\/\/www.la-campiere.com\/wp-content\/uploads\/2026\/01\/camping-la-campiere-les-activites-a-la-plage.jpg 2000w\" sizes=\"100vw\" src=\"https:\/\/www.la-campiere.com\/wp-content\/uploads\/2026\/01\/camping-la-campiere-les-activites-a-la-plage.jpg\" data-object-fit=\"cover\" \/><span aria-hidden=\"true\" class=\"wp-block-cover__background has-contrast-background-color has-background-dim-20 has-background-dim\"><\/span><div class=\"wp-block-cover__inner-container is-layout-flow wp-block-cover-is-layout-flow\">\n<p class=\"has-text-align-center has-large-font-size\"><\/p>\n<\/div><\/div>\n<\/div>\n\n\n\n<div class=\"wp-block-group is-layout-flow wp-block-group-is-layout-flow\" style=\"padding-top:3rem\">\n<h2 class=\"wp-block-heading has-text-align-center\">Have fun with water activities in Saint-Georges-d&#8217;Ol\u00e9ron<\/h2>\n\n\n\n<div class=\"wp-block-columns are-vertically-aligned-top content is-layout-flex wp-container-core-columns-is-layout-6a5a5078 wp-block-columns-is-layout-flex\" style=\"padding-right:15rem;padding-left:15rem\">\n<div class=\"wp-block-column is-vertically-aligned-top first is-layout-flow wp-block-column-is-layout-flow\">\n<p class=\"has-text-align-center\">The seaside campsite on the Ile d&#8217;Ol\u00e9ron is ideally located for all your favorite <strong>water sports<\/strong>.  <\/p>\n\n\n\n<p>With 3 <strong>surfing<\/strong> and <strong>foiling<\/strong> <strong>schools<\/strong>, one of which is just <strong>400 meters<\/strong> from the campsite, and a <strong>diving school <\/strong>less than 2 kilometers from your accommodation, professional instructors will help you <strong>discover<\/strong> or <strong>perfect<\/strong> these sports.  <\/p>\n\n\n\n<p><strong>Canoeing<\/strong> or <strong>paddle-boarding<\/strong> on the canals through the salt marshes of Saint-Georges-d&#8217;Ol\u00e9ron gives you a close-up view of the island&#8217;s <strong>wildlife<\/strong>.  <\/p>\n\n\n\n<p class=\"has-text-align-center\"><strong>Sailing<\/strong> <strong>enthusiasts<\/strong> can indulge their passion at the <strong>port of Saint-Denis-d&#8217;Ol\u00e9ron<\/strong>. In addition to the campsite swimming pool, you can enjoy the <strong>Il\u00e9o water park<\/strong> with its <strong>wellness<\/strong> area, <strong>slide<\/strong>,<strong>inflatables<\/strong>,<strong>outdoor<\/strong> <strong>river <\/strong>, etc., just <strong>20 minutes <\/strong>from the campsite. <\/p>\n<\/div>\n<\/div>\n<\/div>\n<\/section>\n\n<section class=\"wp-block-group home-seventh is-layout-flow wp-block-group-is-layout-flow\" style=\"padding-right:var(--wp--preset--spacing--50);padding-left:var(--wp--preset--spacing--50)\">\n<div class=\"wp-block-columns is-layout-flex wp-container-core-columns-is-layout-649c0f26 wp-block-columns-is-layout-flex\" style=\"padding-top:var(--wp--preset--spacing--40);padding-bottom:var(--wp--preset--spacing--40)\">\n<div class=\"wp-block-column is-layout-flow wp-block-column-is-layout-flow\">\n<figure class=\"wp-block-image size-large has-custom-border\"><img decoding=\"async\" width=\"1024\" height=\"409\" src=\"https:\/\/www.la-campiere.com\/wp-content\/uploads\/2026\/01\/camping-la-campiere-peche-sur-lile-doleron-1024x409.jpg\" alt=\"camping-la-campiere-peche-sur-lile-doleron\" class=\"wp-image-3090\" style=\"border-top-left-radius:45px;border-top-right-radius:45px;border-bottom-left-radius:45px;border-bottom-right-radius:45px\" srcset=\"https:\/\/www.la-campiere.com\/wp-content\/uploads\/2026\/01\/camping-la-campiere-peche-sur-lile-doleron-1024x409.jpg 1024w, https:\/\/www.la-campiere.com\/wp-content\/uploads\/2026\/01\/camping-la-campiere-peche-sur-lile-doleron-300x120.jpg 300w, https:\/\/www.la-campiere.com\/wp-content\/uploads\/2026\/01\/camping-la-campiere-peche-sur-lile-doleron-768x307.jpg 768w, https:\/\/www.la-campiere.com\/wp-content\/uploads\/2026\/01\/camping-la-campiere-peche-sur-lile-doleron-1536x614.jpg 1536w, https:\/\/www.la-campiere.com\/wp-content\/uploads\/2026\/01\/camping-la-campiere-peche-sur-lile-doleron.jpg 1981w\" sizes=\"(max-width: 1024px) 100vw, 1024px\" \/><\/figure>\n<\/div>\n\n\n\n<div class=\"wp-block-column is-layout-flow wp-block-column-is-layout-flow\">\n<div class=\"wp-block-group titre-decoratif has-custom-orange-color has-text-color has-link-color has-tenor-sans-font-family wp-elements-095c5a5a8417a2e6e971728290a94601 is-vertical is-content-justification-left is-nowrap is-layout-flex wp-container-core-group-is-layout-332c27bf wp-block-group-is-layout-flex\" style=\"border-left-color:var(--wp--preset--color--custom-four);border-left-width:1px;padding-right:0;padding-left:var(--wp--preset--spacing--10);font-size:clamp(1.701rem, 1.701rem + ((1vw - 0.2rem) * 2.015), 2.91rem);line-height:1\">\n<h2 class=\"wp-block-heading has-text-align-left\"><strong>Fishing<\/strong> on the Ile d&#8217;Ol\u00e9ron<\/h2>\n<\/div>\n\n\n\n<div class=\"wp-block-group texte is-layout-flow wp-block-group-is-layout-flow\" style=\"padding-left:var(--wp--preset--spacing--20)\">\n<p><strong>Fishing<\/strong> is a major activity that can be enjoyed in a wide variety of ways in the vicinity of our seaside campsite on the Ile d&#8217;Ol\u00e9ron.  <\/p>\n\n\n\n<p>Cast your line or surfcast your line on the <strong>large<\/strong> <strong>sandy<\/strong> <strong>beach<\/strong> along the Saint-Georges-d&#8217;Ol\u00e9ron coast near the campsite. On days when the weather is rougher, you can take shelter on the island&#8217;s east coast, 4 kilometers from the La Campi\u00e8re campsite, on the <strong>beaches of La Br\u00e9e<\/strong> <strong>les Pins<\/strong> or Les <strong>Saumonards<\/strong>, also renowned for their shore <strong>fishing<\/strong>.   <\/p>\n\n\n\n<p>For those who prefer <strong>fishing on foot<\/strong>, the Ile d&#8217;Ol\u00e9ron is full of places where you can collect shellfish at low tide. The foreshore of <strong>Plage de Chaucre<\/strong>, close to the campsite, is an <strong>excellent spot<\/strong> where you can find \u00e9trilles, sea urchins, spiders, shrimps and oysters&#8230;.From Saint-Denis-d&#8217;Ol\u00e9ron, many <strong>fishermen<\/strong> also offer to take you out by <strong>boat<\/strong> for an offshore fishing trip. <\/p>\n<\/div>\n<\/div>\n<\/div>\n<\/section>\n\n<div class=\"wp-block-group page-seven is-layout-flow wp-block-group-is-layout-flow\" style=\"padding-top:4rem;padding-bottom:10rem\">\n<div class=\"wp-block-columns are-vertically-aligned-center is-layout-flex wp-container-core-columns-is-layout-28f84493 wp-block-columns-is-layout-flex\">\n<div class=\"wp-block-column is-vertically-aligned-center is-layout-flow wp-block-column-is-layout-flow\" style=\"flex-basis:40%\"><\/div>\n\n\n\n<div class=\"wp-block-column is-vertically-aligned-center is-layout-flow wp-block-column-is-layout-flow\" style=\"flex-basis:60%\">\n<div class=\"wp-block-group titre-decoratif has-custom-orange-color has-text-color has-link-color has-league-spartan-font-family wp-elements-e53d4c59ab800cf46fb0006715e43cc2 is-vertical is-content-justification-left is-nowrap is-layout-flex wp-container-core-group-is-layout-332c27bf wp-block-group-is-layout-flex\" style=\"border-left-color:var(--wp--preset--color--custom-four);border-left-width:1px;padding-right:0;padding-left:var(--wp--preset--spacing--10);font-size:clamp(24.034px, 1.502rem + ((1vw - 3.2px) * 1.663), 40px);line-height:1\">\n<p class=\"has-text-align-left\" style=\"text-transform:uppercase\">Discover<br \/><em>too<\/em><\/p>\n<\/div>\n<\/div>\n<\/div>\n\n\n\n<div data-wp-context=\"{}\" data-wp-interactive=\"core\/query\" data-wp-key=\"0\" data-wp-router-region=\"query-0\" class=\"wp-block-query alignwide gt-fse-maillage-query has-global-padding is-layout-constrained wp-container-core-query-is-layout-1e86373d wp-block-query-is-layout-constrained\"><ul style=\"border-top-left-radius:45px;border-top-right-radius:45px;border-bottom-left-radius:45px;border-bottom-right-radius:45px;\" class=\"columns-3 wp-block-post-template is-layout-grid wp-container-core-post-template-is-layout-6d3fbd8f wp-block-post-template-is-layout-grid\"><li data-wp-key=\"post-template-item-4260\" class=\"wp-block-post post-4260 page type-page status-publish has-post-thumbnail hentry\">\n\n<figure class=\"wp-block-image size-full has-custom-border\"><img decoding=\"async\" src=\"https:\/\/www.la-campiere.com\/wp-content\/uploads\/2026\/01\/camping-la-campiere-emplacements-arbores.jpg\" alt=\"camping-la-campiere-pitches-arbores\" class=\"wp-image-1030\" style=\"border-top-left-radius:45px;border-top-right-radius:45px;border-bottom-left-radius:45px;border-bottom-right-radius:45px;aspect-ratio:1;object-fit:cover\" \/><\/figure>\n\n\n\n<div class=\"wp-block-group maillage__title has-base-2-color has-text-color has-link-color has-montserrat-font-family wp-elements-2fb333a41145f9664e40150f58ac8e69 is-content-justification-space-between is-nowrap is-layout-flex wp-container-core-group-is-layout-c52eadd5 wp-block-group-is-layout-flex\" style=\"margin-top:-8rem;padding-right:2rem;padding-bottom:2rem;padding-left:2rem;font-size:clamp(0.912rem, 0.912rem + ((1vw - 0.2rem) * 0.763), 1.37rem);font-style:normal;font-weight:700;line-height:1;text-transform:uppercase\">\n<p class=\"has-base-color has-text-color has-link-color wp-elements-540a599245d35c3ea90b390e74367648\">Our locations<\/p>\n<\/div>\n\n\n<a style=\"border-radius:10px;\" class=\"is-style-lien-cover wp-block-read-more\" href=\"https:\/\/www.la-campiere.com\/en\/pitch-rental-saint-georges-d-oleron\/\" target=\"_self\">Read more<span class=\"screen-reader-text\">: Our locations<\/span><\/a>\n<\/li><li data-wp-key=\"post-template-item-4232\" class=\"wp-block-post post-4232 page type-page status-publish has-post-thumbnail hentry\">\n\n<figure class=\"wp-block-image size-full has-custom-border\"><img decoding=\"async\" src=\"https:\/\/www.la-campiere.com\/wp-content\/uploads\/2026\/01\/camping-la-campiere-avec-piscine-pour-des-vacances-de-reve-scaled.jpg\" alt=\"camping-la-campiere-with-pool-for-dream-holidays\" class=\"wp-image-1030\" style=\"border-top-left-radius:45px;border-top-right-radius:45px;border-bottom-left-radius:45px;border-bottom-right-radius:45px;aspect-ratio:1;object-fit:cover\" \/><\/figure>\n\n\n\n<div class=\"wp-block-group maillage__title has-base-2-color has-text-color has-link-color has-montserrat-font-family wp-elements-2fb333a41145f9664e40150f58ac8e69 is-content-justification-space-between is-nowrap is-layout-flex wp-container-core-group-is-layout-c52eadd5 wp-block-group-is-layout-flex\" style=\"margin-top:-8rem;padding-right:2rem;padding-bottom:2rem;padding-left:2rem;font-size:clamp(0.912rem, 0.912rem + ((1vw - 0.2rem) * 0.763), 1.37rem);font-style:normal;font-weight:700;line-height:1;text-transform:uppercase\">\n<p class=\"has-base-color has-text-color has-link-color wp-elements-540a599245d35c3ea90b390e74367648\">The swimming pool<\/p>\n<\/div>\n\n\n<a style=\"border-radius:10px;\" class=\"is-style-lien-cover wp-block-read-more\" href=\"https:\/\/www.la-campiere.com\/en\/camping-heated-swimming-pool-saint-georges-d-oleron\/\" target=\"_self\">Read more<span class=\"screen-reader-text\">: The swimming pool<\/span><\/a>\n<\/li><li data-wp-key=\"post-template-item-4289\" class=\"wp-block-post post-4289 page type-page status-publish has-post-thumbnail hentry\">\n\n<figure class=\"wp-block-image size-full has-custom-border\"><img decoding=\"async\" src=\"https:\/\/www.la-campiere.com\/wp-content\/uploads\/2025\/12\/actions-en-faveur-de-lenvironnement-camping-la-campiere.jpg\" alt=\"actions-en-faveur-de-lenvironnement-camping-la-campiere\" class=\"wp-image-1030\" style=\"border-top-left-radius:45px;border-top-right-radius:45px;border-bottom-left-radius:45px;border-bottom-right-radius:45px;aspect-ratio:1;object-fit:cover\" \/><\/figure>\n\n\n\n<div class=\"wp-block-group maillage__title has-base-2-color has-text-color has-link-color has-montserrat-font-family wp-elements-2fb333a41145f9664e40150f58ac8e69 is-content-justification-space-between is-nowrap is-layout-flex wp-container-core-group-is-layout-c52eadd5 wp-block-group-is-layout-flex\" style=\"margin-top:-8rem;padding-right:2rem;padding-bottom:2rem;padding-left:2rem;font-size:clamp(0.912rem, 0.912rem + ((1vw - 0.2rem) * 0.763), 1.37rem);font-style:normal;font-weight:700;line-height:1;text-transform:uppercase\">\n<p class=\"has-base-color has-text-color has-link-color wp-elements-540a599245d35c3ea90b390e74367648\">Eco-responsible commitment<\/p>\n<\/div>\n\n\n<a style=\"border-radius:10px;\" class=\"is-style-lien-cover wp-block-read-more\" href=\"https:\/\/www.la-campiere.com\/en\/eco-friendly-camping-saint-georges-d-oleron\/\" target=\"_self\">Read more<span class=\"screen-reader-text\">: Eco-responsible commitment<\/span><\/a>\n<\/li><\/ul><\/div>\n<\/div>\n","protected":false},"excerpt":{"rendered":"<p>Seaside camping in Saint-Georges-d&#8217;Ol\u00e9ron Our small campsite on the Ile d&#8217;Ol\u00e9ron is located on the edge of the coastal forest, 400 m from the sea, and is the ideal place to stay right next to the ocean, in a natural, protected setting. Your accommodation 400 m from the sea By choosing to stay at the [&hellip;]<\/p>\n","protected":false},"author":1,"featured_media":3065,"parent":0,"menu_order":0,"comment_status":"closed","ping_status":"closed","template":"","meta":{"_seopress_robots_primary_cat":"","_seopress_titles_title":"Seaside campsite Saint-Georges-d'Ol\u00e9ron on the Ile d'Ol\u00e9ron","_seopress_titles_desc":"Discover our campsite 400m from the ocean on the Ile d'Ol\u00e9ron. Easy access to a supervised beach for unforgettable vacations. ","_seopress_robots_index":"","_gt_ctv_global_id":"","_gt_ctv_id_group":false,"inline_featured_image":false,"gt_fse_maillage_image":"https:\/\/www.la-campiere.com\/wp-content\/uploads\/2026\/01\/cote-atlantique-et-village-doleron.jpg","gt_fse_maillage_titre":"Seaside","gt_fse_maillage_alt":"Seaside","gt_fse_maillage_resume":"","footnotes":""},"categories":[],"tags":[],"class_list":["post-4242","page","type-page","status-publish","has-post-thumbnail","hentry"],"_links":{"self":[{"href":"https:\/\/www.la-campiere.com\/en\/wp-json\/wp\/v2\/pages\/4242","targetHints":{"allow":["GET"]}}],"collection":[{"href":"https:\/\/www.la-campiere.com\/en\/wp-json\/wp\/v2\/pages"}],"about":[{"href":"https:\/\/www.la-campiere.com\/en\/wp-json\/wp\/v2\/types\/page"}],"author":[{"embeddable":true,"href":"https:\/\/www.la-campiere.com\/en\/wp-json\/wp\/v2\/users\/1"}],"replies":[{"embeddable":true,"href":"https:\/\/www.la-campiere.com\/en\/wp-json\/wp\/v2\/comments?post=4242"}],"version-history":[{"count":6,"href":"https:\/\/www.la-campiere.com\/en\/wp-json\/wp\/v2\/pages\/4242\/revisions"}],"predecessor-version":[{"id":4621,"href":"https:\/\/www.la-campiere.com\/en\/wp-json\/wp\/v2\/pages\/4242\/revisions\/4621"}],"wp:featuredmedia":[{"embeddable":true,"href":"https:\/\/www.la-campiere.com\/en\/wp-json\/wp\/v2\/media\/3065"}],"wp:attachment":[{"href":"https:\/\/www.la-campiere.com\/en\/wp-json\/wp\/v2\/media?parent=4242"}],"wp:term":[{"taxonomy":"category","embeddable":true,"href":"https:\/\/www.la-campiere.com\/en\/wp-json\/wp\/v2\/categories?post=4242"},{"taxonomy":"post_tag","embeddable":true,"href":"https:\/\/www.la-campiere.com\/en\/wp-json\/wp\/v2\/tags?post=4242"}],"curies":[{"name":"wp","href":"https:\/\/api.w.org\/{rel}","templated":true}]}}