{"id":4250,"date":"2025-12-29T09:34:51","date_gmt":"2025-12-29T08:34:51","guid":{"rendered":"https:\/\/www.la-campiere.com\/camping-pas-cher-saint-georges-d-oleron\/"},"modified":"2026-02-16T08:45:06","modified_gmt":"2026-02-16T07:45:06","slug":"cheap-camping-saint-georges-d-oleron","status":"publish","type":"page","link":"https:\/\/www.la-campiere.com\/en\/cheap-camping-saint-georges-d-oleron\/","title":{"rendered":"Our prices"},"content":{"rendered":"\n<section class=\"wp-block-group home-seventh-bis deco is-layout-flow wp-block-group-is-layout-flow\" style=\"padding-right:var(--wp--preset--spacing--50);padding-bottom:4rem;padding-left:var(--wp--preset--spacing--50)\">\n<div class=\"wp-block-columns is-layout-flex wp-container-core-columns-is-layout-649c0f26 wp-block-columns-is-layout-flex\" style=\"padding-top:var(--wp--preset--spacing--40);padding-bottom:var(--wp--preset--spacing--40)\">\n<div class=\"wp-block-column is-layout-flow wp-block-column-is-layout-flow\">\n<div class=\"wp-block-group titre-decoratif has-custom-orange-color has-text-color has-link-color wp-elements-e23a61526415e01f703e0775d38611c6 is-vertical is-content-justification-left is-nowrap is-layout-flex wp-container-core-group-is-layout-332c27bf wp-block-group-is-layout-flex\" style=\"border-left-color:var(--wp--preset--color--custom-four);border-left-width:1px;padding-right:0;padding-left:var(--wp--preset--spacing--10)\">\n<h1 class=\"wp-block-heading has-text-align-left\">Cheap camping on <strong>the Ile d&#8217;Ol\u00e9ron<\/strong><\/h1>\n<\/div>\n\n\n\n<div class=\"wp-block-group texte is-layout-flow wp-block-group-is-layout-flow\" style=\"padding-left:var(--wp--preset--spacing--20)\">\n<p>Nestled in a <strong>green<\/strong> <strong>setting<\/strong>, <a href=\"https:\/\/www.la-campiere.com\/en\/\" data-type=\"page\" data-id=\"33\">Camping La Campi\u00e8re in Saint-Georges-d&#8217;Ol\u00e9ron<\/a> offers the best-value vacations on the Ile d&#8217;Ol\u00e9ron.  <\/p>\n\n\n\n<p>Located <strong>400<\/strong> <strong>meters<\/strong> from the ocean, you can choose to book a camping Pitch on the Ile d&#8217;Ol\u00e9ron to enjoy a <strong>pleasant<\/strong> <strong>stay<\/strong> under the pine forest or on the garden side at a low price. All season long, you choose the arrival and departure dates for your <a href=\"https:\/\/www.la-campiere.com\/en\/pitch-rental-saint-georges-d-oleron\/\" data-type=\"page\" data-id=\"2303\">Pitch rental on the Ile d&#8217;Ol\u00e9ron<\/a>. If you&#8217;re looking for more <strong>comfort<\/strong> and would like to <a href=\"https:\/\/www.la-campiere.com\/en\/accommodation-rental-saint-georges-d-oleron\/\" data-type=\"page\" data-id=\"2299\">rent a fully-equipped  <strong>chalet<\/strong> or <strong>lodge tent<\/strong><\/a>, you can also choose your arrival and departure dates in low season. In high season, we offer arrival and departure on Saturdays and Wednesdays. Find out more by consulting our rates.    <\/p>\n<\/div>\n<\/div>\n\n\n\n<div class=\"wp-block-column is-layout-flow wp-block-column-is-layout-flow\">\n<figure class=\"wp-block-image size-large has-custom-border\"><img decoding=\"async\" width=\"1024\" height=\"766\" src=\"https:\/\/www.la-campiere.com\/wp-content\/uploads\/2026\/01\/camping-la-campiere-les-emplacements-1024x766.jpg\" alt=\"camping-la-campiere-les-Pitches\" class=\"wp-image-3119\" style=\"border-top-left-radius:45px;border-top-right-radius:45px;border-bottom-left-radius:45px;border-bottom-right-radius:45px\" srcset=\"https:\/\/www.la-campiere.com\/wp-content\/uploads\/2026\/01\/camping-la-campiere-les-emplacements-1024x766.jpg 1024w, https:\/\/www.la-campiere.com\/wp-content\/uploads\/2026\/01\/camping-la-campiere-les-emplacements-300x224.jpg 300w, https:\/\/www.la-campiere.com\/wp-content\/uploads\/2026\/01\/camping-la-campiere-les-emplacements-768x574.jpg 768w, https:\/\/www.la-campiere.com\/wp-content\/uploads\/2026\/01\/camping-la-campiere-les-emplacements-1536x1149.jpg 1536w, https:\/\/www.la-campiere.com\/wp-content\/uploads\/2026\/01\/camping-la-campiere-les-emplacements.jpg 2000w\" sizes=\"(max-width: 1024px) 100vw, 1024px\" \/><\/figure>\n<\/div>\n<\/div>\n<\/section>\n\n<section class=\"wp-block-group page-seven has-global-padding is-layout-constrained wp-container-core-group-is-layout-3112d8f8 wp-block-group-is-layout-constrained\" style=\"padding-right:0;padding-bottom:7rem;padding-left:0\">\n<div class=\"wp-block-group alignwide titre-decoratif has-custom-orange-color has-text-color has-link-color has-league-spartan-font-family wp-elements-fb0506a53aec4c37ed20a035e8ab8d53 is-vertical is-content-justification-center is-nowrap is-layout-flex wp-container-core-group-is-layout-ff4a6b7f wp-block-group-is-layout-flex\" style=\"border-left-style:none;border-left-width:0px;padding-right:0;padding-bottom:2rem;padding-left:0;font-size:clamp(24.034px, 1.502rem + ((1vw - 3.2px) * 1.663), 40px);line-height:1\">\n<p class=\"has-text-align-left\" style=\"text-transform:uppercase\">Rates &amp;<br\/><em>availability<\/em><\/p>\n<\/div>\n\n\n\n<div class=\"wp-block-group alignwide widget-tarifs is-layout-flow wp-block-group-is-layout-flow\" style=\"min-height:20rem\"><div class=\"wp-block-gt-gt-fse-widgets-ctv\" data-wp-interactive=\"gt\/ctv\/widgets\">\n\n                        <ctv-availability ><\/ctv-availability>\n        \n    <\/div>\n<\/div>\n<\/section>\n\n<section class=\"wp-block-group home-fourth page-three has-custom-two-background-color has-background is-layout-flow wp-block-group-is-layout-flow\" style=\"border-bottom-left-radius:45px;border-bottom-right-radius:45px;padding-right:4.69rem;padding-left:4.69rem\">\n<div class=\"wp-block-group fond has-custom-vert-background-color has-background is-layout-flow wp-block-group-is-layout-flow\" style=\"border-radius:15px;padding-top:7rem;padding-right:4.69rem;padding-bottom:7rem;padding-left:4.69rem\">\n<div id=\"promo\" class=\"wp-block-group has-base-2-color has-text-color has-link-color wp-elements-7e5063d31e16186f97fab909c7fcac08 is-layout-flow wp-block-group-is-layout-flow\" style=\"padding-right:7rem;padding-left:7rem\">\n<h2 class=\"wp-block-heading has-text-align-center has-base-2-color has-text-color has-link-color wp-elements-8b3ef21e8d1c2901144322a22a9a7120\">Campsite with special offers in Saint-Georges-d&#8217;Ol\u00e9ron<\/h2>\n\n\n\n<p class=\"has-text-align-center has-base-2-color has-text-color has-link-color wp-elements-85f3cf7de79e795584410d8f70be5753\">In order to offer you the <strong>best<\/strong> <strong>value for<\/strong> <strong>money<\/strong> and enable you to make the most of your stay at the cheapest campsite in Saint-Georges-d&#8217;Ol\u00e9ron, we offer you clearly identifiable <strong>promotions<\/strong> throughout the season.  <\/p>\n\n\n\n<p class=\"has-text-align-center\">Whether you&#8217;re <a href=\"https:\/\/www.la-campiere.com\/en\/accommodation-rental-saint-georges-d-oleron\/\" data-type=\"page\" data-id=\"2299\">renting on the Ile d&#8217;Ol\u00e9ron<\/a> or in a <strong><a href=\"https:\/\/www.la-campiere.com\/en\/pitch-rental-saint-georges-d-oleron\/\" data-type=\"page\" data-id=\"2303\">Pitches <\/a><\/strong>during the early and late season, take advantage of a cheaper stay, with one night free for a one-week stay<strong>(offer 7=6<\/strong>). <\/p>\n\n\n\n<p class=\"has-text-align-center has-base-2-color has-text-color has-link-color wp-elements-d684331f420e83b4c0000e2e623f6ebf\">And since a week&#8217;s vacation in summer is always too short, take advantage of a <strong>10% discount<\/strong> on our long-stay offer for 14 nights or more in a chalet or tent lodge, with arrival\/departure dates on Saturdays or Wednesdays. The La Campi\u00e8re campsite and its <strong>bucolic setting<\/strong> are ideal for couples to recharge their batteries. Also, in the early and late season, we propose <strong>our &#8220;DUO&#8221; offers<\/strong> in a spacious 2-bedroom chalet for 4 people, from \u20ac279 per week (depending on chalet).  <\/p>\n\n\n\n<div style=\"height:2rem\" aria-hidden=\"true\" class=\"wp-block-spacer gt-hide-mobile\"><\/div>\n<\/div>\n\n\n\n<div class=\"wp-block-cover is-light has-custom-content-position is-position-bottom-left\" style=\"border-top-left-radius:45px;border-top-right-radius:45px;border-bottom-left-radius:45px;border-bottom-right-radius:45px;padding-right:0px;padding-left:0px;min-height:70vh;aspect-ratio:unset;\"><img decoding=\"async\" width=\"2000\" height=\"1333\" class=\"wp-block-cover__image-background wp-image-3126 size-full\" alt=\"camping-la-campiere-vue-du-ciel\" srcset=\"https:\/\/www.la-campiere.com\/wp-content\/uploads\/2026\/01\/camping-la-campiere-vue-du-ciel.jpg 2000w\" sizes=\"100vw\" src=\"https:\/\/www.la-campiere.com\/wp-content\/uploads\/2026\/01\/camping-la-campiere-vue-du-ciel.jpg\" data-object-fit=\"cover\"\/><span aria-hidden=\"true\" class=\"wp-block-cover__background has-background-dim-0 has-background-dim\" style=\"background-color:#a5b2a4\"><\/span><div class=\"wp-block-cover__inner-container is-layout-flow wp-block-cover-is-layout-flow\">\n<p class=\"has-text-align-center has-large-font-size\"><\/p>\n<\/div><\/div>\n<\/div>\n<\/section>\n\n<section class=\"wp-block-group home-seventh is-layout-flow wp-block-group-is-layout-flow\" style=\"margin-top:7rem;padding-right:var(--wp--preset--spacing--50);padding-left:var(--wp--preset--spacing--50)\">\n<div class=\"wp-block-columns are-vertically-aligned-center is-layout-flex wp-container-core-columns-is-layout-649c0f26 wp-block-columns-is-layout-flex\" style=\"padding-top:var(--wp--preset--spacing--40);padding-bottom:var(--wp--preset--spacing--40)\">\n<div class=\"wp-block-column is-vertically-aligned-center is-layout-flow wp-block-column-is-layout-flow\">\n<figure class=\"wp-block-image size-large has-custom-border\"><img decoding=\"async\" width=\"1024\" height=\"768\" src=\"https:\/\/www.la-campiere.com\/wp-content\/uploads\/2026\/01\/camping-la-campiere-chalet-turquoise-A-1024x768.jpg\" alt=\"camping-la-campiere-chalet-turquoise-A\" class=\"wp-image-3434\" style=\"border-top-left-radius:45px;border-top-right-radius:45px;border-bottom-left-radius:45px;border-bottom-right-radius:45px\" srcset=\"https:\/\/www.la-campiere.com\/wp-content\/uploads\/2026\/01\/camping-la-campiere-chalet-turquoise-A-1024x768.jpg 1024w, https:\/\/www.la-campiere.com\/wp-content\/uploads\/2026\/01\/camping-la-campiere-chalet-turquoise-A-300x225.jpg 300w, https:\/\/www.la-campiere.com\/wp-content\/uploads\/2026\/01\/camping-la-campiere-chalet-turquoise-A-768x576.jpg 768w, https:\/\/www.la-campiere.com\/wp-content\/uploads\/2026\/01\/camping-la-campiere-chalet-turquoise-A-1536x1152.jpg 1536w, https:\/\/www.la-campiere.com\/wp-content\/uploads\/2026\/01\/camping-la-campiere-chalet-turquoise-A.jpg 2000w\" sizes=\"(max-width: 1024px) 100vw, 1024px\" \/><\/figure>\n<\/div>\n\n\n\n<div class=\"wp-block-column is-vertically-aligned-center is-layout-flow wp-block-column-is-layout-flow\">\n<div class=\"wp-block-group titre-decoratif has-custom-orange-color has-text-color has-link-color wp-elements-0c37ee5acc550ffeb61eecd5eee5fbcb is-vertical is-content-justification-left is-nowrap is-layout-flex wp-container-core-group-is-layout-332c27bf wp-block-group-is-layout-flex\" style=\"border-left-color:var(--wp--preset--color--custom-four);border-left-width:1px;padding-right:0;padding-left:var(--wp--preset--spacing--10)\">\n<h2 class=\"wp-block-heading has-text-align-left\"><strong>Book direct<\/strong> and benefit from the best prices<\/h2>\n<\/div>\n\n\n\n<div class=\"wp-block-group texte is-layout-flow wp-block-group-is-layout-flow\" style=\"padding-left:var(--wp--preset--spacing--20)\">\n<p>At Camping pas cher sur l&#8217;\u00cele d&#8217;Ol\u00e9ron, we offer you <strong>the<\/strong> <strong>fairest<\/strong> <strong>prices<\/strong> throughout the season. We make sure that everyone gets the <strong>best<\/strong> <strong>value for money<\/strong>, whenever they book. Our prices are fixed throughout the season, and you can book directly on our website in complete security to benefit from a <strong>fair<\/strong> and <strong>definitive<\/strong> <strong>price <\/strong>, with no intermediaries or extra costs. Or by telephone, Isabelle or Fr\u00e9d\u00e9ric will be delighted to <strong>advise<\/strong> <strong>you <\/strong> on your stay on the Ile d&#8217;Ol\u00e9ron at<strong>the best <\/strong><strong>price<\/strong>.   <\/p>\n<\/div>\n<\/div>\n<\/div>\n<\/section>\n\n<div class=\"wp-block-group page-seven is-layout-flow wp-block-group-is-layout-flow\" style=\"padding-top:4rem;padding-bottom:10rem\">\n<div class=\"wp-block-columns are-vertically-aligned-center is-layout-flex wp-container-core-columns-is-layout-28f84493 wp-block-columns-is-layout-flex\">\n<div class=\"wp-block-column is-vertically-aligned-center is-layout-flow wp-block-column-is-layout-flow\" style=\"flex-basis:40%\"><\/div>\n\n\n\n<div class=\"wp-block-column is-vertically-aligned-center is-layout-flow wp-block-column-is-layout-flow\" style=\"flex-basis:60%\">\n<div class=\"wp-block-group titre-decoratif has-custom-orange-color has-text-color has-link-color has-league-spartan-font-family wp-elements-7adedd31c1b48b9be64c674713a2d9b0 is-vertical is-content-justification-left is-nowrap is-layout-flex wp-container-core-group-is-layout-332c27bf wp-block-group-is-layout-flex\" style=\"border-left-color:var(--wp--preset--color--custom-four);border-left-width:1px;padding-right:0;padding-left:var(--wp--preset--spacing--10);font-size:clamp(24.034px, 1.502rem + ((1vw - 3.2px) * 1.663), 40px);line-height:1\">\n<p class=\"has-text-align-left\" style=\"text-transform:uppercase\">Discover<br\/><em>too<\/em><\/p>\n<\/div>\n<\/div>\n<\/div>\n\n\n\n<div data-wp-context=\"{}\" data-wp-interactive=\"core\/query\" data-wp-key=\"0\" data-wp-router-region=\"query-0\" class=\"wp-block-query alignwide gt-fse-maillage-query has-global-padding is-layout-constrained wp-container-core-query-is-layout-1e86373d wp-block-query-is-layout-constrained\"><ul style=\"border-top-left-radius:45px;border-top-right-radius:45px;border-bottom-left-radius:45px;border-bottom-right-radius:45px;\" class=\"columns-3 wp-block-post-template is-layout-grid wp-container-core-post-template-is-layout-6d3fbd8f wp-block-post-template-is-layout-grid\"><li data-wp-key=\"post-template-item-4254\" class=\"wp-block-post post-4254 page type-page status-publish has-post-thumbnail hentry\">\n\n<figure class=\"wp-block-image size-full has-custom-border\"><img decoding=\"async\" src=\"https:\/\/www.la-campiere.com\/wp-content\/uploads\/2026\/01\/camping-la-campiere-hebergement-a-louer-sur-lile-doleron.jpg\" alt=\"camping-la-campiere-hebergement-a-louer-sur-lile-doleron\" class=\"wp-image-1030\" style=\"border-top-left-radius:45px;border-top-right-radius:45px;border-bottom-left-radius:45px;border-bottom-right-radius:45px;aspect-ratio:1;object-fit:cover\"\/><\/figure>\n\n\n\n<div class=\"wp-block-group maillage__title has-base-2-color has-text-color has-link-color has-montserrat-font-family wp-elements-2fb333a41145f9664e40150f58ac8e69 is-content-justification-space-between is-nowrap is-layout-flex wp-container-core-group-is-layout-c52eadd5 wp-block-group-is-layout-flex\" style=\"margin-top:-8rem;padding-right:2rem;padding-bottom:2rem;padding-left:2rem;font-size:clamp(0.912rem, 0.912rem + ((1vw - 0.2rem) * 0.763), 1.37rem);font-style:normal;font-weight:700;line-height:1;text-transform:uppercase\">\n<p class=\"has-base-color has-text-color has-link-color wp-elements-540a599245d35c3ea90b390e74367648\">Our rentals<\/p>\n<\/div>\n\n\n<a style=\"border-radius:10px;\" class=\"is-style-lien-cover wp-block-read-more\" href=\"https:\/\/www.la-campiere.com\/en\/accommodation-rental-saint-georges-d-oleron\/\" target=\"_self\">Read more<span class=\"screen-reader-text\">: Our rentals<\/span><\/a>\n<\/li><li data-wp-key=\"post-template-item-4260\" class=\"wp-block-post post-4260 page type-page status-publish has-post-thumbnail hentry\">\n\n<figure class=\"wp-block-image size-full has-custom-border\"><img decoding=\"async\" src=\"https:\/\/www.la-campiere.com\/wp-content\/uploads\/2026\/01\/camping-la-campiere-emplacements-arbores.jpg\" alt=\"camping-la-campiere-pitches-arbores\" class=\"wp-image-1030\" style=\"border-top-left-radius:45px;border-top-right-radius:45px;border-bottom-left-radius:45px;border-bottom-right-radius:45px;aspect-ratio:1;object-fit:cover\"\/><\/figure>\n\n\n\n<div class=\"wp-block-group maillage__title has-base-2-color has-text-color has-link-color has-montserrat-font-family wp-elements-2fb333a41145f9664e40150f58ac8e69 is-content-justification-space-between is-nowrap is-layout-flex wp-container-core-group-is-layout-c52eadd5 wp-block-group-is-layout-flex\" style=\"margin-top:-8rem;padding-right:2rem;padding-bottom:2rem;padding-left:2rem;font-size:clamp(0.912rem, 0.912rem + ((1vw - 0.2rem) * 0.763), 1.37rem);font-style:normal;font-weight:700;line-height:1;text-transform:uppercase\">\n<p class=\"has-base-color has-text-color has-link-color wp-elements-540a599245d35c3ea90b390e74367648\">Our locations<\/p>\n<\/div>\n\n\n<a style=\"border-radius:10px;\" class=\"is-style-lien-cover wp-block-read-more\" href=\"https:\/\/www.la-campiere.com\/en\/pitch-rental-saint-georges-d-oleron\/\" target=\"_self\">Read more<span class=\"screen-reader-text\">: Our locations<\/span><\/a>\n<\/li><li data-wp-key=\"post-template-item-4289\" class=\"wp-block-post post-4289 page type-page status-publish has-post-thumbnail hentry\">\n\n<figure class=\"wp-block-image size-full has-custom-border\"><img decoding=\"async\" src=\"https:\/\/www.la-campiere.com\/wp-content\/uploads\/2025\/12\/actions-en-faveur-de-lenvironnement-camping-la-campiere.jpg\" alt=\"actions-en-faveur-de-lenvironnement-camping-la-campiere\" class=\"wp-image-1030\" style=\"border-top-left-radius:45px;border-top-right-radius:45px;border-bottom-left-radius:45px;border-bottom-right-radius:45px;aspect-ratio:1;object-fit:cover\"\/><\/figure>\n\n\n\n<div class=\"wp-block-group maillage__title has-base-2-color has-text-color has-link-color has-montserrat-font-family wp-elements-2fb333a41145f9664e40150f58ac8e69 is-content-justification-space-between is-nowrap is-layout-flex wp-container-core-group-is-layout-c52eadd5 wp-block-group-is-layout-flex\" style=\"margin-top:-8rem;padding-right:2rem;padding-bottom:2rem;padding-left:2rem;font-size:clamp(0.912rem, 0.912rem + ((1vw - 0.2rem) * 0.763), 1.37rem);font-style:normal;font-weight:700;line-height:1;text-transform:uppercase\">\n<p class=\"has-base-color has-text-color has-link-color wp-elements-540a599245d35c3ea90b390e74367648\">Eco-responsible commitment<\/p>\n<\/div>\n\n\n<a style=\"border-radius:10px;\" class=\"is-style-lien-cover wp-block-read-more\" href=\"https:\/\/www.la-campiere.com\/en\/eco-friendly-camping-saint-georges-d-oleron\/\" target=\"_self\">Read more<span class=\"screen-reader-text\">: Eco-responsible commitment<\/span><\/a>\n<\/li><\/ul><\/div>\n<\/div>\n","protected":false},"excerpt":{"rendered":"<p>Cheap camping on the Ile d&#8217;Ol\u00e9ron Nestled in a green setting, Camping La Campi\u00e8re in Saint-Georges-d&#8217;Ol\u00e9ron offers the best-value vacations on the Ile d&#8217;Ol\u00e9ron. Located 400 meters from the ocean, you can choose to book a camping Pitch on the Ile d&#8217;Ol\u00e9ron to enjoy a pleasant stay under the pine forest or on the garden [&hellip;]<\/p>\n","protected":false},"author":1,"featured_media":3117,"parent":0,"menu_order":0,"comment_status":"closed","ping_status":"closed","template":"","meta":{"_seopress_robots_primary_cat":"","_seopress_titles_title":"Camping Saint-Georges-d'Ol\u00e9ron| Camping promos \u00cele Ol\u00e9ron","_seopress_titles_desc":"Enjoy an affordable stay near the ocean on the Ile d'Ol\u00e9ron. Low-cost Pitches and special offers all year round. Book online now!  ","_seopress_robots_index":"","_gt_ctv_global_id":"","_gt_ctv_id_group":false,"inline_featured_image":false,"gt_fse_maillage_image":"https:\/\/www.la-campiere.com\/wp-content\/uploads\/2026\/01\/terrasse-piscine-camping-la-campiere.jpg","gt_fse_maillage_titre":"Our prices","gt_fse_maillage_alt":"Our prices","gt_fse_maillage_resume":"","footnotes":""},"categories":[],"tags":[],"class_list":["post-4250","page","type-page","status-publish","has-post-thumbnail","hentry"],"_links":{"self":[{"href":"https:\/\/www.la-campiere.com\/en\/wp-json\/wp\/v2\/pages\/4250","targetHints":{"allow":["GET"]}}],"collection":[{"href":"https:\/\/www.la-campiere.com\/en\/wp-json\/wp\/v2\/pages"}],"about":[{"href":"https:\/\/www.la-campiere.com\/en\/wp-json\/wp\/v2\/types\/page"}],"author":[{"embeddable":true,"href":"https:\/\/www.la-campiere.com\/en\/wp-json\/wp\/v2\/users\/1"}],"replies":[{"embeddable":true,"href":"https:\/\/www.la-campiere.com\/en\/wp-json\/wp\/v2\/comments?post=4250"}],"version-history":[{"count":11,"href":"https:\/\/www.la-campiere.com\/en\/wp-json\/wp\/v2\/pages\/4250\/revisions"}],"predecessor-version":[{"id":4568,"href":"https:\/\/www.la-campiere.com\/en\/wp-json\/wp\/v2\/pages\/4250\/revisions\/4568"}],"wp:featuredmedia":[{"embeddable":true,"href":"https:\/\/www.la-campiere.com\/en\/wp-json\/wp\/v2\/media\/3117"}],"wp:attachment":[{"href":"https:\/\/www.la-campiere.com\/en\/wp-json\/wp\/v2\/media?parent=4250"}],"wp:term":[{"taxonomy":"category","embeddable":true,"href":"https:\/\/www.la-campiere.com\/en\/wp-json\/wp\/v2\/categories?post=4250"},{"taxonomy":"post_tag","embeddable":true,"href":"https:\/\/www.la-campiere.com\/en\/wp-json\/wp\/v2\/tags?post=4250"}],"curies":[{"name":"wp","href":"https:\/\/api.w.org\/{rel}","templated":true}]}}