{"id":4285,"date":"2025-12-29T09:33:26","date_gmt":"2025-12-29T08:33:26","guid":{"rendered":"https:\/\/www.la-campiere.com\/camping-animations-saint-georges-d-oleron\/"},"modified":"2026-02-13T17:17:01","modified_gmt":"2026-02-13T16:17:01","slug":"camping-entertainment-saint-georges-d-oleron","status":"publish","type":"page","link":"https:\/\/www.la-campiere.com\/en\/camping-entertainment-saint-georges-d-oleron\/","title":{"rendered":"Activities and entertainment"},"content":{"rendered":"\n<section class=\"wp-block-group alignfull home-first page-first anim overflow-hidden is-layout-flow wp-block-group-is-layout-flow\" style=\"margin-bottom:0px;padding-top:7rem;padding-right:var(--wp--preset--spacing--60);padding-bottom:7rem;padding-left:var(--wp--preset--spacing--60)\">\n<div class=\"wp-block-columns gt-main-group gt-reverse-mobile is-layout-flex wp-container-core-columns-is-layout-0b70d401 wp-block-columns-is-layout-flex\">\n<div class=\"wp-block-column first is-layout-flow wp-block-column-is-layout-flow\" style=\"flex-basis:55%\">\n<div class=\"wp-block-columns is-not-stacked-on-mobile mosaique wp-container-content-b99e70a5 is-layout-flex wp-container-core-columns-is-layout-28f84493 wp-block-columns-is-layout-flex\">\n<div class=\"wp-block-column animate-up is-layout-flow wp-block-column-is-layout-flow\">\n<div class=\"wp-block-cover is-light\" style=\"border-top-left-radius:45px;border-top-right-radius:45px;border-bottom-left-radius:45px;border-bottom-right-radius:45px;min-height:25rem;aspect-ratio:unset;\"><img decoding=\"async\" width=\"1536\" height=\"1024\" class=\"wp-block-cover__image-background wp-image-2788 size-full\" alt=\"camping-la-campiere-aire-jeux-enfants-camping\" srcset=\"https:\/\/www.la-campiere.com\/wp-content\/uploads\/2025\/12\/camping-la-campiere-aire-jeux-enfants-camping.jpg 1536w\" sizes=\"100vw\" src=\"https:\/\/www.la-campiere.com\/wp-content\/uploads\/2025\/12\/camping-la-campiere-aire-jeux-enfants-camping.jpg\" data-object-fit=\"cover\"\/><span aria-hidden=\"true\" class=\"wp-block-cover__background has-background-dim-0 has-background-dim\" style=\"background-color:#8b7e76\"><\/span><div class=\"wp-block-cover__inner-container has-global-padding is-layout-constrained wp-block-cover-is-layout-constrained\">\n<p class=\"has-text-align-center has-large-font-size\"><\/p>\n<\/div><\/div>\n\n\n\n<div class=\"wp-block-cover is-light has-aspect-ratio\" style=\"border-top-left-radius:45px;border-top-right-radius:45px;border-bottom-left-radius:45px;border-bottom-right-radius:45px;min-height:20rem;aspect-ratio:1;min-height:unset;\"><img decoding=\"async\" width=\"1536\" height=\"1024\" class=\"wp-block-cover__image-background wp-image-3852 size-full\" alt=\"camping-la-campiere-jardin-ensoleille-avec-terrasse-de-ping-pong\" srcset=\"https:\/\/www.la-campiere.com\/wp-content\/uploads\/2026\/01\/camping-la-campiere-jardin-ensoleille-avec-terrasse-de-ping-pong.jpg 1536w\" sizes=\"100vw\" src=\"https:\/\/www.la-campiere.com\/wp-content\/uploads\/2026\/01\/camping-la-campiere-jardin-ensoleille-avec-terrasse-de-ping-pong.jpg\" data-object-fit=\"cover\"\/><span aria-hidden=\"true\" class=\"wp-block-cover__background has-background-dim-0 has-background-dim\" style=\"background-color:#8c8f7b\"><\/span><div class=\"wp-block-cover__inner-container has-global-padding is-layout-constrained wp-block-cover-is-layout-constrained\">\n<p class=\"has-text-align-center has-large-font-size\"><\/p>\n<\/div><\/div>\n<\/div>\n\n\n\n<div class=\"wp-block-column animate-down is-layout-flow wp-block-column-is-layout-flow\">\n<div style=\"height:10rem\" aria-hidden=\"true\" class=\"wp-block-spacer gt-hide-mobile\"><\/div>\n\n\n\n<div class=\"wp-block-cover\" style=\"border-top-left-radius:45px;border-top-right-radius:45px;border-bottom-left-radius:45px;border-bottom-right-radius:45px;min-height:20rem;aspect-ratio:unset;\"><img decoding=\"async\" width=\"2000\" height=\"1500\" class=\"wp-block-cover__image-background wp-image-2821 size-full\" alt=\"camping-la-campiere-petanque-et-les-autres-activites\" srcset=\"https:\/\/www.la-campiere.com\/wp-content\/uploads\/2025\/12\/camping-la-campiere-petanque-et-les-autres-activites.jpg 2000w\" sizes=\"100vw\" src=\"https:\/\/www.la-campiere.com\/wp-content\/uploads\/2025\/12\/camping-la-campiere-petanque-et-les-autres-activites.jpg\" data-object-fit=\"cover\"\/><span aria-hidden=\"true\" class=\"wp-block-cover__background has-background-dim-0 has-background-dim\" style=\"background-color:#757a7c\"><\/span><div class=\"wp-block-cover__inner-container has-global-padding is-layout-constrained wp-block-cover-is-layout-constrained\">\n<p class=\"has-text-align-center has-large-font-size\"><\/p>\n<\/div><\/div>\n\n\n\n<div class=\"wp-block-cover is-light has-custom-content-position is-position-bottom-left gt-cta__cover\" style=\"border-top-left-radius:45px;border-top-right-radius:45px;border-bottom-left-radius:45px;border-bottom-right-radius:45px;min-height:17rem;aspect-ratio:unset;\"><img decoding=\"async\" width=\"2000\" height=\"1333\" class=\"wp-block-cover__image-background wp-image-3856 size-full\" alt=\"camping-la-campiere-les-jeux-a-ressort\" srcset=\"https:\/\/www.la-campiere.com\/wp-content\/uploads\/2026\/01\/camping-la-campiere-les-jeux-a-ressort.jpg 2000w\" sizes=\"100vw\" src=\"https:\/\/www.la-campiere.com\/wp-content\/uploads\/2026\/01\/camping-la-campiere-les-jeux-a-ressort.jpg\" data-object-fit=\"cover\"\/><span aria-hidden=\"true\" class=\"wp-block-cover__background has-background-dim-0 has-background-dim\"><\/span><div class=\"wp-block-cover__inner-container is-layout-flow wp-block-cover-is-layout-flow\">\n<p class=\"has-text-align-center has-large-font-size\"><\/p>\n<\/div><\/div>\n<\/div>\n<\/div>\n<\/div>\n\n\n\n<div class=\"wp-block-column second is-layout-flow wp-block-column-is-layout-flow\" style=\"flex-basis:45%\">\n<div class=\"wp-block-group wp-container-content-a5fc19f1 is-layout-flow wp-block-group-is-layout-flow\">\n<div class=\"wp-block-group deco-titre has-custom-orange-color has-text-color has-link-color wp-elements-3ba7125dd0c65c184338c191490ae2a8 is-vertical is-nowrap is-layout-flex wp-container-core-group-is-layout-c9992202 wp-block-group-is-layout-flex\" style=\"margin-top:2rem\">\n<div class=\"wp-block-group is-layout-flow wp-block-group-is-layout-flow\">\n<h1 class=\"wp-block-heading has-custom-orange-color has-text-color has-link-color wp-elements-f0da6557285d00594c82920824c06b63\"><strong>Campsite with activities<\/strong> in Saint-Georges-d&#8217;Ol\u00e9ron<\/h1>\n\n\n\n<div style=\"height:1rem\" aria-hidden=\"true\" class=\"wp-block-spacer gt-show-mobile\"><\/div>\n\n\n\n<p><a href=\"https:\/\/www.la-campiere.com\/en\/\" data-type=\"page\" data-id=\"33\">La Campi\u00e8re campsite on the Ile d&#8217;Ol\u00e9ron<\/a> welcomes you for a <strong>relaxing<\/strong> and <strong>rejuvenating<\/strong> <strong>vacation<\/strong>. Here, <strong>conviviality<\/strong> is the order of the day, with activities and entertainment inviting young and old to come together for <strong>simple<\/strong>, <strong>authentic<\/strong> <strong>moments<\/strong>. Whether on the <strong>playgrounds<\/strong> or in the heart of the campsite&#8217;s <strong>5000 m2 natural forest<\/strong>.  <\/p>\n<\/div>\n<\/div>\n\n\n\n<div style=\"height:14rem\" aria-hidden=\"true\" class=\"wp-block-spacer gt-hide-mobile gt-hide-mobile\"><\/div>\n\n\n\n<div class=\"wp-block-group content is-layout-flow wp-block-group-is-layout-flow\">\n<h2 class=\"wp-block-heading\"><strong>Playground<\/strong> for your little ones<\/h2>\n\n\n\n<p>Located at the heart of the campsite with activities in Saint-Georges-d&#8217;Ol\u00e9ron, a <strong>small play area <\/strong>provides a <strong>safe<\/strong> and <strong>friendly<\/strong> <strong>environment<\/strong> for the youngest children (2-10 years). While their parents are busy washing up or grilling on the barbecue, the toddlers have a great time in front of their parents, swinging on the <strong>spring-loaded games<\/strong> or hurtling down the <strong>slide<\/strong>. Older children can&#8217;t stop pushing themselves on the <strong>big<\/strong> <strong>swing<\/strong>, while the more adventurous climb the <strong>climbing wall<\/strong>.  <\/p>\n<\/div>\n\n\n\n<div class=\"wp-block-group pastille has-montserrat-font-family is-vertical is-content-justification-center is-nowrap is-layout-flex wp-container-core-group-is-layout-70a63d78 wp-block-group-is-layout-flex\" style=\"margin-top:2rem;font-style:normal;font-weight:700;line-height:1;text-transform:uppercase\">\n<figure class=\"wp-block-image size-large wp-duotone-ffffff-ffffff-1\"><img decoding=\"async\" width=\"14\" height=\"14\" src=\"https:\/\/www.la-campiere.com\/wp-content\/uploads\/2025\/05\/red-sparkle.svg\" alt=\"red-sparkle\" class=\"wp-image-116\"\/><\/figure>\n\n\n\n<p class=\"has-text-align-center has-base-2-color has-text-color has-link-color wp-elements-94bcab46bdc9d549534d44128ed4af38\">sharing &amp;<br\/>smiles<\/p>\n\n\n\n<figure class=\"wp-block-image size-large wp-duotone-ffffff-ffffff-2\"><img decoding=\"async\" width=\"14\" height=\"14\" src=\"https:\/\/www.la-campiere.com\/wp-content\/uploads\/2025\/05\/red-sparkle.svg\" alt=\"red-sparkle\" class=\"wp-image-116\"\/><\/figure>\n<\/div>\n<\/div>\n<\/div>\n<\/div>\n<\/section>\n\n<section class=\"wp-block-group home-seventh-bis has-custom-five-background-color has-background is-layout-flow wp-block-group-is-layout-flow\" style=\"padding-top:7rem;padding-right:var(--wp--preset--spacing--50);padding-bottom:7rem;padding-left:var(--wp--preset--spacing--50)\">\n<div class=\"wp-block-columns is-layout-flex wp-container-core-columns-is-layout-649c0f26 wp-block-columns-is-layout-flex\" style=\"padding-top:var(--wp--preset--spacing--40);padding-bottom:var(--wp--preset--spacing--40)\">\n<div class=\"wp-block-column is-layout-flow wp-block-column-is-layout-flow\">\n<div class=\"wp-block-group titre-decoratif has-custom-orange-color has-text-color has-link-color wp-elements-eab9b03e4e34c4758202d3c715cd637a is-vertical is-content-justification-left is-nowrap is-layout-flex wp-container-core-group-is-layout-332c27bf wp-block-group-is-layout-flex\" style=\"border-left-color:var(--wp--preset--color--custom-four);border-left-width:1px;padding-right:0;padding-left:var(--wp--preset--spacing--10)\">\n<h2 class=\"wp-block-heading has-text-align-left\"><strong>Leisure<\/strong>, games and equipment<\/h2>\n<\/div>\n\n\n\n<p><a href=\"https:\/\/www.la-campiere.com\/en\/camping-reception-oleron-island\/\" data-type=\"page\" data-id=\"2279\">La Campi\u00e8re 4-star campsite<\/a> is the place to be for <strong>outdoor games<\/strong>. You&#8217;ll find plenty of games and equipment in the <strong>relaxation<\/strong> <strong>area<\/strong>, surrounded by <strong>flowers<\/strong>, near the <strong>swimming pool<\/strong> and <strong>snack bar<\/strong>.   <\/p>\n\n\n\n<p>The <strong>pine forest<\/strong> is also a playground where children can build <strong>huts<\/strong> (equipment provided) and tell each other the best stories of the summer.  <\/p>\n\n\n\n<p>In addition to the play area for the little ones, children and parents can enjoy moments of complicity around the <strong>ping-pong table<\/strong> (rackets available on loan) and <strong>table soccer<\/strong> on the terrace. Laughter is frequent around the <strong>p\u00e9tanque court <\/strong>, which promises to be a lively affair with family and friends. We provide you with petanque balls (plastic ones for the little ones). You can also try your hand at <strong>shuffleboard<\/strong> or <strong>molkky<\/strong>.   <\/p>\n\n\n\n<p>For quieter times, we provide <strong>board games <\/strong>free of charge, which you can play on the <strong>bar terrace<\/strong> or on your <strong>Pitch<\/strong>. Our <strong>shared library<\/strong> lets you exchange or adopt a book in French or a foreign language.   <\/p>\n<\/div>\n\n\n\n<div class=\"wp-block-column is-layout-flow wp-block-column-is-layout-flow\">\n<figure class=\"wp-block-image size-large has-custom-border\"><img decoding=\"async\" width=\"1024\" height=\"683\" src=\"https:\/\/www.la-campiere.com\/wp-content\/uploads\/2025\/12\/camping-la-campiere-les-loisirs-1024x683.jpg\" alt=\"camping-la-campiere-les-loisirs\" class=\"wp-image-2804\" style=\"border-top-left-radius:45px;border-top-right-radius:45px;border-bottom-left-radius:45px;border-bottom-right-radius:45px\" srcset=\"https:\/\/www.la-campiere.com\/wp-content\/uploads\/2025\/12\/camping-la-campiere-les-loisirs-1024x683.jpg 1024w, https:\/\/www.la-campiere.com\/wp-content\/uploads\/2025\/12\/camping-la-campiere-les-loisirs-300x200.jpg 300w, https:\/\/www.la-campiere.com\/wp-content\/uploads\/2025\/12\/camping-la-campiere-les-loisirs-768x512.jpg 768w, https:\/\/www.la-campiere.com\/wp-content\/uploads\/2025\/12\/camping-la-campiere-les-loisirs.jpg 1536w\" sizes=\"(max-width: 1024px) 100vw, 1024px\" \/><\/figure>\n<\/div>\n<\/div>\n<\/section>\n\n<section class=\"wp-block-group alignfull home-third page-two is-layout-flow wp-block-group-is-layout-flow\" style=\"margin-top:0px;margin-bottom:0px;padding-bottom:7rem\">\n<div class=\"wp-block-group is-layout-flow wp-block-group-is-layout-flow\">\n<div class=\"wp-block-cover has-custom-content-position is-position-bottom-left\" style=\"border-bottom-left-radius:60px;border-bottom-right-radius:60px;min-height:90vh;aspect-ratio:unset;\"><img decoding=\"async\" width=\"2000\" height=\"1333\" class=\"wp-block-cover__image-background wp-image-2817 size-large\" alt=\"les-soirees-au-camping-la-campiere\" srcset=\"https:\/\/www.la-campiere.com\/wp-content\/uploads\/2025\/12\/les-soirees-au-camping-la-campiere.jpg 2000w\" sizes=\"100vw\" src=\"https:\/\/www.la-campiere.com\/wp-content\/uploads\/2025\/12\/les-soirees-au-camping-la-campiere.jpg\" data-object-fit=\"cover\"\/><span aria-hidden=\"true\" class=\"wp-block-cover__background has-contrast-background-color has-background-dim-20 has-background-dim\"><\/span><div class=\"wp-block-cover__inner-container is-layout-flow wp-block-cover-is-layout-flow\">\n<p class=\"has-text-align-center has-large-font-size\"><\/p>\n<\/div><\/div>\n<\/div>\n\n\n\n<div id=\"bistrot\" class=\"wp-block-group is-layout-flow wp-block-group-is-layout-flow\" style=\"padding-top:3rem\">\n<h2 class=\"wp-block-heading has-text-align-center\"><strong>Your<\/strong> family <strong>evenings and entertainment<\/strong> <br\/>at the campsite  <\/h2>\n\n\n\n<div class=\"wp-block-columns are-vertically-aligned-top content is-layout-flex wp-container-core-columns-is-layout-6a5a5078 wp-block-columns-is-layout-flex\" style=\"padding-right:15rem;padding-left:15rem\">\n<div class=\"wp-block-column is-vertically-aligned-top first is-layout-flow wp-block-column-is-layout-flow\">\n<p class=\"has-text-align-center\">From June to September, the whole team of the campsite with activities on the Ile d&#8217;Ol\u00e9ron offers you a weekly <strong>get-together<\/strong> around a <strong>mussels and French fries<\/strong> dinner. In summer, this time is enhanced by a <strong>blind test<\/strong> or a<strong> concert by local artists<\/strong> with a wide variety of repertoires. From rock to world music, each piece is an opportunity to <strong>sing<\/strong> and <strong>dance<\/strong>.  <\/p>\n\n\n\n<p class=\"has-text-align-center\">The Ile d&#8217;Ol\u00e9ron is also full of lively evening spots where you can take the <strong>summer shuttle<\/strong> from the campsite. We are committed to <a href=\"https:\/\/www.la-campiere.com\/en\/eco-friendly-camping-saint-georges-d-oleron\/\" data-type=\"page\" data-id=\"2283\">preserving our environment<\/a> by encouraging our campers to adopt sustainable mobility. Enjoy <strong>theme or music bars<\/strong>, <strong>open stages<\/strong>, <strong>amusement parks <\/strong>or <strong>night markets<\/strong> with the whole family. <\/p>\n<\/div>\n<\/div>\n<\/div>\n<\/section>\n\n<div class=\"wp-block-group page-seven is-layout-flow wp-block-group-is-layout-flow\" style=\"padding-top:4rem;padding-bottom:10rem\">\n<div class=\"wp-block-columns are-vertically-aligned-center is-layout-flex wp-container-core-columns-is-layout-28f84493 wp-block-columns-is-layout-flex\">\n<div class=\"wp-block-column is-vertically-aligned-center is-layout-flow wp-block-column-is-layout-flow\" style=\"flex-basis:40%\"><\/div>\n\n\n\n<div class=\"wp-block-column is-vertically-aligned-center is-layout-flow wp-block-column-is-layout-flow\" style=\"flex-basis:60%\">\n<div class=\"wp-block-group titre-decoratif has-custom-orange-color has-text-color has-link-color has-league-spartan-font-family wp-elements-7adedd31c1b48b9be64c674713a2d9b0 is-vertical is-content-justification-left is-nowrap is-layout-flex wp-container-core-group-is-layout-332c27bf wp-block-group-is-layout-flex\" style=\"border-left-color:var(--wp--preset--color--custom-four);border-left-width:1px;padding-right:0;padding-left:var(--wp--preset--spacing--10);font-size:clamp(24.034px, 1.502rem + ((1vw - 3.2px) * 1.663), 40px);line-height:1\">\n<p class=\"has-text-align-left\" style=\"text-transform:uppercase\">Discover<br\/><em>too<\/em><\/p>\n<\/div>\n<\/div>\n<\/div>\n\n\n\n<div data-wp-context=\"{}\" data-wp-interactive=\"core\/query\" data-wp-key=\"0\" data-wp-router-region=\"query-0\" class=\"wp-block-query alignwide gt-fse-maillage-query has-global-padding is-layout-constrained wp-container-core-query-is-layout-1e86373d wp-block-query-is-layout-constrained\"><ul style=\"border-top-left-radius:45px;border-top-right-radius:45px;border-bottom-left-radius:45px;border-bottom-right-radius:45px;\" class=\"columns-3 wp-block-post-template is-layout-grid wp-container-core-post-template-is-layout-6d3fbd8f wp-block-post-template-is-layout-grid\"><li data-wp-key=\"post-template-item-4289\" class=\"wp-block-post post-4289 page type-page status-publish has-post-thumbnail hentry\">\n\n<figure class=\"wp-block-image size-full has-custom-border\"><img decoding=\"async\" src=\"https:\/\/www.la-campiere.com\/wp-content\/uploads\/2025\/12\/actions-en-faveur-de-lenvironnement-camping-la-campiere.jpg\" alt=\"actions-en-faveur-de-lenvironnement-camping-la-campiere\" class=\"wp-image-1030\" style=\"border-top-left-radius:45px;border-top-right-radius:45px;border-bottom-left-radius:45px;border-bottom-right-radius:45px;aspect-ratio:1;object-fit:cover\"\/><\/figure>\n\n\n\n<div class=\"wp-block-group maillage__title has-base-2-color has-text-color has-link-color has-montserrat-font-family wp-elements-2fb333a41145f9664e40150f58ac8e69 is-content-justification-space-between is-nowrap is-layout-flex wp-container-core-group-is-layout-c52eadd5 wp-block-group-is-layout-flex\" style=\"margin-top:-8rem;padding-right:2rem;padding-bottom:2rem;padding-left:2rem;font-size:clamp(0.912rem, 0.912rem + ((1vw - 0.2rem) * 0.763), 1.37rem);font-style:normal;font-weight:700;line-height:1;text-transform:uppercase\">\n<p class=\"has-base-color has-text-color has-link-color wp-elements-540a599245d35c3ea90b390e74367648\">Eco-responsible commitment<\/p>\n<\/div>\n\n\n<a style=\"border-radius:10px;\" class=\"is-style-lien-cover wp-block-read-more\" href=\"https:\/\/www.la-campiere.com\/en\/eco-friendly-camping-saint-georges-d-oleron\/\" target=\"_self\">Read more<span class=\"screen-reader-text\">: Eco-responsible commitment<\/span><\/a>\n<\/li><li data-wp-key=\"post-template-item-4282\" class=\"wp-block-post post-4282 page type-page status-publish has-post-thumbnail hentry\">\n\n<figure class=\"wp-block-image size-full has-custom-border\"><img decoding=\"async\" src=\"https:\/\/www.la-campiere.com\/wp-content\/uploads\/2025\/12\/camping-la-campiere-location-velos.jpg\" alt=\"camping-la-campiere-location-velos\" class=\"wp-image-1030\" style=\"border-top-left-radius:45px;border-top-right-radius:45px;border-bottom-left-radius:45px;border-bottom-right-radius:45px;aspect-ratio:1;object-fit:cover\"\/><\/figure>\n\n\n\n<div class=\"wp-block-group maillage__title has-base-2-color has-text-color has-link-color has-montserrat-font-family wp-elements-2fb333a41145f9664e40150f58ac8e69 is-content-justification-space-between is-nowrap is-layout-flex wp-container-core-group-is-layout-c52eadd5 wp-block-group-is-layout-flex\" style=\"margin-top:-8rem;padding-right:2rem;padding-bottom:2rem;padding-left:2rem;font-size:clamp(0.912rem, 0.912rem + ((1vw - 0.2rem) * 0.763), 1.37rem);font-style:normal;font-weight:700;line-height:1;text-transform:uppercase\">\n<p class=\"has-base-color has-text-color has-link-color wp-elements-540a599245d35c3ea90b390e74367648\">Our services<\/p>\n<\/div>\n\n\n<a style=\"border-radius:10px;\" class=\"is-style-lien-cover wp-block-read-more\" href=\"https:\/\/www.la-campiere.com\/en\/camping-reception-oleron-island\/\" target=\"_self\">Read more<span class=\"screen-reader-text\">: Our services<\/span><\/a>\n<\/li><li data-wp-key=\"post-template-item-4254\" class=\"wp-block-post post-4254 page type-page status-publish has-post-thumbnail hentry\">\n\n<figure class=\"wp-block-image size-full has-custom-border\"><img decoding=\"async\" src=\"https:\/\/www.la-campiere.com\/wp-content\/uploads\/2026\/01\/camping-la-campiere-hebergement-a-louer-sur-lile-doleron.jpg\" alt=\"camping-la-campiere-hebergement-a-louer-sur-lile-doleron\" class=\"wp-image-1030\" style=\"border-top-left-radius:45px;border-top-right-radius:45px;border-bottom-left-radius:45px;border-bottom-right-radius:45px;aspect-ratio:1;object-fit:cover\"\/><\/figure>\n\n\n\n<div class=\"wp-block-group maillage__title has-base-2-color has-text-color has-link-color has-montserrat-font-family wp-elements-2fb333a41145f9664e40150f58ac8e69 is-content-justification-space-between is-nowrap is-layout-flex wp-container-core-group-is-layout-c52eadd5 wp-block-group-is-layout-flex\" style=\"margin-top:-8rem;padding-right:2rem;padding-bottom:2rem;padding-left:2rem;font-size:clamp(0.912rem, 0.912rem + ((1vw - 0.2rem) * 0.763), 1.37rem);font-style:normal;font-weight:700;line-height:1;text-transform:uppercase\">\n<p class=\"has-base-color has-text-color has-link-color wp-elements-540a599245d35c3ea90b390e74367648\">Our rentals<\/p>\n<\/div>\n\n\n<a style=\"border-radius:10px;\" class=\"is-style-lien-cover wp-block-read-more\" href=\"https:\/\/www.la-campiere.com\/en\/accommodation-rental-saint-georges-d-oleron\/\" target=\"_self\">Read more<span class=\"screen-reader-text\">: Our rentals<\/span><\/a>\n<\/li><\/ul><\/div>\n<\/div>\n","protected":false},"excerpt":{"rendered":"<p>Campsite with activities in Saint-Georges-d&#8217;Ol\u00e9ron La Campi\u00e8re campsite on the Ile d&#8217;Ol\u00e9ron welcomes you for a relaxing and rejuvenating vacation. Here, conviviality is the order of the day, with activities and entertainment inviting young and old to come together for simple, authentic moments. Whether on the playgrounds or in the heart of the campsite&#8217;s 5000 [&hellip;]<\/p>\n","protected":false},"author":1,"featured_media":2797,"parent":0,"menu_order":0,"comment_status":"closed","ping_status":"closed","template":"","meta":{"_seopress_robots_primary_cat":"","_seopress_titles_title":"Camping animations l'\u00cele d'Ol\u00e9ron | Activities Saint-Georges-d'Ol\u00e9ron","_seopress_titles_desc":"Family campsite on the Ile d'Ol\u00e9ron with children's club in season, the little ones will have fun every morning at Camping La Campi\u00e8re **** in St Georges d'Ol\u00e9ron.","_seopress_robots_index":"","_gt_ctv_global_id":"","_gt_ctv_id_group":false,"inline_featured_image":false,"gt_fse_maillage_image":"https:\/\/www.la-campiere.com\/wp-content\/uploads\/2025\/12\/camping-la-campiere-les-animations.jpg","gt_fse_maillage_titre":"Activities and entertainment","gt_fse_maillage_alt":"camping-la-campiere-les-animations","gt_fse_maillage_resume":"","footnotes":""},"categories":[],"tags":[],"class_list":["post-4285","page","type-page","status-publish","has-post-thumbnail","hentry"],"_links":{"self":[{"href":"https:\/\/www.la-campiere.com\/en\/wp-json\/wp\/v2\/pages\/4285","targetHints":{"allow":["GET"]}}],"collection":[{"href":"https:\/\/www.la-campiere.com\/en\/wp-json\/wp\/v2\/pages"}],"about":[{"href":"https:\/\/www.la-campiere.com\/en\/wp-json\/wp\/v2\/types\/page"}],"author":[{"embeddable":true,"href":"https:\/\/www.la-campiere.com\/en\/wp-json\/wp\/v2\/users\/1"}],"replies":[{"embeddable":true,"href":"https:\/\/www.la-campiere.com\/en\/wp-json\/wp\/v2\/comments?post=4285"}],"version-history":[{"count":5,"href":"https:\/\/www.la-campiere.com\/en\/wp-json\/wp\/v2\/pages\/4285\/revisions"}],"predecessor-version":[{"id":4315,"href":"https:\/\/www.la-campiere.com\/en\/wp-json\/wp\/v2\/pages\/4285\/revisions\/4315"}],"wp:featuredmedia":[{"embeddable":true,"href":"https:\/\/www.la-campiere.com\/en\/wp-json\/wp\/v2\/media\/2797"}],"wp:attachment":[{"href":"https:\/\/www.la-campiere.com\/en\/wp-json\/wp\/v2\/media?parent=4285"}],"wp:term":[{"taxonomy":"category","embeddable":true,"href":"https:\/\/www.la-campiere.com\/en\/wp-json\/wp\/v2\/categories?post=4285"},{"taxonomy":"post_tag","embeddable":true,"href":"https:\/\/www.la-campiere.com\/en\/wp-json\/wp\/v2\/tags?post=4285"}],"curies":[{"name":"wp","href":"https:\/\/api.w.org\/{rel}","templated":true}]}}