{"id":4289,"date":"2025-12-29T09:32:52","date_gmt":"2025-12-29T08:32:52","guid":{"rendered":"https:\/\/www.la-campiere.com\/camping-ecoresponsable-saint-georges-d-oleron\/"},"modified":"2026-02-13T17:06:13","modified_gmt":"2026-02-13T16:06:13","slug":"eco-friendly-camping-saint-georges-d-oleron","status":"publish","type":"page","link":"https:\/\/www.la-campiere.com\/en\/eco-friendly-camping-saint-georges-d-oleron\/","title":{"rendered":"Eco-responsible commitment"},"content":{"rendered":"\n<section class=\"wp-block-group home-seventh-bis deco is-layout-flow wp-block-group-is-layout-flow\" style=\"padding-top:4rem;padding-right:var(--wp--preset--spacing--50);padding-bottom:4rem;padding-left:var(--wp--preset--spacing--50)\">\n<div class=\"wp-block-columns is-layout-flex wp-container-core-columns-is-layout-989ec559 wp-block-columns-is-layout-flex\" style=\"padding-top:0;padding-bottom:0rem\">\n<div class=\"wp-block-column is-vertically-aligned-top is-layout-flow wp-block-column-is-layout-flow\">\n<div class=\"wp-block-group titre-decoratif has-custom-orange-color has-text-color has-link-color has-tenor-sans-font-family wp-elements-b849a52aba297ff0c0aee417ad0b60fb is-vertical is-content-justification-left is-nowrap is-layout-flex wp-container-core-group-is-layout-332c27bf wp-block-group-is-layout-flex\" style=\"border-left-color:var(--wp--preset--color--custom-four);border-left-width:1px;padding-right:0;padding-left:var(--wp--preset--spacing--10);font-size:clamp(1.701rem, 1.701rem + ((1vw - 0.2rem) * 2.015), 2.91rem);line-height:1\">\n<h1 class=\"wp-block-heading has-text-align-left\"><strong>Eco-responsible camping<\/strong> on the Ile d&#8217;Ol\u00e9ron  <\/h1>\n<\/div>\n\n\n\n<div class=\"wp-block-group texte is-layout-flow wp-block-group-is-layout-flow\" style=\"padding-left:var(--wp--preset--spacing--20)\">\n<p>The <a href=\"https:\/\/www.la-campiere.com\/en\/camping-reception-oleron-island\/\" data-type=\"page\" data-id=\"2279\">4-star La Campi\u00e8re campsite<\/a> is located in a <strong>remarkable natural area<\/strong> in Saint-Georges-d&#8217;Ol\u00e9ron. Inspired by this natural setting, it&#8217;s only natural that we adopt an <strong>eco-responsible approach<\/strong>, practicing <strong>behaviors<\/strong> that <strong>respect<\/strong> our <strong>environment<\/strong>. <\/p>\n<\/div>\n<\/div>\n\n\n\n<div class=\"wp-block-column is-vertically-aligned-top is-layout-flow wp-block-column-is-layout-flow\">\n<figure class=\"wp-block-image size-large has-custom-border\"><img decoding=\"async\" width=\"1024\" height=\"682\" src=\"https:\/\/www.la-campiere.com\/wp-content\/uploads\/2026\/01\/camping-la-campiere-cadre-nature-1024x682.jpg\" alt=\"camping-la-campiere-cadre-nature\" class=\"wp-image-3846\" style=\"border-top-left-radius:45px;border-top-right-radius:45px;border-bottom-left-radius:45px;border-bottom-right-radius:45px\" srcset=\"https:\/\/www.la-campiere.com\/wp-content\/uploads\/2026\/01\/camping-la-campiere-cadre-nature-1024x682.jpg 1024w, https:\/\/www.la-campiere.com\/wp-content\/uploads\/2026\/01\/camping-la-campiere-cadre-nature-300x200.jpg 300w, https:\/\/www.la-campiere.com\/wp-content\/uploads\/2026\/01\/camping-la-campiere-cadre-nature-768x512.jpg 768w, https:\/\/www.la-campiere.com\/wp-content\/uploads\/2026\/01\/camping-la-campiere-cadre-nature-1536x1024.jpg 1536w, https:\/\/www.la-campiere.com\/wp-content\/uploads\/2026\/01\/camping-la-campiere-cadre-nature.jpg 2000w\" sizes=\"(max-width: 1024px) 100vw, 1024px\" \/><\/figure>\n<\/div>\n<\/div>\n<\/section>\n\n<section class=\"wp-block-group home-fourth page-three has-custom-two-background-color has-background is-layout-flow wp-block-group-is-layout-flow\" style=\"padding-top:4rem;padding-right:4.69rem;padding-bottom:4rem;padding-left:4.69rem\">\n<div class=\"wp-block-group fond has-custom-vert-background-color has-background is-layout-flow wp-block-group-is-layout-flow\" style=\"border-radius:15px;padding-top:7rem;padding-right:4.69rem;padding-bottom:7rem;padding-left:4.69rem\">\n<div class=\"wp-block-group is-layout-flow wp-block-group-is-layout-flow\" style=\"padding-right:7rem;padding-left:7rem\">\n<h2 class=\"wp-block-heading has-text-align-center has-base-2-color has-text-color has-link-color wp-elements-5e726113230864e64cc5ea32b87c14e0\">Our commitments<\/h2>\n\n\n\n<p class=\"has-text-align-center has-base-2-color has-text-color has-link-color wp-elements-fcbf8be6d8eb066492950e237996d87b\">For many years, the <a href=\"\/\">campsite on the Ile d&#8217;Ol\u00e9ron<\/a> has been committed to <strong>reducing<\/strong> its <strong>environmental<\/strong> <strong>impact<\/strong>.  <\/p>\n\n\n\n<p class=\"has-base-2-color has-text-color has-link-color wp-elements-257a0b6fcf7215c3f4ece6c4763db39d\">As a result, our rental fleet consists mainly of <strong>wooden<\/strong> <strong>chalets<\/strong> and <strong>tent lodges<\/strong>.  <\/p>\n\n\n\n<p class=\"has-base-2-color has-text-color has-link-color wp-elements-b9b424183b55f01eea3711156dd3e183\"><strong>Waste management<\/strong> is undoubtedly the main showcase for our eco-responsible actions, but our <strong>educational approach<\/strong> to <strong>resource <\/strong> <strong>conservation<\/strong> is not to be outdone.  <\/p>\n\n\n\n<p class=\"has-text-align-center has-base-2-color has-text-color has-link-color wp-elements-7e865d858792f7d9bcfc5b446f8f50e1\">The use of <strong>renewable<\/strong> <strong>energies<\/strong>, particularly <strong>solar power<\/strong>, is constantly evolving. <br\/>Since 2025, the eco-responsible Saint-Georges-d&#8217;Ol\u00e9ron campsite has been working alongside the <strong>EAU17<\/strong> water distribution syndicate to<strong> raise holidaymakers&#8217; awareness of<\/strong> the vital need to <strong>preserve this resource<\/strong>.<\/p>\n\n\n\n<div style=\"height:2rem\" aria-hidden=\"true\" class=\"wp-block-spacer gt-hide-mobile\"><\/div>\n<\/div>\n\n\n\n<div class=\"wp-block-cover is-light has-custom-content-position is-position-bottom-left\" style=\"border-top-left-radius:45px;border-top-right-radius:45px;border-bottom-left-radius:45px;border-bottom-right-radius:45px;padding-right:0px;padding-left:0px;min-height:75vh;aspect-ratio:unset;\"><img decoding=\"async\" width=\"2000\" height=\"1500\" class=\"wp-block-cover__image-background wp-image-2769 size-full\" alt=\"le-tentes-lodges-du-camping-la-campiere\" srcset=\"https:\/\/www.la-campiere.com\/wp-content\/uploads\/2025\/12\/le-tentes-lodges-du-camping-la-campiere.jpg 2000w\" sizes=\"100vw\" src=\"https:\/\/www.la-campiere.com\/wp-content\/uploads\/2025\/12\/le-tentes-lodges-du-camping-la-campiere.jpg\" data-object-fit=\"cover\"\/><span aria-hidden=\"true\" class=\"wp-block-cover__background has-background-dim-0 has-background-dim\" style=\"background-color:#b29572\"><\/span><div class=\"wp-block-cover__inner-container is-layout-flow wp-block-cover-is-layout-flow\">\n<p class=\"has-text-align-center has-large-font-size\"><\/p>\n<\/div><\/div>\n<\/div>\n<\/section>\n\n<section class=\"wp-block-group home-seventh is-layout-flow wp-block-group-is-layout-flow\" style=\"padding-top:7rem;padding-right:var(--wp--preset--spacing--50);padding-bottom:4rem;padding-left:var(--wp--preset--spacing--50)\">\n<div class=\"wp-block-columns are-vertically-aligned-center is-layout-flex wp-container-core-columns-is-layout-54470929 wp-block-columns-is-layout-flex\" style=\"padding-top:var(--wp--preset--spacing--40);padding-bottom:0px\">\n<div class=\"wp-block-column is-vertically-aligned-center is-layout-flow wp-block-column-is-layout-flow\">\n<figure class=\"wp-block-image size-large has-custom-border\"><img decoding=\"async\" width=\"1024\" height=\"682\" src=\"https:\/\/www.la-campiere.com\/wp-content\/uploads\/2025\/12\/actions-en-faveur-de-lenvironnement-camping-la-campiere-1024x682.jpg\" alt=\"actions-en-faveur-de-lenvironnement-camping-la-campiere\" class=\"wp-image-2743\" style=\"border-top-left-radius:45px;border-top-right-radius:45px;border-bottom-left-radius:45px;border-bottom-right-radius:45px\" srcset=\"https:\/\/www.la-campiere.com\/wp-content\/uploads\/2025\/12\/actions-en-faveur-de-lenvironnement-camping-la-campiere-1024x682.jpg 1024w, https:\/\/www.la-campiere.com\/wp-content\/uploads\/2025\/12\/actions-en-faveur-de-lenvironnement-camping-la-campiere-300x200.jpg 300w, https:\/\/www.la-campiere.com\/wp-content\/uploads\/2025\/12\/actions-en-faveur-de-lenvironnement-camping-la-campiere-768x512.jpg 768w, https:\/\/www.la-campiere.com\/wp-content\/uploads\/2025\/12\/actions-en-faveur-de-lenvironnement-camping-la-campiere-1536x1024.jpg 1536w, https:\/\/www.la-campiere.com\/wp-content\/uploads\/2025\/12\/actions-en-faveur-de-lenvironnement-camping-la-campiere.jpg 2000w\" sizes=\"(max-width: 1024px) 100vw, 1024px\" \/><\/figure>\n<\/div>\n\n\n\n<div class=\"wp-block-column is-vertically-aligned-center is-layout-flow wp-block-column-is-layout-flow\">\n<div class=\"wp-block-group titre-decoratif has-custom-orange-color has-text-color has-link-color wp-elements-c81abcf8f0d5c484dd9ac8e5661bfd99 is-vertical is-content-justification-left is-nowrap is-layout-flex wp-container-core-group-is-layout-332c27bf wp-block-group-is-layout-flex\" style=\"border-left-color:var(--wp--preset--color--custom-four);border-left-width:1px;padding-right:0;padding-left:var(--wp--preset--spacing--10)\">\n<h2 class=\"wp-block-heading has-text-align-left\">Our actions in favor of <strong>the environment<\/strong><\/h2>\n<\/div>\n\n\n\n<div class=\"wp-block-group texte is-layout-flow wp-block-group-is-layout-flow\" style=\"padding-left:var(--wp--preset--spacing--20)\">\n<p>Our actions in favor of the environment accompany you every day during your stay at La Campi\u00e8re campsite, including the organization of our <a href=\"https:\/\/www.la-campiere.com\/en\/camping-entertainment-saint-georges-d-oleron\/\" data-type=\"page\" data-id=\"2287\">events and activities in Saint-Georges-d&#8217;OI\u00e9ron<\/a>.  <\/p>\n\n\n\n<p>When you arrive, a <strong>bio-bucket<\/strong> will be given to you, or will be waiting for you in your rental unit, so that you can help reduce the volume of household waste.<strong> <\/strong>to be treated by <strong>selective sorting<\/strong>. The compost produced is then used to maintain and renew the vegetation of the eco-responsible campsite on the Ile d&#8217;Ol\u00e9ron.   <\/p>\n\n\n\n<p>Every new installation or renovation is an opportunity to do away with plastics and synthetics. <strong>Wooden<\/strong> <strong>structures<\/strong> are omnipresent on the campsite, helping to integrate them into the landscape. <\/p>\n\n\n\n<p>As part of our efforts to <strong>conserve water<\/strong>, all the taps on the campsite and in the rental units are equipped with flow reducers, so you can still enjoy the comfort and pleasure of a shower.  <\/p>\n\n\n\n<p>Since 2024, hot water for sanitary facilities has come from <strong>solar energy<\/strong>.  <\/p>\n\n\n\n<p>Our cleaning team is also keen to <strong>limit<\/strong> <strong>its<\/strong> <strong>ecological<\/strong> <strong>impact<\/strong> by limiting the number of wash-downs and using <strong>biodegradable<\/strong> cleaning products. In addition to the actions carried out on the campsite, we work as much as possible in <strong>short circuits<\/strong> with local economic players and invite holidaymakers to visit <strong>local producers<\/strong> to discover the wonderful products of Oleron. <\/p>\n<\/div>\n<\/div>\n<\/div>\n<\/section>\n\n<div class=\"wp-block-group page-seven is-layout-flow wp-block-group-is-layout-flow\" style=\"padding-top:4rem;padding-bottom:10rem\">\n<div class=\"wp-block-columns are-vertically-aligned-center is-layout-flex wp-container-core-columns-is-layout-28f84493 wp-block-columns-is-layout-flex\">\n<div class=\"wp-block-column is-vertically-aligned-center is-layout-flow wp-block-column-is-layout-flow\" style=\"flex-basis:40%\"><\/div>\n\n\n\n<div class=\"wp-block-column is-vertically-aligned-center is-layout-flow wp-block-column-is-layout-flow\" style=\"flex-basis:60%\">\n<div class=\"wp-block-group titre-decoratif has-custom-orange-color has-text-color has-link-color wp-elements-a5b6a2098a575f099887c1a2283429ca is-vertical is-content-justification-left is-nowrap is-layout-flex wp-container-core-group-is-layout-332c27bf wp-block-group-is-layout-flex\" style=\"border-left-color:var(--wp--preset--color--custom-four);border-left-width:1px;padding-right:0;padding-left:var(--wp--preset--spacing--10);font-size:clamp(24.034px, 1.502rem + ((1vw - 3.2px) * 1.663), 40px);line-height:1\">\n<p class=\"has-text-align-left\" style=\"text-transform:uppercase\">Discover<br\/><em>too<\/em><\/p>\n<\/div>\n<\/div>\n<\/div>\n\n\n\n<div data-wp-context=\"{}\" data-wp-interactive=\"core\/query\" data-wp-key=\"0\" data-wp-router-region=\"query-0\" class=\"wp-block-query alignwide gt-fse-maillage-query has-global-padding is-layout-constrained wp-container-core-query-is-layout-1e86373d wp-block-query-is-layout-constrained\"><ul style=\"border-top-left-radius:45px;border-top-right-radius:45px;border-bottom-left-radius:45px;border-bottom-right-radius:45px;\" class=\"columns-3 wp-block-post-template is-layout-grid wp-container-core-post-template-is-layout-6d3fbd8f wp-block-post-template-is-layout-grid\"><li data-wp-key=\"post-template-item-4282\" class=\"wp-block-post post-4282 page type-page status-publish has-post-thumbnail hentry\">\n\n<figure class=\"wp-block-image size-full has-custom-border\"><img decoding=\"async\" src=\"https:\/\/www.la-campiere.com\/wp-content\/uploads\/2025\/12\/camping-la-campiere-location-velos.jpg\" alt=\"camping-la-campiere-location-velos\" class=\"wp-image-1030\" style=\"border-top-left-radius:45px;border-top-right-radius:45px;border-bottom-left-radius:45px;border-bottom-right-radius:45px;aspect-ratio:1;object-fit:cover\"\/><\/figure>\n\n\n\n<div class=\"wp-block-group maillage__title has-base-2-color has-text-color has-link-color has-montserrat-font-family wp-elements-2fb333a41145f9664e40150f58ac8e69 is-content-justification-space-between is-nowrap is-layout-flex wp-container-core-group-is-layout-c52eadd5 wp-block-group-is-layout-flex\" style=\"margin-top:-8rem;padding-right:2rem;padding-bottom:2rem;padding-left:2rem;font-size:clamp(0.912rem, 0.912rem + ((1vw - 0.2rem) * 0.763), 1.37rem);font-style:normal;font-weight:700;line-height:1;text-transform:uppercase\">\n<p class=\"has-base-color has-text-color has-link-color wp-elements-540a599245d35c3ea90b390e74367648\">Our services<\/p>\n<\/div>\n\n\n<a style=\"border-radius:10px;\" class=\"is-style-lien-cover wp-block-read-more\" href=\"https:\/\/www.la-campiere.com\/en\/camping-reception-oleron-island\/\" target=\"_self\">Read more<span class=\"screen-reader-text\">: Our services<\/span><\/a>\n<\/li><li data-wp-key=\"post-template-item-4285\" class=\"wp-block-post post-4285 page type-page status-publish has-post-thumbnail hentry\">\n\n<figure class=\"wp-block-image size-full has-custom-border\"><img decoding=\"async\" src=\"https:\/\/www.la-campiere.com\/wp-content\/uploads\/2025\/12\/camping-la-campiere-les-animations.jpg\" alt=\"camping-la-campiere-les-animations\" class=\"wp-image-1030\" style=\"border-top-left-radius:45px;border-top-right-radius:45px;border-bottom-left-radius:45px;border-bottom-right-radius:45px;aspect-ratio:1;object-fit:cover\"\/><\/figure>\n\n\n\n<div class=\"wp-block-group maillage__title has-base-2-color has-text-color has-link-color has-montserrat-font-family wp-elements-2fb333a41145f9664e40150f58ac8e69 is-content-justification-space-between is-nowrap is-layout-flex wp-container-core-group-is-layout-c52eadd5 wp-block-group-is-layout-flex\" style=\"margin-top:-8rem;padding-right:2rem;padding-bottom:2rem;padding-left:2rem;font-size:clamp(0.912rem, 0.912rem + ((1vw - 0.2rem) * 0.763), 1.37rem);font-style:normal;font-weight:700;line-height:1;text-transform:uppercase\">\n<p class=\"has-base-color has-text-color has-link-color wp-elements-540a599245d35c3ea90b390e74367648\">Activities and entertainment<\/p>\n<\/div>\n\n\n<a style=\"border-radius:10px;\" class=\"is-style-lien-cover wp-block-read-more\" href=\"https:\/\/www.la-campiere.com\/en\/camping-entertainment-saint-georges-d-oleron\/\" target=\"_self\">Read more<span class=\"screen-reader-text\">: Activities and entertainment<\/span><\/a>\n<\/li><li data-wp-key=\"post-template-item-4232\" class=\"wp-block-post post-4232 page type-page status-publish has-post-thumbnail hentry\">\n\n<figure class=\"wp-block-image size-full has-custom-border\"><img decoding=\"async\" src=\"https:\/\/www.la-campiere.com\/wp-content\/uploads\/2026\/01\/camping-la-campiere-avec-piscine-pour-des-vacances-de-reve-scaled.jpg\" alt=\"camping-la-campiere-with-pool-for-dream-holidays\" class=\"wp-image-1030\" style=\"border-top-left-radius:45px;border-top-right-radius:45px;border-bottom-left-radius:45px;border-bottom-right-radius:45px;aspect-ratio:1;object-fit:cover\"\/><\/figure>\n\n\n\n<div class=\"wp-block-group maillage__title has-base-2-color has-text-color has-link-color has-montserrat-font-family wp-elements-2fb333a41145f9664e40150f58ac8e69 is-content-justification-space-between is-nowrap is-layout-flex wp-container-core-group-is-layout-c52eadd5 wp-block-group-is-layout-flex\" style=\"margin-top:-8rem;padding-right:2rem;padding-bottom:2rem;padding-left:2rem;font-size:clamp(0.912rem, 0.912rem + ((1vw - 0.2rem) * 0.763), 1.37rem);font-style:normal;font-weight:700;line-height:1;text-transform:uppercase\">\n<p class=\"has-base-color has-text-color has-link-color wp-elements-540a599245d35c3ea90b390e74367648\">The swimming pool<\/p>\n<\/div>\n\n\n<a style=\"border-radius:10px;\" class=\"is-style-lien-cover wp-block-read-more\" href=\"https:\/\/www.la-campiere.com\/en\/camping-heated-swimming-pool-saint-georges-d-oleron\/\" target=\"_self\">Read more<span class=\"screen-reader-text\">: The swimming pool<\/span><\/a>\n<\/li><\/ul><\/div>\n<\/div>\n","protected":false},"excerpt":{"rendered":"<p>Eco-responsible camping on the Ile d&#8217;Ol\u00e9ron The 4-star La Campi\u00e8re campsite is located in a remarkable natural area in Saint-Georges-d&#8217;Ol\u00e9ron. Inspired by this natural setting, it&#8217;s only natural that we adopt an eco-responsible approach, practicing behaviors that respect our environment. Our commitments For many years, the campsite on the Ile d&#8217;Ol\u00e9ron has been committed to [&hellip;]<\/p>\n","protected":false},"author":1,"featured_media":2733,"parent":0,"menu_order":0,"comment_status":"closed","ping_status":"closed","template":"","meta":{"_seopress_robots_primary_cat":"","_seopress_titles_title":"Eco-friendly campsite Saint-Georges-d'Ol\u00e9ron, on the Ile d'Ol\u00e9ron","_seopress_titles_desc":"Discover our eco-friendly campsite in Saint-Georges-d'Ol\u00e9ron and enjoy a unique stay in harmony with nature. Book your green experience now. ","_seopress_robots_index":"","_gt_ctv_global_id":"","_gt_ctv_id_group":false,"inline_featured_image":false,"gt_fse_maillage_image":"https:\/\/www.la-campiere.com\/wp-content\/uploads\/2025\/12\/actions-en-faveur-de-lenvironnement-camping-la-campiere.jpg","gt_fse_maillage_titre":"Eco-responsible commitment","gt_fse_maillage_alt":"actions-en-faveur-de-lenvironnement-camping-la-campiere","gt_fse_maillage_resume":"","footnotes":""},"categories":[],"tags":[],"class_list":["post-4289","page","type-page","status-publish","has-post-thumbnail","hentry"],"_links":{"self":[{"href":"https:\/\/www.la-campiere.com\/en\/wp-json\/wp\/v2\/pages\/4289","targetHints":{"allow":["GET"]}}],"collection":[{"href":"https:\/\/www.la-campiere.com\/en\/wp-json\/wp\/v2\/pages"}],"about":[{"href":"https:\/\/www.la-campiere.com\/en\/wp-json\/wp\/v2\/types\/page"}],"author":[{"embeddable":true,"href":"https:\/\/www.la-campiere.com\/en\/wp-json\/wp\/v2\/users\/1"}],"replies":[{"embeddable":true,"href":"https:\/\/www.la-campiere.com\/en\/wp-json\/wp\/v2\/comments?post=4289"}],"version-history":[{"count":5,"href":"https:\/\/www.la-campiere.com\/en\/wp-json\/wp\/v2\/pages\/4289\/revisions"}],"predecessor-version":[{"id":4319,"href":"https:\/\/www.la-campiere.com\/en\/wp-json\/wp\/v2\/pages\/4289\/revisions\/4319"}],"wp:featuredmedia":[{"embeddable":true,"href":"https:\/\/www.la-campiere.com\/en\/wp-json\/wp\/v2\/media\/2733"}],"wp:attachment":[{"href":"https:\/\/www.la-campiere.com\/en\/wp-json\/wp\/v2\/media?parent=4289"}],"wp:term":[{"taxonomy":"category","embeddable":true,"href":"https:\/\/www.la-campiere.com\/en\/wp-json\/wp\/v2\/categories?post=4289"},{"taxonomy":"post_tag","embeddable":true,"href":"https:\/\/www.la-campiere.com\/en\/wp-json\/wp\/v2\/tags?post=4289"}],"curies":[{"name":"wp","href":"https:\/\/api.w.org\/{rel}","templated":true}]}}